{"id":136763,"date":"2024-04-10T12:56:03","date_gmt":"2024-04-10T10:56:03","guid":{"rendered":"https:\/\/adamohammock.com\/?page_id=136763"},"modified":"2024-10-18T08:52:50","modified_gmt":"2024-10-18T06:52:50","slug":"sale","status":"publish","type":"page","link":"https:\/\/adamohammock.com\/en\/adamo-categories\/all-products\/sale\/","title":{"rendered":"Sale"},"content":{"rendered":"<div class=\"wpb-content-wrapper\"><p>[vc_row row_height_percent=&#8221;45&#8243; override_padding=&#8221;yes&#8221; h_padding=&#8221;0&#8243; top_padding=&#8221;3&#8243; bottom_padding=&#8221;3&#8243; back_color=&#8221;accent&#8221; back_image=&#8221;134192&#8243; back_position=&#8221;center center&#8221; overlay_color=&#8221;color-265817&#8243; overlay_alpha=&#8221;30&#8243; equal_height=&#8221;yes&#8221; gutter_size=&#8221;4&#8243; column_width_percent=&#8221;100&#8243; shift_y=&#8221;0&#8243; z_index=&#8221;0&#8243; uncode_shortcode_id=&#8221;723916&#8243; back_color_type=&#8221;uncode-palette&#8221; overlay_color_type=&#8221;uncode-palette&#8221;][vc_column column_width_percent=&#8221;100&#8243; position_vertical=&#8221;middle&#8221; gutter_size=&#8221;3&#8243; override_padding=&#8221;yes&#8221; column_padding=&#8221;2&#8243; style=&#8221;dark&#8221; overlay_alpha=&#8221;50&#8243; shift_x=&#8221;0&#8243; shift_y=&#8221;0&#8243; shift_y_down=&#8221;0&#8243; z_index=&#8221;0&#8243; medium_width=&#8221;0&#8243; mobile_width=&#8221;0&#8243; width=&#8221;1\/1&#8243; uncode_shortcode_id=&#8221;175511&#8243;][vc_row_inner][vc_column_inner column_width_percent=&#8221;100&#8243; position_vertical=&#8221;middle&#8221; gutter_size=&#8221;3&#8243; style=&#8221;dark&#8221; overlay_alpha=&#8221;50&#8243; shift_x=&#8221;0&#8243; shift_y=&#8221;0&#8243; shift_y_down=&#8221;0&#8243; z_index=&#8221;0&#8243; medium_width=&#8221;0&#8243; mobile_width=&#8221;0&#8243; width=&#8221;1\/2&#8243; uncode_shortcode_id=&#8221;559909&#8243;][vc_custom_heading heading_semantic=&#8221;h3&#8243; text_font=&#8221;font-125595&#8243; text_size=&#8221;h1&#8243; text_transform=&#8221;uppercase&#8221; uncode_shortcode_id=&#8221;159697&#8243;]Sale[\/vc_custom_heading][\/vc_column_inner][vc_column_inner width=&#8221;1\/2&#8243;][\/vc_column_inner][\/vc_row_inner][\/vc_column][\/vc_row][vc_row unlock_row_content=&#8221;yes&#8221; row_height_percent=&#8221;0&#8243; override_padding=&#8221;yes&#8221; h_padding=&#8221;5&#8243; top_padding=&#8221;2&#8243; bottom_padding=&#8221;3&#8243; overlay_alpha=&#8221;50&#8243; gutter_size=&#8221;3&#8243; column_width_percent=&#8221;100&#8243; shift_y=&#8221;0&#8243; z_index=&#8221;0&#8243; uncode_shortcode_id=&#8221;197741&#8243;][vc_column column_width_percent=&#8221;100&#8243; position_vertical=&#8221;middle&#8221; align_horizontal=&#8221;align_center&#8221; gutter_size=&#8221;3&#8243; overlay_alpha=&#8221;50&#8243; shift_x=&#8221;0&#8243; shift_y=&#8221;0&#8243; shift_y_down=&#8221;0&#8243; z_index=&#8221;0&#8243; medium_width=&#8221;0&#8243; mobile_width=&#8221;0&#8243; width=&#8221;1\/1&#8243; uncode_shortcode_id=&#8221;164983&#8243;][uncode_index el_id=&#8221;index-145375&#8243; loop=&#8221;size:all|order_by:title|order:ASC|post_type:product|tax_query:1608|taxonomy_count:10&#8243; auto_query=&#8221;yes&#8221; screen_lg=&#8221;1000&#8243; screen_md=&#8221;600&#8243; screen_sm=&#8221;480&#8243; filtering=&#8221;ajax&#8221; ajax_filters_content_block_id=&#8221;134896&#8243; filters_widgets=&#8221;closed&#8221; gutter_size_ajax_filters=&#8221;4&#8243; column_size_ajax_filters=&#8221;2&#8243; filter_typography=&#8221;inherit&#8221; active_filters=&#8221;left&#8221; clear_all=&#8221;show&#8221; show_woo_sorting_ajax=&#8221;right&#8221; gutter_size=&#8221;2&#8243; product_items=&#8221;media|featured|onpost|original|show-sale|enhanced-atc|inherit-w-atc|atc-typo-default|show-atc,title,price|default,spacer|half,attribute_image|null|border_yes|no_link&#8221; pagination=&#8221;yes&#8221; footer_full_width=&#8221;yes&#8221; pagination_typography=&#8221;inherit&#8221; images_size=&#8221;three-two&#8221; single_shape=&#8221;round&#8221; single_overlay_opacity=&#8221;50&#8243; single_overlay_anim=&#8221;no&#8221; single_text_visible=&#8221;yes&#8221; single_text_anim=&#8221;no&#8221; single_image_anim=&#8221;no&#8221; single_h_align=&#8221;center&#8221; single_padding=&#8221;2&#8243; single_thumb_hover=&#8221;yes&#8221; single_title_dimension=&#8221;h6&#8243; single_border=&#8221;yes&#8221; custom_order=&#8221;yes&#8221; no_double_tap=&#8221;yes&#8221; woo_single_variations_hide_parent=&#8221;yes&#8221; pagination_per_page=&#8221;20&#8243; hide_woo_sorting_icon_ajax=&#8221;yes&#8221; uncode_shortcode_id=&#8221;278915&#8243; max_w_ajax_filters=&#8221;600&#8243; min_w_ajax_filters=&#8221;380&#8243; order_ids=&#8221;131450,130673,131514,131274,131542,131552,131566,131577,131611,131632,131642,131654,131670,131701,131715,131730,131740,131765,131752,131795,131899,131890,131877,131854,131820&#8243; filter_toggle_hide_text=&#8221;Sz\u0171r\u0151 elrejt\u00e9se&#8221; filter_toggle_show_text=&#8221;Sz\u0171r\u0151&#8221; woo_sorting_default_text_ajax=&#8221;Alap\u00e9rtelmezett rendez\u00e9s&#8221;][\/vc_column][\/vc_row]<\/p>\n<\/div>","protected":false},"excerpt":{"rendered":"<p>[vc_row row_height_percent=&#8221;45&#8243; override_padding=&#8221;yes&#8221; h_padding=&#8221;0&#8243; top_padding=&#8221;3&#8243; bottom_padding=&#8221;3&#8243; back_color=&#8221;accent&#8221; back_image=&#8221;134192&#8243; back_position=&#8221;center center&#8221; overlay_color=&#8221;color-265817&#8243; overlay_alpha=&#8221;30&#8243; equal_height=&#8221;yes&#8221; gutter_size=&#8221;4&#8243; column_width_percent=&#8221;100&#8243; shift_y=&#8221;0&#8243; z_index=&#8221;0&#8243; uncode_shortcode_id=&#8221;723916&#8243; back_color_type=&#8221;uncode-palette&#8221; overlay_color_type=&#8221;uncode-palette&#8221;][vc_column [&hellip;]<\/p>\n","protected":false},"author":1,"featured_media":139797,"parent":136734,"menu_order":0,"comment_status":"closed","ping_status":"closed","template":"","meta":{"footnotes":""},"class_list":["post-136763","page","type-page","status-publish","has-post-thumbnail","hentry"],"yoast_head":"<!-- This site is optimized with the Yoast SEO plugin v27.3 - https:\/\/yoast.com\/product\/yoast-seo-wordpress\/ -->\n<title>Sale - ADAMO Hammock<\/title>\n<meta name=\"robots\" content=\"index, follow, max-snippet:-1, max-image-preview:large, max-video-preview:-1\" \/>\n<link rel=\"canonical\" href=\"https:\/\/adamohammock.com\/adamo-kategoriak\/adamo-shop\/sale\/\" \/>\n<meta property=\"og:locale\" content=\"en_US\" \/>\n<meta property=\"og:type\" content=\"article\" \/>\n<meta property=\"og:title\" content=\"Sale - ADAMO Hammock\" \/>\n<meta property=\"og:description\" content=\"[vc_row row_height_percent=&#8221;45&#8243; override_padding=&#8221;yes&#8221; h_padding=&#8221;0&#8243; top_padding=&#8221;3&#8243; bottom_padding=&#8221;3&#8243; back_color=&#8221;accent&#8221; back_image=&#8221;134192&#8243; back_position=&#8221;center center&#8221; overlay_color=&#8221;color-265817&#8243; overlay_alpha=&#8221;30&#8243; equal_height=&#8221;yes&#8221; gutter_size=&#8221;4&#8243; column_width_percent=&#8221;100&#8243; shift_y=&#8221;0&#8243; z_index=&#8221;0&#8243; uncode_shortcode_id=&#8221;723916&#8243; back_color_type=&#8221;uncode-palette&#8221; overlay_color_type=&#8221;uncode-palette&#8221;][vc_column [&hellip;]\" \/>\n<meta property=\"og:url\" content=\"https:\/\/adamohammock.com\/adamo-kategoriak\/adamo-shop\/sale\/\" \/>\n<meta property=\"og:site_name\" content=\"ADAMO Hammock\" \/>\n<meta property=\"article:modified_time\" content=\"2024-10-18T06:52:50+00:00\" \/>\n<meta property=\"og:image\" content=\"https:\/\/adamohammock.com\/wp-content\/uploads\/2024\/03\/adamo-shop-cover-scaled.jpg\" \/>\n\t<meta property=\"og:image:width\" content=\"2560\" \/>\n\t<meta property=\"og:image:height\" content=\"1707\" \/>\n\t<meta property=\"og:image:type\" content=\"image\/jpeg\" \/>\n<meta name=\"twitter:card\" content=\"summary_large_image\" \/>\n<meta name=\"twitter:label1\" content=\"Est. reading time\" \/>\n\t<meta name=\"twitter:data1\" content=\"1 minute\" \/>\n<script type=\"application\/ld+json\" class=\"yoast-schema-graph\">{\"@context\":\"https:\\\/\\\/schema.org\",\"@graph\":[{\"@type\":\"WebPage\",\"@id\":\"https:\\\/\\\/adamohammock.com\\\/adamo-kategoriak\\\/adamo-shop\\\/sale\\\/\",\"url\":\"https:\\\/\\\/adamohammock.com\\\/adamo-kategoriak\\\/adamo-shop\\\/sale\\\/\",\"name\":\"Sale - ADAMO Hammock\",\"isPartOf\":{\"@id\":\"https:\\\/\\\/adamohammock.com\\\/#website\"},\"primaryImageOfPage\":{\"@id\":\"https:\\\/\\\/adamohammock.com\\\/adamo-kategoriak\\\/adamo-shop\\\/sale\\\/#primaryimage\"},\"image\":{\"@id\":\"https:\\\/\\\/adamohammock.com\\\/adamo-kategoriak\\\/adamo-shop\\\/sale\\\/#primaryimage\"},\"thumbnailUrl\":\"https:\\\/\\\/adamohammock.com\\\/wp-content\\\/uploads\\\/2024\\\/03\\\/adamo-shop-cover-scaled.jpg\",\"datePublished\":\"2024-04-10T10:56:03+00:00\",\"dateModified\":\"2024-10-18T06:52:50+00:00\",\"breadcrumb\":{\"@id\":\"https:\\\/\\\/adamohammock.com\\\/adamo-kategoriak\\\/adamo-shop\\\/sale\\\/#breadcrumb\"},\"inLanguage\":\"en-US\",\"potentialAction\":[{\"@type\":\"ReadAction\",\"target\":[\"https:\\\/\\\/adamohammock.com\\\/adamo-kategoriak\\\/adamo-shop\\\/sale\\\/\"]}]},{\"@type\":\"ImageObject\",\"inLanguage\":\"en-US\",\"@id\":\"https:\\\/\\\/adamohammock.com\\\/adamo-kategoriak\\\/adamo-shop\\\/sale\\\/#primaryimage\",\"url\":\"https:\\\/\\\/adamohammock.com\\\/wp-content\\\/uploads\\\/2024\\\/03\\\/adamo-shop-cover-scaled.jpg\",\"contentUrl\":\"https:\\\/\\\/adamohammock.com\\\/wp-content\\\/uploads\\\/2024\\\/03\\\/adamo-shop-cover-scaled.jpg\",\"width\":2560,\"height\":1707},{\"@type\":\"BreadcrumbList\",\"@id\":\"https:\\\/\\\/adamohammock.com\\\/adamo-kategoriak\\\/adamo-shop\\\/sale\\\/#breadcrumb\",\"itemListElement\":[{\"@type\":\"ListItem\",\"position\":1,\"name\":\"Home\",\"item\":\"https:\\\/\\\/adamohammock.com\\\/en\\\/homepage\\\/\"},{\"@type\":\"ListItem\",\"position\":2,\"name\":\"Adamo categories\",\"item\":\"https:\\\/\\\/adamohammock.com\\\/en\\\/adamo-categories\\\/\"},{\"@type\":\"ListItem\",\"position\":3,\"name\":\"All products\",\"item\":\"https:\\\/\\\/adamohammock.com\\\/adamo-kategoriak\\\/adamo-shop\\\/\"},{\"@type\":\"ListItem\",\"position\":4,\"name\":\"Sale\"}]},{\"@type\":\"WebSite\",\"@id\":\"https:\\\/\\\/adamohammock.com\\\/#website\",\"url\":\"https:\\\/\\\/adamohammock.com\\\/\",\"name\":\"ADAMO Hammock\",\"description\":\"Az eredeti ADAMO babahinta - Hivatalos webshop\",\"potentialAction\":[{\"@type\":\"SearchAction\",\"target\":{\"@type\":\"EntryPoint\",\"urlTemplate\":\"https:\\\/\\\/adamohammock.com\\\/?s={search_term_string}\"},\"query-input\":{\"@type\":\"PropertyValueSpecification\",\"valueRequired\":true,\"valueName\":\"search_term_string\"}}],\"inLanguage\":\"en-US\"}]}<\/script>\n<!-- \/ Yoast SEO plugin. -->","yoast_head_json":{"title":"Sale - ADAMO Hammock","robots":{"index":"index","follow":"follow","max-snippet":"max-snippet:-1","max-image-preview":"max-image-preview:large","max-video-preview":"max-video-preview:-1"},"canonical":"https:\/\/adamohammock.com\/adamo-kategoriak\/adamo-shop\/sale\/","og_locale":"en_US","og_type":"article","og_title":"Sale - ADAMO Hammock","og_description":"[vc_row row_height_percent=&#8221;45&#8243; override_padding=&#8221;yes&#8221; h_padding=&#8221;0&#8243; top_padding=&#8221;3&#8243; bottom_padding=&#8221;3&#8243; back_color=&#8221;accent&#8221; back_image=&#8221;134192&#8243; back_position=&#8221;center center&#8221; overlay_color=&#8221;color-265817&#8243; overlay_alpha=&#8221;30&#8243; equal_height=&#8221;yes&#8221; gutter_size=&#8221;4&#8243; column_width_percent=&#8221;100&#8243; shift_y=&#8221;0&#8243; z_index=&#8221;0&#8243; uncode_shortcode_id=&#8221;723916&#8243; back_color_type=&#8221;uncode-palette&#8221; overlay_color_type=&#8221;uncode-palette&#8221;][vc_column [&hellip;]","og_url":"https:\/\/adamohammock.com\/adamo-kategoriak\/adamo-shop\/sale\/","og_site_name":"ADAMO Hammock","article_modified_time":"2024-10-18T06:52:50+00:00","og_image":[{"width":2560,"height":1707,"url":"https:\/\/adamohammock.com\/wp-content\/uploads\/2024\/03\/adamo-shop-cover-scaled.jpg","type":"image\/jpeg"}],"twitter_card":"summary_large_image","twitter_misc":{"Est. reading time":"1 minute"},"schema":{"@context":"https:\/\/schema.org","@graph":[{"@type":"WebPage","@id":"https:\/\/adamohammock.com\/adamo-kategoriak\/adamo-shop\/sale\/","url":"https:\/\/adamohammock.com\/adamo-kategoriak\/adamo-shop\/sale\/","name":"Sale - ADAMO Hammock","isPartOf":{"@id":"https:\/\/adamohammock.com\/#website"},"primaryImageOfPage":{"@id":"https:\/\/adamohammock.com\/adamo-kategoriak\/adamo-shop\/sale\/#primaryimage"},"image":{"@id":"https:\/\/adamohammock.com\/adamo-kategoriak\/adamo-shop\/sale\/#primaryimage"},"thumbnailUrl":"https:\/\/adamohammock.com\/wp-content\/uploads\/2024\/03\/adamo-shop-cover-scaled.jpg","datePublished":"2024-04-10T10:56:03+00:00","dateModified":"2024-10-18T06:52:50+00:00","breadcrumb":{"@id":"https:\/\/adamohammock.com\/adamo-kategoriak\/adamo-shop\/sale\/#breadcrumb"},"inLanguage":"en-US","potentialAction":[{"@type":"ReadAction","target":["https:\/\/adamohammock.com\/adamo-kategoriak\/adamo-shop\/sale\/"]}]},{"@type":"ImageObject","inLanguage":"en-US","@id":"https:\/\/adamohammock.com\/adamo-kategoriak\/adamo-shop\/sale\/#primaryimage","url":"https:\/\/adamohammock.com\/wp-content\/uploads\/2024\/03\/adamo-shop-cover-scaled.jpg","contentUrl":"https:\/\/adamohammock.com\/wp-content\/uploads\/2024\/03\/adamo-shop-cover-scaled.jpg","width":2560,"height":1707},{"@type":"BreadcrumbList","@id":"https:\/\/adamohammock.com\/adamo-kategoriak\/adamo-shop\/sale\/#breadcrumb","itemListElement":[{"@type":"ListItem","position":1,"name":"Home","item":"https:\/\/adamohammock.com\/en\/homepage\/"},{"@type":"ListItem","position":2,"name":"Adamo categories","item":"https:\/\/adamohammock.com\/en\/adamo-categories\/"},{"@type":"ListItem","position":3,"name":"All products","item":"https:\/\/adamohammock.com\/adamo-kategoriak\/adamo-shop\/"},{"@type":"ListItem","position":4,"name":"Sale"}]},{"@type":"WebSite","@id":"https:\/\/adamohammock.com\/#website","url":"https:\/\/adamohammock.com\/","name":"ADAMO Hammock","description":"Az eredeti ADAMO babahinta - Hivatalos webshop","potentialAction":[{"@type":"SearchAction","target":{"@type":"EntryPoint","urlTemplate":"https:\/\/adamohammock.com\/?s={search_term_string}"},"query-input":{"@type":"PropertyValueSpecification","valueRequired":true,"valueName":"search_term_string"}}],"inLanguage":"en-US"}]}},"_links":{"self":[{"href":"https:\/\/adamohammock.com\/en\/wp-json\/wp\/v2\/pages\/136763","targetHints":{"allow":["GET"]}}],"collection":[{"href":"https:\/\/adamohammock.com\/en\/wp-json\/wp\/v2\/pages"}],"about":[{"href":"https:\/\/adamohammock.com\/en\/wp-json\/wp\/v2\/types\/page"}],"author":[{"embeddable":true,"href":"https:\/\/adamohammock.com\/en\/wp-json\/wp\/v2\/users\/1"}],"replies":[{"embeddable":true,"href":"https:\/\/adamohammock.com\/en\/wp-json\/wp\/v2\/comments?post=136763"}],"version-history":[{"count":0,"href":"https:\/\/adamohammock.com\/en\/wp-json\/wp\/v2\/pages\/136763\/revisions"}],"up":[{"embeddable":true,"href":"https:\/\/adamohammock.com\/en\/wp-json\/wp\/v2\/pages\/136734"}],"wp:featuredmedia":[{"embeddable":true,"href":"https:\/\/adamohammock.com\/en\/wp-json\/wp\/v2\/media\/139797"}],"wp:attachment":[{"href":"https:\/\/adamohammock.com\/en\/wp-json\/wp\/v2\/media?parent=136763"}],"curies":[{"name":"wp","href":"https:\/\/api.w.org\/{rel}","templated":true}]}}