{"id":136827,"date":"2024-03-14T16:00:49","date_gmt":"2024-03-14T15:00:49","guid":{"rendered":"https:\/\/adamohammock.com\/?page_id=136827"},"modified":"2024-10-18T09:18:44","modified_gmt":"2024-10-18T07:18:44","slug":"delivery","status":"publish","type":"page","link":"https:\/\/adamohammock.com\/en\/delivery\/","title":{"rendered":"Delivery"},"content":{"rendered":"<div class=\"wpb-content-wrapper\"><p>[vc_row row_height_percent=&#8221;0&#8243; override_padding=&#8221;yes&#8221; h_padding=&#8221;2&#8243; top_padding=&#8221;2&#8243; bottom_padding=&#8221;2&#8243; overlay_alpha=&#8221;50&#8243; gutter_size=&#8221;3&#8243; column_width_percent=&#8221;100&#8243; shift_y=&#8221;0&#8243; z_index=&#8221;0&#8243; row_name=&#8221;Events&#8221; uncode_shortcode_id=&#8221;198781&#8243;][vc_column column_width_use_pixel=&#8221;yes&#8221; gutter_size=&#8221;3&#8243; overlay_alpha=&#8221;50&#8243; shift_x=&#8221;0&#8243; shift_y=&#8221;0&#8243; shift_y_down=&#8221;0&#8243; z_index=&#8221;0&#8243; medium_width=&#8221;0&#8243; mobile_width=&#8221;0&#8243; width=&#8221;1\/1&#8243; uncode_shortcode_id=&#8221;558859&#8243; column_width_pixel=&#8221;800&#8243;][vc_row_inner][vc_column_inner column_width_use_pixel=&#8221;yes&#8221; align_horizontal=&#8221;align_center&#8221; gutter_size=&#8221;3&#8243; overlay_alpha=&#8221;50&#8243; shift_x=&#8221;0&#8243; shift_y=&#8221;0&#8243; shift_y_down=&#8221;0&#8243; z_index=&#8221;0&#8243; medium_width=&#8221;0&#8243; mobile_width=&#8221;0&#8243; width=&#8221;1\/1&#8243; column_width_pixel=&#8221;700&#8243;][vc_custom_heading heading_semantic=&#8221;h3&#8243; text_size=&#8221;h1&#8243; text_transform=&#8221;uppercase&#8221; sub_lead=&#8221;yes&#8221; uncode_shortcode_id=&#8221;165442&#8243;]Delivery informations[\/vc_custom_heading][\/vc_column_inner][\/vc_row_inner][\/vc_column][\/vc_row][vc_row row_height_percent=&#8221;0&#8243; override_padding=&#8221;yes&#8221; h_padding=&#8221;2&#8243; top_padding=&#8221;2&#8243; bottom_padding=&#8221;2&#8243; overlay_alpha=&#8221;50&#8243; gutter_size=&#8221;3&#8243; column_width_percent=&#8221;100&#8243; shift_y=&#8221;0&#8243; z_index=&#8221;0&#8243; row_name=&#8221;Events&#8221; uncode_shortcode_id=&#8221;198781&#8243;][vc_column column_width_use_pixel=&#8221;yes&#8221; gutter_size=&#8221;3&#8243; overlay_alpha=&#8221;50&#8243; shift_x=&#8221;0&#8243; shift_y=&#8221;0&#8243; shift_y_down=&#8221;0&#8243; z_index=&#8221;0&#8243; medium_width=&#8221;0&#8243; mobile_width=&#8221;0&#8243; width=&#8221;1\/1&#8243; uncode_shortcode_id=&#8221;558859&#8243; column_width_pixel=&#8221;800&#8243;][vc_row_inner row_inner_height_percent=&#8221;0&#8243; overlay_alpha=&#8221;50&#8243; gutter_size=&#8221;3&#8243; shift_y=&#8221;0&#8243; z_index=&#8221;0&#8243; uncode_shortcode_id=&#8221;193449&#8243;][vc_column_inner column_width_use_pixel=&#8221;yes&#8221; align_horizontal=&#8221;align_center&#8221; gutter_size=&#8221;3&#8243; overlay_alpha=&#8221;50&#8243; shift_x=&#8221;0&#8243; shift_y=&#8221;0&#8243; shift_y_down=&#8221;0&#8243; z_index=&#8221;0&#8243; medium_width=&#8221;0&#8243; mobile_width=&#8221;0&#8243; width=&#8221;1\/4&#8243; column_width_pixel=&#8221;700&#8243;][vc_single_image media=&#8221;136629&#8243; media_width_percent=&#8221;50&#8243; uncode_shortcode_id=&#8221;168850&#8243;][\/vc_column_inner][vc_column_inner column_width_percent=&#8221;100&#8243; position_horizontal=&#8221;left&#8221; gutter_size=&#8221;3&#8243; overlay_alpha=&#8221;50&#8243; shift_x=&#8221;0&#8243; shift_y=&#8221;0&#8243; shift_y_down=&#8221;0&#8243; z_index=&#8221;0&#8243; medium_width=&#8221;0&#8243; mobile_width=&#8221;0&#8243; width=&#8221;3\/4&#8243; uncode_shortcode_id=&#8221;931456&#8243;][vc_column_text uncode_shortcode_id=&#8221;769747&#8243;]<\/p>\n<h3>DPD h\u00e1zhozsz\u00e1ll\u00edt\u00e1s<\/h3>\n<p style=\"font-weight: 400;\">Megrendel\u00e9sedet a DPD fut\u00e1rszolg\u00e1lat k\u00f6zrem\u0171k\u00f6d\u00e9s\u00e9vel az \u00e1ltalad megadott c\u00edmre direkt h\u00e1zhozsz\u00e1ll\u00edt\u00e1ssal teljes\u00edts\u00fck. A norm\u00e1l sz\u00e1ll\u00edt\u00e1si id\u0151 1-2 munkanap, ez \u00fcnnepi id\u0151szakban 5-10 napra is megn\u00f6vekedhet. <\/p>\n<p>A k\u00f6vetkez\u0151 term\u00e9kek kiz\u00e1r\u00f3lag ezzel a sz\u00e1ll\u00edt\u00e1si m\u00f3ddal k\u00e9rhet\u0151ek:<\/p>\n<ul>\n<li>Babahinta \u00e1llv\u00e1ny<\/li>\n<li>Babahinta relax extra csomag<\/li>\n<li>LUX babahinta relax csomag<\/li>\n<\/ul>\n<p style=\"font-weight: 400;\">Tov\u00e1bbi k\u00f6lts\u00e9gek a sz\u00e1ll\u00edt\u00e1si d\u00edjon fel\u00fcl:<br \/>\nUt\u00e1nv\u00e9t d\u00edja: 500,- Ft<\/p>\n<p style=\"font-weight: 400;\">B\u0151vebb inform\u00e1ci\u00f3: <a href=\"https:\/\/www.dpd.com\/hu_privatugyfelek\" target=\"_blank\" rel=\"noopener\">https:\/\/www.dpd.com\/hu_privatugyfelek<\/a><\/p>\n<p>[\/vc_column_text][uncode_list icon=&#8221;fa fa-truck&#8221; uncode_shortcode_id=&#8221;441168&#8243;]<\/p>\n<ul>\n<li>0 &#8211; 3 kg &#8211; 1900 Ft<\/li>\n<li>3,01 &#8211; 5 kg &#8211; 2390 Ft<\/li>\n<li>5,01 &#8211; 10 kg &#8211; 2990 Ft<\/li>\n<li>10,01 &#8211; 20 kg &#8211; 4490 Ft<\/li>\n<\/ul>\n<p>[\/uncode_list][\/vc_column_inner][\/vc_row_inner][vc_row_inner row_inner_height_percent=&#8221;0&#8243; overlay_alpha=&#8221;50&#8243; gutter_size=&#8221;3&#8243; shift_y=&#8221;0&#8243; z_index=&#8221;0&#8243; uncode_shortcode_id=&#8221;193449&#8243;][vc_column_inner column_width_use_pixel=&#8221;yes&#8221; align_horizontal=&#8221;align_center&#8221; gutter_size=&#8221;3&#8243; overlay_alpha=&#8221;50&#8243; shift_x=&#8221;0&#8243; shift_y=&#8221;0&#8243; shift_y_down=&#8221;0&#8243; z_index=&#8221;0&#8243; medium_width=&#8221;0&#8243; mobile_width=&#8221;0&#8243; width=&#8221;1\/4&#8243; column_width_pixel=&#8221;700&#8243;][vc_single_image media=&#8221;136631&#8243; media_width_percent=&#8221;50&#8243; uncode_shortcode_id=&#8221;555596&#8243;][\/vc_column_inner][vc_column_inner column_width_percent=&#8221;100&#8243; position_horizontal=&#8221;left&#8221; gutter_size=&#8221;3&#8243; overlay_alpha=&#8221;50&#8243; shift_x=&#8221;0&#8243; shift_y=&#8221;0&#8243; shift_y_down=&#8221;0&#8243; z_index=&#8221;0&#8243; medium_width=&#8221;0&#8243; mobile_width=&#8221;0&#8243; width=&#8221;3\/4&#8243; uncode_shortcode_id=&#8221;931456&#8243;][vc_column_text uncode_shortcode_id=&#8221;762087&#8243;]<\/p>\n<h3>DPD csomagpont<\/h3>\n<p style=\"font-weight: 400;\">Megrendel\u00e9sedet a DPD fut\u00e1rszolg\u00e1lat k\u00f6zrem\u0171k\u00f6d\u00e9s\u00e9vel az \u00e1ltalad megadott DPD Csomagpontra teljes\u00edtj\u00fck.<\/p>\n<p style=\"font-weight: 400;\">A norm\u00e1l sz\u00e1ll\u00edt\u00e1si id\u0151 3-4 munkanap, ez \u00fcnnepi id\u0151szakban 5-10 napra is megn\u00f6vekedhet.<\/p>\n<p>Alza box v\u00e1laszt\u00e1sa eset\u00e9n a hint\u00e1k \u00e9s a babahinta \u00e1llv\u00e1ny nem nem kompatibilisek ezzel a sz\u00e1ll\u00edt\u00e1si m\u00f3ddal. Tov\u00e1bbi k\u00f6lts\u00e9gek a sz\u00e1ll\u00edt\u00e1si d\u00edjon fel\u00fcl:<br \/>\nUt\u00e1nv\u00e9t d\u00edja: 500,- Ft<\/p>\n<p>[\/vc_column_text][uncode_list icon=&#8221;fa fa-truck&#8221; uncode_shortcode_id=&#8221;192810&#8243;]<\/p>\n<ul>\n<li>0-3 kg &#8211; 1790 Ft<\/li>\n<li>3,01 &#8211; 5 kg &#8211; 2190 Ft<\/li>\n<li>5,01 &#8211; 10 kg &#8211; 2990 Ft<\/li>\n<li>10,01- 20 kg &#8211; 3900 Ft<\/li>\n<\/ul>\n<p>[\/uncode_list][\/vc_column_inner][\/vc_row_inner][vc_row_inner row_inner_height_percent=&#8221;0&#8243; overlay_alpha=&#8221;50&#8243; gutter_size=&#8221;3&#8243; shift_y=&#8221;0&#8243; z_index=&#8221;0&#8243; uncode_shortcode_id=&#8221;193449&#8243;][vc_column_inner column_width_use_pixel=&#8221;yes&#8221; align_horizontal=&#8221;align_center&#8221; gutter_size=&#8221;3&#8243; overlay_alpha=&#8221;50&#8243; shift_x=&#8221;0&#8243; shift_y=&#8221;0&#8243; shift_y_down=&#8221;0&#8243; z_index=&#8221;0&#8243; medium_width=&#8221;0&#8243; mobile_width=&#8221;0&#8243; width=&#8221;1\/4&#8243; column_width_pixel=&#8221;700&#8243;][vc_single_image media=&#8221;134737&#8243; media_width_percent=&#8221;50&#8243; uncode_shortcode_id=&#8221;869508&#8243;][\/vc_column_inner][vc_column_inner column_width_percent=&#8221;100&#8243; position_horizontal=&#8221;left&#8221; gutter_size=&#8221;3&#8243; overlay_alpha=&#8221;50&#8243; shift_x=&#8221;0&#8243; shift_y=&#8221;0&#8243; shift_y_down=&#8221;0&#8243; z_index=&#8221;0&#8243; medium_width=&#8221;0&#8243; mobile_width=&#8221;0&#8243; width=&#8221;3\/4&#8243; uncode_shortcode_id=&#8221;931456&#8243;][vc_column_text uncode_shortcode_id=&#8221;137798&#8243;]<\/p>\n<h3>GLS h\u00e1zhozsz\u00e1ll\u00edt\u00e1s<\/h3>\n<p style=\"font-weight: 400;\">Megrendel\u00e9sedet a GLS fut\u00e1rszolg\u00e1lat k\u00f6zrem\u0171k\u00f6d\u00e9s\u00e9vel sz\u00e1ll\u00edtjuk h\u00e1zhoz<\/p>\n<p style=\"font-weight: 400;\">A norm\u00e1l sz\u00e1ll\u00edt\u00e1si id\u0151 1-2 munkanap, ez \u00fcnnepi id\u0151szakban 5-10 napra is megn\u00f6vekedhet<\/p>\n<p style=\"font-weight: 400;\">B\u0151vebb inform\u00e1ci\u00f3t itt tal\u00e1l: <a href=\"https:\/\/gls-group.eu\/HU\/hu\/cimzetteknek-nyujtott-szolgaltatasok\" target=\"_blank\" rel=\"noopener\">https:\/\/gls-group.eu\/HU\/hu\/cimzetteknek-nyujtott-szolgaltatasok<\/a><\/p>\n<p>Tov\u00e1bbi k\u00f6lts\u00e9gek a sz\u00e1ll\u00edt\u00e1si d\u00edjon fel\u00fcl: Ut\u00e1nv\u00e9t d\u00edja: 700 Ft<\/p>\n<p>[\/vc_column_text][uncode_list icon=&#8221;fa fa-truck&#8221; uncode_shortcode_id=&#8221;623432&#8243;]<\/p>\n<ul>\n<li>0-3 kg &#8211; 2790 Ft<\/li>\n<li>3,01 &#8211; 5 kg &#8211; 3090 Ft<\/li>\n<li>5,01 &#8211; 10 kg &#8211; 3490 Ft<\/li>\n<li>10,01- 20 kg &#8211; 5090 Ft<\/li>\n<\/ul>\n<p>[\/uncode_list][\/vc_column_inner][\/vc_row_inner][vc_row_inner row_inner_height_percent=&#8221;0&#8243; overlay_alpha=&#8221;50&#8243; gutter_size=&#8221;3&#8243; shift_y=&#8221;0&#8243; z_index=&#8221;0&#8243; uncode_shortcode_id=&#8221;193449&#8243;][vc_column_inner column_width_use_pixel=&#8221;yes&#8221; align_horizontal=&#8221;align_center&#8221; gutter_size=&#8221;3&#8243; overlay_alpha=&#8221;50&#8243; shift_x=&#8221;0&#8243; shift_y=&#8221;0&#8243; shift_y_down=&#8221;0&#8243; z_index=&#8221;0&#8243; medium_width=&#8221;0&#8243; mobile_width=&#8221;0&#8243; width=&#8221;1\/4&#8243; column_width_pixel=&#8221;700&#8243;][vc_single_image media=&#8221;134737&#8243; media_width_percent=&#8221;50&#8243; uncode_shortcode_id=&#8221;869508&#8243;][\/vc_column_inner][vc_column_inner column_width_percent=&#8221;100&#8243; position_horizontal=&#8221;left&#8221; gutter_size=&#8221;3&#8243; overlay_alpha=&#8221;50&#8243; shift_x=&#8221;0&#8243; shift_y=&#8221;0&#8243; shift_y_down=&#8221;0&#8243; z_index=&#8221;0&#8243; medium_width=&#8221;0&#8243; mobile_width=&#8221;0&#8243; width=&#8221;3\/4&#8243; uncode_shortcode_id=&#8221;931456&#8243;][vc_column_text uncode_shortcode_id=&#8221;627304&#8243;]<\/p>\n<h3>GLS h\u00e1zhozsz\u00e1ll\u00edt\u00e1s el\u0151re utal\u00e1ssal<\/h3>\n<p style=\"font-weight: 400;\">Megrendel\u00e9sedet a GLS fut\u00e1rszolg\u00e1lat k\u00f6zrem\u0171k\u00f6d\u00e9s\u00e9vel sz\u00e1ll\u00edtjuk h\u00e1zhoz. Ez a sz\u00e1ll\u00edt\u00e1si m\u00f3d kiz\u00e1r\u00f3lag el\u0151re utal\u00e1sos fizet\u00e9si m\u00f3ddal v\u00e1laszthat\u00f3! <\/p>\n<p style=\"font-weight: 400;\">A norm\u00e1l sz\u00e1ll\u00edt\u00e1si id\u0151 1-2 munkanap, ez \u00fcnnepi id\u0151szakban 5-10 napra is megn\u00f6vekedhet<\/p>\n<p style=\"font-weight: 400;\">B\u0151vebb inform\u00e1ci\u00f3t itt tal\u00e1l: <a href=\"https:\/\/gls-group.eu\/HU\/hu\/cimzetteknek-nyujtott-szolgaltatasok\" target=\"_blank\" rel=\"noopener\">https:\/\/gls-group.eu\/HU\/hu\/cimzetteknek-nyujtott-szolgaltatasok<\/a><\/p>\n<p>&nbsp;<\/p>\n<p>[\/vc_column_text][uncode_list icon=&#8221;fa fa-truck&#8221; uncode_shortcode_id=&#8221;399173&#8243;]<\/p>\n<ul>\n<li>0-3 kg &#8211; 2190 Ft<\/li>\n<li>3,01 &#8211; 5 kg &#8211; 2290 Ft<\/li>\n<li>5,01 &#8211; 10 kg &#8211; 2490 Ft<\/li>\n<li>10,01- 20 kg &#8211; 3090 Ft<\/li>\n<\/ul>\n<p>[\/uncode_list][\/vc_column_inner][\/vc_row_inner][vc_row_inner row_inner_height_percent=&#8221;0&#8243; overlay_alpha=&#8221;50&#8243; gutter_size=&#8221;3&#8243; shift_y=&#8221;0&#8243; z_index=&#8221;0&#8243; uncode_shortcode_id=&#8221;193449&#8243;][vc_column_inner column_width_use_pixel=&#8221;yes&#8221; align_horizontal=&#8221;align_center&#8221; gutter_size=&#8221;3&#8243; overlay_alpha=&#8221;50&#8243; shift_x=&#8221;0&#8243; shift_y=&#8221;0&#8243; shift_y_down=&#8221;0&#8243; z_index=&#8221;0&#8243; medium_width=&#8221;0&#8243; mobile_width=&#8221;0&#8243; width=&#8221;1\/4&#8243; column_width_pixel=&#8221;700&#8243;][vc_single_image media=&#8221;135097&#8243; media_width_percent=&#8221;50&#8243; uncode_shortcode_id=&#8221;745575&#8243;][\/vc_column_inner][vc_column_inner column_width_percent=&#8221;100&#8243; position_horizontal=&#8221;left&#8221; gutter_size=&#8221;3&#8243; overlay_alpha=&#8221;50&#8243; shift_x=&#8221;0&#8243; shift_y=&#8221;0&#8243; shift_y_down=&#8221;0&#8243; z_index=&#8221;0&#8243; medium_width=&#8221;0&#8243; mobile_width=&#8221;0&#8243; width=&#8221;3\/4&#8243; uncode_shortcode_id=&#8221;931456&#8243;][vc_column_text uncode_shortcode_id=&#8221;172039&#8243;]<\/p>\n<h3>MPL h\u00e1zhozsz\u00e1ll\u00edt\u00e1s<\/h3>\n<p>MPL fut\u00e1rszolg\u00e1lat a Magyar Posta h\u00e1zhozsz\u00e1ll\u00edt\u00e1si szolg\u00e1ltat\u00e1sa. A norm\u00e1l sz\u00e1ll\u00edt\u00e1si id\u0151 2-5 nap, kiemelt id\u0151szakban ak\u00e1r 5-10 napra is n\u00f6vekedhet.[\/vc_column_text][uncode_list icon=&#8221;fa fa-truck&#8221; uncode_shortcode_id=&#8221;118736&#8243;]<\/p>\n<ul>\n<li>0 &#8211; 3 kg &#8211; 2190 Ft<\/li>\n<li>3,01 &#8211; 5 kg &#8211; 2690 Ft<\/li>\n<li>5,01 &#8211; 10 kg &#8211; 3 090 Ft<\/li>\n<li>10,01 &#8211; 20 kg &#8211; 3 490 Ft<\/li>\n<li>Relax extra csomag vagy hinta\u00e1llv\u00e1ny eset\u00e9n 5000 Ft<\/li>\n<\/ul>\n<p>[\/uncode_list][\/vc_column_inner][\/vc_row_inner][vc_row_inner row_inner_height_percent=&#8221;0&#8243; overlay_alpha=&#8221;50&#8243; gutter_size=&#8221;3&#8243; shift_y=&#8221;0&#8243; z_index=&#8221;0&#8243; uncode_shortcode_id=&#8221;193449&#8243;][vc_column_inner column_width_use_pixel=&#8221;yes&#8221; align_horizontal=&#8221;align_center&#8221; gutter_size=&#8221;3&#8243; overlay_alpha=&#8221;50&#8243; shift_x=&#8221;0&#8243; shift_y=&#8221;0&#8243; shift_y_down=&#8221;0&#8243; z_index=&#8221;0&#8243; medium_width=&#8221;0&#8243; mobile_width=&#8221;0&#8243; width=&#8221;1\/4&#8243; column_width_pixel=&#8221;700&#8243;][vc_single_image media=&#8221;135102&#8243; media_width_percent=&#8221;50&#8243; uncode_shortcode_id=&#8221;157350&#8243;][\/vc_column_inner][vc_column_inner column_width_percent=&#8221;100&#8243; position_horizontal=&#8221;left&#8221; gutter_size=&#8221;3&#8243; overlay_alpha=&#8221;50&#8243; shift_x=&#8221;0&#8243; shift_y=&#8221;0&#8243; shift_y_down=&#8221;0&#8243; z_index=&#8221;0&#8243; medium_width=&#8221;0&#8243; mobile_width=&#8221;0&#8243; width=&#8221;3\/4&#8243; uncode_shortcode_id=&#8221;931456&#8243;][vc_column_text uncode_shortcode_id=&#8221;554869&#8243;]<\/p>\n<h3>FOXPOST<\/h3>\n<p>Egy egyszer\u0171, rugalmas, \u00e9rintkez\u00e9smentes \u00e9s k\u00f6rnyezettudatos csomag\u00e1tv\u00e9teli \u00e9s -k\u00fcld\u00e9si m\u00f3d. Ha megrendel\u00e9sed b\u00e1rmely FOXPOST csomagautomata egyik\u00e9be k\u00e9red, nem kell eg\u00e9sz nap a fut\u00e1rra v\u00e1rnod. Az orsz\u00e1gos, folyamatosan b\u0151v\u00fcl\u0151 csomagautomata-h\u00e1l\u00f3zat automat\u00e1i k\u00f6nnyen hozz\u00e1f\u00e9rhet\u0151ek az orsz\u00e1g sz\u00e1mos pontj\u00e1n, hol belt\u00e9rben, hol k\u00fclt\u00e9ren, \u00e9s reggelt\u0151l estig el\u00e9rhet\u0151ek. Miut\u00e1n \u00e1tadtuk a FOXPOST-nak a csomagot, \u0151k 1 munkanap alatt kisz\u00e1ll\u00edtj\u00e1k az automat\u00e1ba, majd sms-ben k\u00fcldenek egy \u00e9rtes\u00edt\u0151t \u00e9s egy egyedi k\u00f3dot, mellyel 3 napig \u00e1tveheted. Fontos: az automat\u00e1kn\u00e1l csak bankk\u00e1rty\u00e1val tudsz fizetni.[\/vc_column_text][uncode_list icon=&#8221;fa fa-truck&#8221; uncode_shortcode_id=&#8221;474146&#8243;]<\/p>\n<ul>\n<li>Egys\u00e9gesesen &#8211; 1290 Ft<\/li>\n<li>m\u00e9ret\u00fck miatt a babahint\u00e1k, Lux hint\u00e1k, babaf\u00e9szkek \u00e9s a hinta\u00e1llv\u00e1ny nem sz\u00e1ll\u00edthat\u00f3 ezzel a sz\u00e1ll\u00edt\u00e1si opci\u00f3val<\/li>\n<\/ul>\n<p>[\/uncode_list][\/vc_column_inner][\/vc_row_inner][vc_row_inner row_inner_height_percent=&#8221;0&#8243; overlay_alpha=&#8221;50&#8243; gutter_size=&#8221;3&#8243; shift_y=&#8221;0&#8243; z_index=&#8221;0&#8243; uncode_shortcode_id=&#8221;193449&#8243;][vc_column_inner column_width_use_pixel=&#8221;yes&#8221; align_horizontal=&#8221;align_center&#8221; gutter_size=&#8221;3&#8243; overlay_alpha=&#8221;50&#8243; shift_x=&#8221;0&#8243; shift_y=&#8221;0&#8243; shift_y_down=&#8221;0&#8243; z_index=&#8221;0&#8243; medium_width=&#8221;0&#8243; mobile_width=&#8221;0&#8243; width=&#8221;1\/4&#8243; column_width_pixel=&#8221;700&#8243;][vc_single_image media=&#8221;136633&#8243; media_width_percent=&#8221;50&#8243; uncode_shortcode_id=&#8221;202312&#8243;][\/vc_column_inner][vc_column_inner column_width_percent=&#8221;100&#8243; position_horizontal=&#8221;left&#8221; gutter_size=&#8221;3&#8243; overlay_alpha=&#8221;50&#8243; shift_x=&#8221;0&#8243; shift_y=&#8221;0&#8243; shift_y_down=&#8221;0&#8243; z_index=&#8221;0&#8243; medium_width=&#8221;0&#8243; mobile_width=&#8221;0&#8243; width=&#8221;3\/4&#8243; uncode_shortcode_id=&#8221;931456&#8243;][vc_column_text uncode_shortcode_id=&#8221;898385&#8243;]<\/p>\n<h3>GLS EU\/FEDEX-TNT courier service<\/h3>\n<p>In Europe, we deliver with FEDEX and GLS. Within Europe we distinguish 3 zones, as follows: <\/p>\n<h4>EU Zone I:<\/h4>\n<p>In all cases, GLS will deliver the parcel to your door. The shipping cost to all countries is <strong>17,5 EUR<\/strong>: Austria, Belgium, Croatia, Czech Republic, Germany, Luxembourg, Poland, Romania, Slovenia, Slovakia, Netherlands, Poland <\/p>\n<h4>EU zone II:<\/h4>\n<p>For Zone 2 countries, FedEx will deliver the products ordered door-to-door. The delivery fee is <strong>32,5 EUR<\/strong>. Countries included in this zone: Denmark, Estonia, Finland, France, Greece, Ireland, Italy, Latvia, Lithuania, Portugal, Spain, Sweden <\/p>\n<h4>EU zone III:<\/h4>\n<p>FedEx courier service will also be used for deliveries to countries in zone 3. The delivery fee is <strong>62,5 EUR<\/strong>. Albania, Andorra, Bosnia and Herzegovina, Cyprus, Gibraltar, Iceland, Liechtenstein, Macedonia, Malta, Moldova, Monaco, Montenegro, Norway, San Marino, Serbia, Switzerland, Turkey, United Kingdom[\/vc_column_text][uncode_list icon=&#8221;fa fa-truck&#8221; uncode_shortcode_id=&#8221;285024&#8243;]<\/p>\n<ul>\n<li>EU zone I &#8211; 17,5 EUR<\/li>\n<li>EU zone II &#8211; 32,5 EUR<\/li>\n<li>EU zone III &#8211; 62,5 EUR<\/li>\n<\/ul>\n<p>[\/uncode_list][\/vc_column_inner][\/vc_row_inner][\/vc_column][\/vc_row]<\/p>\n<\/div>","protected":false},"excerpt":{"rendered":"<p>[vc_row row_height_percent=&#8221;0&#8243; override_padding=&#8221;yes&#8221; h_padding=&#8221;2&#8243; top_padding=&#8221;2&#8243; bottom_padding=&#8221;2&#8243; overlay_alpha=&#8221;50&#8243; gutter_size=&#8221;3&#8243; column_width_percent=&#8221;100&#8243; shift_y=&#8221;0&#8243; z_index=&#8221;0&#8243; row_name=&#8221;Events&#8221; uncode_shortcode_id=&#8221;198781&#8243;][vc_column column_width_use_pixel=&#8221;yes&#8221; gutter_size=&#8221;3&#8243; overlay_alpha=&#8221;50&#8243; shift_x=&#8221;0&#8243; shift_y=&#8221;0&#8243; shift_y_down=&#8221;0&#8243; z_index=&#8221;0&#8243; [&hellip;]<\/p>\n","protected":false},"author":1,"featured_media":0,"parent":0,"menu_order":0,"comment_status":"closed","ping_status":"closed","template":"","meta":{"footnotes":""},"class_list":["post-136827","page","type-page","status-publish","hentry"],"yoast_head":"<!-- This site is optimized with the Yoast SEO plugin v27.5 - https:\/\/yoast.com\/product\/yoast-seo-wordpress\/ -->\n<title>Delivery - ADAMO Hammock<\/title>\n<meta name=\"robots\" content=\"index, follow, max-snippet:-1, max-image-preview:large, max-video-preview:-1\" \/>\n<link rel=\"canonical\" href=\"https:\/\/adamohammock.com\/szallitas\/\" \/>\n<meta property=\"og:locale\" content=\"en_US\" \/>\n<meta property=\"og:type\" content=\"article\" \/>\n<meta property=\"og:title\" content=\"Delivery - ADAMO Hammock\" \/>\n<meta property=\"og:description\" content=\"[vc_row row_height_percent=&#8221;0&#8243; override_padding=&#8221;yes&#8221; h_padding=&#8221;2&#8243; top_padding=&#8221;2&#8243; bottom_padding=&#8221;2&#8243; overlay_alpha=&#8221;50&#8243; gutter_size=&#8221;3&#8243; column_width_percent=&#8221;100&#8243; shift_y=&#8221;0&#8243; z_index=&#8221;0&#8243; row_name=&#8221;Events&#8221; uncode_shortcode_id=&#8221;198781&#8243;][vc_column column_width_use_pixel=&#8221;yes&#8221; gutter_size=&#8221;3&#8243; overlay_alpha=&#8221;50&#8243; shift_x=&#8221;0&#8243; shift_y=&#8221;0&#8243; shift_y_down=&#8221;0&#8243; z_index=&#8221;0&#8243; [&hellip;]\" \/>\n<meta property=\"og:url\" content=\"https:\/\/adamohammock.com\/szallitas\/\" \/>\n<meta property=\"og:site_name\" content=\"ADAMO Hammock\" \/>\n<meta property=\"article:modified_time\" content=\"2024-10-18T07:18:44+00:00\" \/>\n<meta name=\"twitter:card\" content=\"summary_large_image\" \/>\n<meta name=\"twitter:label1\" content=\"Est. reading time\" \/>\n\t<meta name=\"twitter:data1\" content=\"2 minutes\" \/>\n<script type=\"application\/ld+json\" class=\"yoast-schema-graph\">{\"@context\":\"https:\\\/\\\/schema.org\",\"@graph\":[{\"@type\":\"WebPage\",\"@id\":\"https:\\\/\\\/adamohammock.com\\\/szallitas\\\/\",\"url\":\"https:\\\/\\\/adamohammock.com\\\/szallitas\\\/\",\"name\":\"Delivery - ADAMO Hammock\",\"isPartOf\":{\"@id\":\"https:\\\/\\\/adamohammock.com\\\/#website\"},\"datePublished\":\"2024-03-14T15:00:49+00:00\",\"dateModified\":\"2024-10-18T07:18:44+00:00\",\"breadcrumb\":{\"@id\":\"https:\\\/\\\/adamohammock.com\\\/szallitas\\\/#breadcrumb\"},\"inLanguage\":\"en-US\",\"potentialAction\":[{\"@type\":\"ReadAction\",\"target\":[\"https:\\\/\\\/adamohammock.com\\\/szallitas\\\/\"]}]},{\"@type\":\"BreadcrumbList\",\"@id\":\"https:\\\/\\\/adamohammock.com\\\/szallitas\\\/#breadcrumb\",\"itemListElement\":[{\"@type\":\"ListItem\",\"position\":1,\"name\":\"Home\",\"item\":\"https:\\\/\\\/adamohammock.com\\\/en\\\/homepage\\\/\"},{\"@type\":\"ListItem\",\"position\":2,\"name\":\"Delivery\"}]},{\"@type\":\"WebSite\",\"@id\":\"https:\\\/\\\/adamohammock.com\\\/#website\",\"url\":\"https:\\\/\\\/adamohammock.com\\\/\",\"name\":\"ADAMO Hammock\",\"description\":\"Az eredeti ADAMO babahinta - Hivatalos webshop\",\"potentialAction\":[{\"@type\":\"SearchAction\",\"target\":{\"@type\":\"EntryPoint\",\"urlTemplate\":\"https:\\\/\\\/adamohammock.com\\\/?s={search_term_string}\"},\"query-input\":{\"@type\":\"PropertyValueSpecification\",\"valueRequired\":true,\"valueName\":\"search_term_string\"}}],\"inLanguage\":\"en-US\"}]}<\/script>\n<!-- \/ Yoast SEO plugin. -->","yoast_head_json":{"title":"Delivery - ADAMO Hammock","robots":{"index":"index","follow":"follow","max-snippet":"max-snippet:-1","max-image-preview":"max-image-preview:large","max-video-preview":"max-video-preview:-1"},"canonical":"https:\/\/adamohammock.com\/szallitas\/","og_locale":"en_US","og_type":"article","og_title":"Delivery - ADAMO Hammock","og_description":"[vc_row row_height_percent=&#8221;0&#8243; override_padding=&#8221;yes&#8221; h_padding=&#8221;2&#8243; top_padding=&#8221;2&#8243; bottom_padding=&#8221;2&#8243; overlay_alpha=&#8221;50&#8243; gutter_size=&#8221;3&#8243; column_width_percent=&#8221;100&#8243; shift_y=&#8221;0&#8243; z_index=&#8221;0&#8243; row_name=&#8221;Events&#8221; uncode_shortcode_id=&#8221;198781&#8243;][vc_column column_width_use_pixel=&#8221;yes&#8221; gutter_size=&#8221;3&#8243; overlay_alpha=&#8221;50&#8243; shift_x=&#8221;0&#8243; shift_y=&#8221;0&#8243; shift_y_down=&#8221;0&#8243; z_index=&#8221;0&#8243; [&hellip;]","og_url":"https:\/\/adamohammock.com\/szallitas\/","og_site_name":"ADAMO Hammock","article_modified_time":"2024-10-18T07:18:44+00:00","twitter_card":"summary_large_image","twitter_misc":{"Est. reading time":"2 minutes"},"schema":{"@context":"https:\/\/schema.org","@graph":[{"@type":"WebPage","@id":"https:\/\/adamohammock.com\/szallitas\/","url":"https:\/\/adamohammock.com\/szallitas\/","name":"Delivery - ADAMO Hammock","isPartOf":{"@id":"https:\/\/adamohammock.com\/#website"},"datePublished":"2024-03-14T15:00:49+00:00","dateModified":"2024-10-18T07:18:44+00:00","breadcrumb":{"@id":"https:\/\/adamohammock.com\/szallitas\/#breadcrumb"},"inLanguage":"en-US","potentialAction":[{"@type":"ReadAction","target":["https:\/\/adamohammock.com\/szallitas\/"]}]},{"@type":"BreadcrumbList","@id":"https:\/\/adamohammock.com\/szallitas\/#breadcrumb","itemListElement":[{"@type":"ListItem","position":1,"name":"Home","item":"https:\/\/adamohammock.com\/en\/homepage\/"},{"@type":"ListItem","position":2,"name":"Delivery"}]},{"@type":"WebSite","@id":"https:\/\/adamohammock.com\/#website","url":"https:\/\/adamohammock.com\/","name":"ADAMO Hammock","description":"Az eredeti ADAMO babahinta - Hivatalos webshop","potentialAction":[{"@type":"SearchAction","target":{"@type":"EntryPoint","urlTemplate":"https:\/\/adamohammock.com\/?s={search_term_string}"},"query-input":{"@type":"PropertyValueSpecification","valueRequired":true,"valueName":"search_term_string"}}],"inLanguage":"en-US"}]}},"_links":{"self":[{"href":"https:\/\/adamohammock.com\/en\/wp-json\/wp\/v2\/pages\/136827","targetHints":{"allow":["GET"]}}],"collection":[{"href":"https:\/\/adamohammock.com\/en\/wp-json\/wp\/v2\/pages"}],"about":[{"href":"https:\/\/adamohammock.com\/en\/wp-json\/wp\/v2\/types\/page"}],"author":[{"embeddable":true,"href":"https:\/\/adamohammock.com\/en\/wp-json\/wp\/v2\/users\/1"}],"replies":[{"embeddable":true,"href":"https:\/\/adamohammock.com\/en\/wp-json\/wp\/v2\/comments?post=136827"}],"version-history":[{"count":0,"href":"https:\/\/adamohammock.com\/en\/wp-json\/wp\/v2\/pages\/136827\/revisions"}],"wp:attachment":[{"href":"https:\/\/adamohammock.com\/en\/wp-json\/wp\/v2\/media?parent=136827"}],"curies":[{"name":"wp","href":"https:\/\/api.w.org\/{rel}","templated":true}]}}