{"id":146699,"date":"2025-10-17T17:19:26","date_gmt":"2025-10-17T15:19:26","guid":{"rendered":"https:\/\/adamohammock.com\/adamo-categories\/hammocks\/premium-babyhammock\/"},"modified":"2025-10-30T15:09:01","modified_gmt":"2025-10-30T14:09:01","slug":"premium-babyhammock","status":"publish","type":"page","link":"https:\/\/adamohammock.com\/en\/adamo-categories\/hammocks\/premium-babyhammock\/","title":{"rendered":"Premium babyhammock"},"content":{"rendered":"<div class=\"wpb-content-wrapper\"><p>[vc_row unlock_row_content=&#8221;yes&#8221; row_height_percent=&#8221;81&#8243; override_padding=&#8221;yes&#8221; h_padding=&#8221;0&#8243; top_padding=&#8221;3&#8243; bottom_padding=&#8221;3&#8243; back_color=&#8221;accent&#8221; back_image=&#8221;146549&#8243; back_position=&#8221;center center&#8221; overlay_alpha=&#8221;30&#8243; equal_height=&#8221;yes&#8221; gutter_size=&#8221;4&#8243; column_width_percent=&#8221;100&#8243; shift_y=&#8221;0&#8243; z_index=&#8221;0&#8243; content_parallax=&#8221;0&#8243; uncode_shortcode_id=&#8221;422672&#8243; back_color_type=&#8221;uncode-palette&#8221;][vc_column column_width_percent=&#8221;100&#8243; position_vertical=&#8221;middle&#8221; gutter_size=&#8221;3&#8243; override_padding=&#8221;yes&#8221; column_padding=&#8221;2&#8243; style=&#8221;dark&#8221; overlay_alpha=&#8221;50&#8243; shift_x=&#8221;0&#8243; shift_y=&#8221;0&#8243; shift_y_down=&#8221;0&#8243; z_index=&#8221;0&#8243; medium_width=&#8221;0&#8243; mobile_width=&#8221;0&#8243; width=&#8221;1\/1&#8243; uncode_shortcode_id=&#8221;175511&#8243;][vc_row_inner row_inner_height_percent=&#8221;0&#8243; overlay_alpha=&#8221;50&#8243; gutter_size=&#8221;3&#8243; shift_y=&#8221;0&#8243; z_index=&#8221;0&#8243; limit_content=&#8221;&#8221; uncode_shortcode_id=&#8221;456154&#8243;][vc_column_inner column_width_percent=&#8221;100&#8243; position_horizontal=&#8221;left&#8221; position_vertical=&#8221;justify&#8221; gutter_size=&#8221;3&#8243; style=&#8221;dark&#8221; overlay_alpha=&#8221;50&#8243; shift_x=&#8221;0&#8243; shift_y=&#8221;0&#8243; shift_y_down=&#8221;0&#8243; z_index=&#8221;0&#8243; medium_width=&#8221;0&#8243; mobile_width=&#8221;0&#8243; width=&#8221;1\/2&#8243; uncode_shortcode_id=&#8221;119106&#8243;][vc_custom_heading heading_semantic=&#8221;h3&#8243; text_font=&#8221;font-125595&#8243; text_size=&#8221;h1&#8243; text_transform=&#8221;uppercase&#8221; uncode_shortcode_id=&#8221;586126&#8243;]<\/p>\n<h3 style=\"text-align: left;\">Adamo Premium Babyhammock<\/h3>\n<p>[\/vc_custom_heading][\/vc_column_inner][\/vc_row_inner][\/vc_column][\/vc_row][vc_row unlock_row_content=&#8221;yes&#8221; row_height_percent=&#8221;0&#8243; override_padding=&#8221;yes&#8221; h_padding=&#8221;5&#8243; top_padding=&#8221;2&#8243; bottom_padding=&#8221;2&#8243; overlay_alpha=&#8221;50&#8243; gutter_size=&#8221;3&#8243; column_width_percent=&#8221;100&#8243; shift_y=&#8221;0&#8243; z_index=&#8221;0&#8243; uncode_shortcode_id=&#8221;273389&#8243;][vc_column column_width_percent=&#8221;100&#8243; position_vertical=&#8221;middle&#8221; align_horizontal=&#8221;align_center&#8221; gutter_size=&#8221;3&#8243; overlay_alpha=&#8221;50&#8243; shift_x=&#8221;0&#8243; shift_y=&#8221;0&#8243; shift_y_down=&#8221;0&#8243; z_index=&#8221;0&#8243; medium_width=&#8221;0&#8243; mobile_width=&#8221;0&#8243; width=&#8221;1\/1&#8243; uncode_shortcode_id=&#8221;164983&#8243;][vc_custom_heading text_color=&#8221;color-uydo&#8221; heading_semantic=&#8221;h5&#8243; text_size=&#8221;&#8221; text_weight=&#8221;600&#8243; text_transform=&#8221;uppercase&#8221; badge_style=&#8221;yes&#8221; css_animation=&#8221;marquee-scroll&#8221; marquee_clone=&#8221;yes&#8221; marquee_speed=&#8221;1&#8243; uncode_shortcode_id=&#8221;155149&#8243; text_color_type=&#8221;uncode-palette&#8221;]<mark><span style=\"color: #edd4d3;\">NEWBORN <\/span>\u2022 <span style=\"color: #edd4d3;\">BREATHING SUPPORT<\/span> \u2022 <span style=\"color: #edd4d3;\">OEKO-TEX<\/span> \u2022 <span style=\"color: #edd4d3;\">SAFETY<\/span> \u2022 <span style=\"color: #edd4d3;\">LAUGHTER<\/span> \u2022 <span style=\"color: #edd4d3;\">REST \u2022<\/span> <span style=\"color: #edd4d3;\">100% COTTON <\/span>\u2022 <\/mark>[\/vc_custom_heading][vc_custom_heading uncode_shortcode_id=&#8221;213987&#8243;]<\/p>\n<h2 style=\"text-align: center;\">QUALITY and INNOVATION go hand in hand with us! Choose Adamo\u2019s latest DEVELOPMENT! <\/h2>\n<h3 style=\"font-weight: 400; text-align: center;\"><strong>Adamo Premium Babyhammock<\/strong><\/h3>\n<h3 style=\"font-weight: 400; text-align: center;\"><strong>The baby swing that can be transformed into a cradle!<\/strong><\/h3>\n<p>[\/vc_custom_heading][vc_column_text uncode_shortcode_id=&#8221;285144&#8243;]<\/p>\n<p style=\"font-weight: 400;\">Hammock and cradle&#8230;2 in 1<\/p>\n<p style=\"font-weight: 400;\"><strong>The zipper-adjustable, infinitely reclining backrest<\/strong> allows the swing to be set <strong>completely flat<\/strong>. With just a few movements, you can transform it into a comfortable, rocking <strong>cradle<\/strong>\u2014perfect for daytime naps. <\/p>\n<p style=\"font-weight: 400;\">The swing is delivered with a newborn mattress, which can be used in both flat and elevated positions. This combination provides maximum comfort and safety for your baby during sleep, depending on their size, up to around 4\u20135 months. After that, we recommend the baby mattress as an additional accessory, which is soft to the touch but, thanks to its structure, firmly supports your baby\u2019s spine and prevents them from sinking too deeply.  <\/p>\n<p>[\/vc_column_text][uncode_index el_id=&#8221;index-145376&#8243; loop=&#8221;size:all|order_by:title|order:ASC|post_type:product|tax_query:3544|taxonomy_count:10&#8243; auto_query=&#8221;yes&#8221; screen_lg=&#8221;1000&#8243; screen_md=&#8221;600&#8243; screen_sm=&#8221;480&#8243; filtering=&#8221;ajax&#8221; ajax_filters_content_block_id=&#8221;134896&#8243; filters_widgets=&#8221;closed&#8221; gutter_size_ajax_filters=&#8221;4&#8243; column_size_ajax_filters=&#8221;2&#8243; filter_typography=&#8221;inherit&#8221; active_filters=&#8221;left&#8221; clear_all=&#8221;show&#8221; show_woo_sorting_ajax=&#8221;right&#8221; gutter_size=&#8221;2&#8243; product_items=&#8221;media|featured|onpost|original|show-sale|enhanced-atc|inherit-w-atc|atc-typo-default|show-atc,title,price|default,spacer|half&#8221; pagination=&#8221;yes&#8221; footer_full_width=&#8221;yes&#8221; pagination_typography=&#8221;inherit&#8221; images_size=&#8221;three-two&#8221; single_shape=&#8221;round&#8221; single_overlay_opacity=&#8221;50&#8243; single_overlay_anim=&#8221;no&#8221; single_text_visible=&#8221;yes&#8221; single_text_anim=&#8221;no&#8221; single_image_anim=&#8221;no&#8221; single_h_align=&#8221;center&#8221; single_padding=&#8221;2&#8243; single_thumb_hover=&#8221;yes&#8221; single_title_dimension=&#8221;h6&#8243; single_border=&#8221;yes&#8221; custom_order=&#8221;yes&#8221; no_double_tap=&#8221;yes&#8221; woo_single_variations_hide_parent=&#8221;yes&#8221; pagination_per_page=&#8221;20&#8243; hide_woo_sorting_icon_ajax=&#8221;yes&#8221; uncode_shortcode_id=&#8221;111945&#8243; max_w_ajax_filters=&#8221;600&#8243; min_w_ajax_filters=&#8221;380&#8243; order_ids=&#8221;131450,130673,131514,131274,131542,131552,131566,131577,131611,131632,131642,131654,131670,131701,131715,131730,131740,131765,131752,131795,131899,131890,131877,131854,131820&#8243; filter_toggle_hide_text=&#8221;Sz\u0171r\u0151 elrejt\u00e9se&#8221; filter_toggle_show_text=&#8221;Sz\u0171r\u0151&#8221; woo_sorting_default_text_ajax=&#8221;Alap\u00e9rtelmezett rendez\u00e9s&#8221;][\/vc_column][\/vc_row]<\/p>\n<\/div>","protected":false},"excerpt":{"rendered":"<p>[vc_row unlock_row_content=&#8221;yes&#8221; row_height_percent=&#8221;81&#8243; override_padding=&#8221;yes&#8221; h_padding=&#8221;0&#8243; top_padding=&#8221;3&#8243; bottom_padding=&#8221;3&#8243; back_color=&#8221;accent&#8221; back_image=&#8221;146549&#8243; back_position=&#8221;center center&#8221; overlay_alpha=&#8221;30&#8243; equal_height=&#8221;yes&#8221; gutter_size=&#8221;4&#8243; column_width_percent=&#8221;100&#8243; shift_y=&#8221;0&#8243; z_index=&#8221;0&#8243; content_parallax=&#8221;0&#8243; uncode_shortcode_id=&#8221;422672&#8243; back_color_type=&#8221;uncode-palette&#8221;][vc_column [&hellip;]<\/p>\n","protected":false},"author":10,"featured_media":0,"parent":136679,"menu_order":1,"comment_status":"closed","ping_status":"closed","template":"","meta":{"footnotes":""},"class_list":["post-146699","page","type-page","status-publish","hentry"],"yoast_head":"<!-- This site is optimized with the Yoast SEO plugin v27.3 - https:\/\/yoast.com\/product\/yoast-seo-wordpress\/ -->\n<title>Premium babyhammock - ADAMO Hammock<\/title>\n<meta name=\"robots\" content=\"index, follow, max-snippet:-1, max-image-preview:large, max-video-preview:-1\" \/>\n<link rel=\"canonical\" href=\"https:\/\/adamohammock.com\/en\/adamo-categories\/hammocks\/premium-babyhammock\/\" \/>\n<meta property=\"og:locale\" content=\"en_US\" \/>\n<meta property=\"og:type\" content=\"article\" \/>\n<meta property=\"og:title\" content=\"Premium babyhammock - ADAMO Hammock\" \/>\n<meta property=\"og:description\" content=\"[vc_row unlock_row_content=&#8221;yes&#8221; row_height_percent=&#8221;81&#8243; override_padding=&#8221;yes&#8221; h_padding=&#8221;0&#8243; top_padding=&#8221;3&#8243; bottom_padding=&#8221;3&#8243; back_color=&#8221;accent&#8221; back_image=&#8221;146549&#8243; back_position=&#8221;center center&#8221; overlay_alpha=&#8221;30&#8243; equal_height=&#8221;yes&#8221; gutter_size=&#8221;4&#8243; column_width_percent=&#8221;100&#8243; shift_y=&#8221;0&#8243; z_index=&#8221;0&#8243; content_parallax=&#8221;0&#8243; uncode_shortcode_id=&#8221;422672&#8243; back_color_type=&#8221;uncode-palette&#8221;][vc_column [&hellip;]\" \/>\n<meta property=\"og:url\" content=\"https:\/\/adamohammock.com\/en\/adamo-categories\/hammocks\/premium-babyhammock\/\" \/>\n<meta property=\"og:site_name\" content=\"ADAMO Hammock\" \/>\n<meta property=\"article:modified_time\" content=\"2025-10-30T14:09:01+00:00\" \/>\n<meta name=\"twitter:card\" content=\"summary_large_image\" \/>\n<meta name=\"twitter:label1\" content=\"Est. reading time\" \/>\n\t<meta name=\"twitter:data1\" content=\"3 minutes\" \/>\n<script type=\"application\/ld+json\" class=\"yoast-schema-graph\">{\"@context\":\"https:\\\/\\\/schema.org\",\"@graph\":[{\"@type\":\"WebPage\",\"@id\":\"https:\\\/\\\/adamohammock.com\\\/en\\\/adamo-categories\\\/hammocks\\\/premium-babyhammock\\\/\",\"url\":\"https:\\\/\\\/adamohammock.com\\\/en\\\/adamo-categories\\\/hammocks\\\/premium-babyhammock\\\/\",\"name\":\"Premium babyhammock - ADAMO Hammock\",\"isPartOf\":{\"@id\":\"https:\\\/\\\/adamohammock.com\\\/#website\"},\"datePublished\":\"2025-10-17T15:19:26+00:00\",\"dateModified\":\"2025-10-30T14:09:01+00:00\",\"breadcrumb\":{\"@id\":\"https:\\\/\\\/adamohammock.com\\\/en\\\/adamo-categories\\\/hammocks\\\/premium-babyhammock\\\/#breadcrumb\"},\"inLanguage\":\"en-US\",\"potentialAction\":[{\"@type\":\"ReadAction\",\"target\":[\"https:\\\/\\\/adamohammock.com\\\/en\\\/adamo-categories\\\/hammocks\\\/premium-babyhammock\\\/\"]}]},{\"@type\":\"BreadcrumbList\",\"@id\":\"https:\\\/\\\/adamohammock.com\\\/en\\\/adamo-categories\\\/hammocks\\\/premium-babyhammock\\\/#breadcrumb\",\"itemListElement\":[{\"@type\":\"ListItem\",\"position\":1,\"name\":\"Home\",\"item\":\"https:\\\/\\\/adamohammock.com\\\/en\\\/homepage\\\/\"},{\"@type\":\"ListItem\",\"position\":2,\"name\":\"Adamo categories\",\"item\":\"https:\\\/\\\/adamohammock.com\\\/en\\\/adamo-categories\\\/\"},{\"@type\":\"ListItem\",\"position\":3,\"name\":\"Hammocks\",\"item\":\"https:\\\/\\\/adamohammock.com\\\/en\\\/adamo-categories\\\/hammocks\\\/\"},{\"@type\":\"ListItem\",\"position\":4,\"name\":\"Premium babyhammock\"}]},{\"@type\":\"WebSite\",\"@id\":\"https:\\\/\\\/adamohammock.com\\\/#website\",\"url\":\"https:\\\/\\\/adamohammock.com\\\/\",\"name\":\"ADAMO Hammock\",\"description\":\"Az eredeti ADAMO babahinta - Hivatalos webshop\",\"potentialAction\":[{\"@type\":\"SearchAction\",\"target\":{\"@type\":\"EntryPoint\",\"urlTemplate\":\"https:\\\/\\\/adamohammock.com\\\/?s={search_term_string}\"},\"query-input\":{\"@type\":\"PropertyValueSpecification\",\"valueRequired\":true,\"valueName\":\"search_term_string\"}}],\"inLanguage\":\"en-US\"}]}<\/script>\n<!-- \/ Yoast SEO plugin. -->","yoast_head_json":{"title":"Premium babyhammock - ADAMO Hammock","robots":{"index":"index","follow":"follow","max-snippet":"max-snippet:-1","max-image-preview":"max-image-preview:large","max-video-preview":"max-video-preview:-1"},"canonical":"https:\/\/adamohammock.com\/en\/adamo-categories\/hammocks\/premium-babyhammock\/","og_locale":"en_US","og_type":"article","og_title":"Premium babyhammock - ADAMO Hammock","og_description":"[vc_row unlock_row_content=&#8221;yes&#8221; row_height_percent=&#8221;81&#8243; override_padding=&#8221;yes&#8221; h_padding=&#8221;0&#8243; top_padding=&#8221;3&#8243; bottom_padding=&#8221;3&#8243; back_color=&#8221;accent&#8221; back_image=&#8221;146549&#8243; back_position=&#8221;center center&#8221; overlay_alpha=&#8221;30&#8243; equal_height=&#8221;yes&#8221; gutter_size=&#8221;4&#8243; column_width_percent=&#8221;100&#8243; shift_y=&#8221;0&#8243; z_index=&#8221;0&#8243; content_parallax=&#8221;0&#8243; uncode_shortcode_id=&#8221;422672&#8243; back_color_type=&#8221;uncode-palette&#8221;][vc_column [&hellip;]","og_url":"https:\/\/adamohammock.com\/en\/adamo-categories\/hammocks\/premium-babyhammock\/","og_site_name":"ADAMO Hammock","article_modified_time":"2025-10-30T14:09:01+00:00","twitter_card":"summary_large_image","twitter_misc":{"Est. reading time":"3 minutes"},"schema":{"@context":"https:\/\/schema.org","@graph":[{"@type":"WebPage","@id":"https:\/\/adamohammock.com\/en\/adamo-categories\/hammocks\/premium-babyhammock\/","url":"https:\/\/adamohammock.com\/en\/adamo-categories\/hammocks\/premium-babyhammock\/","name":"Premium babyhammock - ADAMO Hammock","isPartOf":{"@id":"https:\/\/adamohammock.com\/#website"},"datePublished":"2025-10-17T15:19:26+00:00","dateModified":"2025-10-30T14:09:01+00:00","breadcrumb":{"@id":"https:\/\/adamohammock.com\/en\/adamo-categories\/hammocks\/premium-babyhammock\/#breadcrumb"},"inLanguage":"en-US","potentialAction":[{"@type":"ReadAction","target":["https:\/\/adamohammock.com\/en\/adamo-categories\/hammocks\/premium-babyhammock\/"]}]},{"@type":"BreadcrumbList","@id":"https:\/\/adamohammock.com\/en\/adamo-categories\/hammocks\/premium-babyhammock\/#breadcrumb","itemListElement":[{"@type":"ListItem","position":1,"name":"Home","item":"https:\/\/adamohammock.com\/en\/homepage\/"},{"@type":"ListItem","position":2,"name":"Adamo categories","item":"https:\/\/adamohammock.com\/en\/adamo-categories\/"},{"@type":"ListItem","position":3,"name":"Hammocks","item":"https:\/\/adamohammock.com\/en\/adamo-categories\/hammocks\/"},{"@type":"ListItem","position":4,"name":"Premium babyhammock"}]},{"@type":"WebSite","@id":"https:\/\/adamohammock.com\/#website","url":"https:\/\/adamohammock.com\/","name":"ADAMO Hammock","description":"Az eredeti ADAMO babahinta - Hivatalos webshop","potentialAction":[{"@type":"SearchAction","target":{"@type":"EntryPoint","urlTemplate":"https:\/\/adamohammock.com\/?s={search_term_string}"},"query-input":{"@type":"PropertyValueSpecification","valueRequired":true,"valueName":"search_term_string"}}],"inLanguage":"en-US"}]}},"_links":{"self":[{"href":"https:\/\/adamohammock.com\/en\/wp-json\/wp\/v2\/pages\/146699","targetHints":{"allow":["GET"]}}],"collection":[{"href":"https:\/\/adamohammock.com\/en\/wp-json\/wp\/v2\/pages"}],"about":[{"href":"https:\/\/adamohammock.com\/en\/wp-json\/wp\/v2\/types\/page"}],"author":[{"embeddable":true,"href":"https:\/\/adamohammock.com\/en\/wp-json\/wp\/v2\/users\/10"}],"replies":[{"embeddable":true,"href":"https:\/\/adamohammock.com\/en\/wp-json\/wp\/v2\/comments?post=146699"}],"version-history":[{"count":2,"href":"https:\/\/adamohammock.com\/en\/wp-json\/wp\/v2\/pages\/146699\/revisions"}],"predecessor-version":[{"id":146701,"href":"https:\/\/adamohammock.com\/en\/wp-json\/wp\/v2\/pages\/146699\/revisions\/146701"}],"up":[{"embeddable":true,"href":"https:\/\/adamohammock.com\/en\/wp-json\/wp\/v2\/pages\/136679"}],"wp:attachment":[{"href":"https:\/\/adamohammock.com\/en\/wp-json\/wp\/v2\/media?parent=146699"}],"curies":[{"name":"wp","href":"https:\/\/api.w.org\/{rel}","templated":true}]}}