{"id":146705,"date":"2025-02-24T12:12:44","date_gmt":"2025-02-24T11:12:44","guid":{"rendered":"https:\/\/adamohammock.com\/adamo-categories\/baby-room\/playmat\/"},"modified":"2025-10-30T15:18:14","modified_gmt":"2025-10-30T14:18:14","slug":"playmat","status":"publish","type":"page","link":"https:\/\/adamohammock.com\/en\/adamo-categories\/baby-room\/playmat\/","title":{"rendered":"Playmat"},"content":{"rendered":"<div class=\"wpb-content-wrapper\"><p>[vc_row row_height_percent=&#8221;45&#8243; override_padding=&#8221;yes&#8221; h_padding=&#8221;0&#8243; top_padding=&#8221;3&#8243; bottom_padding=&#8221;3&#8243; back_color=&#8221;accent&#8221; back_image=&#8221;132138&#8243; back_position=&#8221;center center&#8221; overlay_color=&#8221;color-265817&#8243; overlay_alpha=&#8221;30&#8243; equal_height=&#8221;yes&#8221; gutter_size=&#8221;4&#8243; column_width_percent=&#8221;100&#8243; shift_y=&#8221;0&#8243; z_index=&#8221;0&#8243; content_parallax=&#8221;0&#8243; uncode_shortcode_id=&#8221;174738&#8243; back_color_type=&#8221;uncode-palette&#8221; overlay_color_type=&#8221;uncode-palette&#8221;][vc_column column_width_percent=&#8221;100&#8243; position_vertical=&#8221;middle&#8221; gutter_size=&#8221;3&#8243; override_padding=&#8221;yes&#8221; column_padding=&#8221;2&#8243; style=&#8221;dark&#8221; overlay_alpha=&#8221;50&#8243; shift_x=&#8221;0&#8243; shift_y=&#8221;0&#8243; shift_y_down=&#8221;0&#8243; z_index=&#8221;0&#8243; medium_width=&#8221;0&#8243; mobile_width=&#8221;0&#8243; width=&#8221;1\/1&#8243; uncode_shortcode_id=&#8221;175511&#8243;][vc_row_inner limit_content=&#8221;&#8221;][vc_column_inner column_width_percent=&#8221;100&#8243; position_vertical=&#8221;middle&#8221; gutter_size=&#8221;3&#8243; style=&#8221;dark&#8221; overlay_alpha=&#8221;50&#8243; shift_x=&#8221;0&#8243; shift_y=&#8221;0&#8243; shift_y_down=&#8221;0&#8243; z_index=&#8221;0&#8243; medium_width=&#8221;0&#8243; mobile_width=&#8221;0&#8243; width=&#8221;1\/2&#8243; uncode_shortcode_id=&#8221;559909&#8243;][vc_custom_heading heading_semantic=&#8221;h3&#8243; text_font=&#8221;font-125595&#8243; text_size=&#8221;h1&#8243; text_transform=&#8221;uppercase&#8221; uncode_shortcode_id=&#8221;303892&#8243;]ADAMO Playmat[\/vc_custom_heading][\/vc_column_inner][vc_column_inner width=&#8221;1\/2&#8243;][\/vc_column_inner][\/vc_row_inner][\/vc_column][\/vc_row][vc_row unlock_row_content=&#8221;yes&#8221; row_height_percent=&#8221;0&#8243; override_padding=&#8221;yes&#8221; h_padding=&#8221;5&#8243; top_padding=&#8221;2&#8243; bottom_padding=&#8221;3&#8243; overlay_alpha=&#8221;50&#8243; gutter_size=&#8221;3&#8243; column_width_percent=&#8221;100&#8243; shift_y=&#8221;0&#8243; z_index=&#8221;0&#8243; uncode_shortcode_id=&#8221;197741&#8243;][vc_column column_width_percent=&#8221;100&#8243; position_vertical=&#8221;middle&#8221; align_horizontal=&#8221;align_center&#8221; gutter_size=&#8221;3&#8243; overlay_alpha=&#8221;50&#8243; shift_x=&#8221;0&#8243; shift_y=&#8221;0&#8243; shift_y_down=&#8221;0&#8243; z_index=&#8221;0&#8243; medium_width=&#8221;0&#8243; mobile_width=&#8221;0&#8243; width=&#8221;1\/1&#8243; uncode_shortcode_id=&#8221;164983&#8243;][uncode_index el_id=&#8221;index-145375&#8243; loop=&#8221;size:all|order_by:title|order:ASC|post_type:product|tax_query:1592|taxonomy_count:10&#8243; auto_query=&#8221;yes&#8221; screen_lg=&#8221;1000&#8243; screen_md=&#8221;600&#8243; screen_sm=&#8221;480&#8243; filtering=&#8221;ajax&#8221; ajax_filters_content_block_id=&#8221;134896&#8243; filters_widgets=&#8221;closed&#8221; gutter_size_ajax_filters=&#8221;4&#8243; column_size_ajax_filters=&#8221;2&#8243; filter_typography=&#8221;inherit&#8221; active_filters=&#8221;left&#8221; clear_all=&#8221;show&#8221; show_woo_sorting_ajax=&#8221;right&#8221; gutter_size=&#8221;2&#8243; product_items=&#8221;media|featured|onpost|original|show-sale|enhanced-atc|inherit-w-atc|atc-typo-default|show-atc,title,price|default,spacer|half&#8221; pagination=&#8221;yes&#8221; footer_full_width=&#8221;yes&#8221; pagination_typography=&#8221;inherit&#8221; images_size=&#8221;three-two&#8221; single_shape=&#8221;round&#8221; single_overlay_opacity=&#8221;50&#8243; single_overlay_anim=&#8221;no&#8221; single_text_visible=&#8221;yes&#8221; single_text_anim=&#8221;no&#8221; single_image_anim=&#8221;no&#8221; single_h_align=&#8221;center&#8221; single_padding=&#8221;2&#8243; single_thumb_hover=&#8221;yes&#8221; single_title_dimension=&#8221;h6&#8243; single_border=&#8221;yes&#8221; custom_order=&#8221;yes&#8221; no_double_tap=&#8221;yes&#8221; woo_single_variations_hide_parent=&#8221;yes&#8221; pagination_per_page=&#8221;20&#8243; hide_woo_sorting_icon_ajax=&#8221;yes&#8221; uncode_shortcode_id=&#8221;270385&#8243; max_w_ajax_filters=&#8221;600&#8243; min_w_ajax_filters=&#8221;380&#8243; order_ids=&#8221;131450,130673,131514,131274,131542,131552,131566,131577,131611,131632,131642,131654,131670,131701,131715,131730,131740,131765,131752,131795,131899,131890,131877,131854,131820&#8243; filter_toggle_hide_text=&#8221;Sz\u0171r\u0151 elrejt\u00e9se&#8221; filter_toggle_show_text=&#8221;Sz\u0171r\u0151&#8221; woo_sorting_default_text_ajax=&#8221;Alap\u00e9rtelmezett rendez\u00e9s&#8221;][\/vc_column][\/vc_row][vc_row unlock_row_content=&#8221;yes&#8221; row_height_percent=&#8221;0&#8243; override_padding=&#8221;yes&#8221; h_padding=&#8221;5&#8243; top_padding=&#8221;2&#8243; bottom_padding=&#8221;3&#8243; overlay_alpha=&#8221;50&#8243; gutter_size=&#8221;3&#8243; column_width_percent=&#8221;100&#8243; shift_y=&#8221;0&#8243; z_index=&#8221;0&#8243; uncode_shortcode_id=&#8221;274701&#8243;][vc_column column_width_use_pixel=&#8221;yes&#8221; position_vertical=&#8221;middle&#8221; align_horizontal=&#8221;align_center&#8221; gutter_size=&#8221;3&#8243; overlay_alpha=&#8221;50&#8243; shift_x=&#8221;0&#8243; shift_y=&#8221;0&#8243; shift_y_down=&#8221;0&#8243; z_index=&#8221;0&#8243; medium_width=&#8221;0&#8243; mobile_width=&#8221;0&#8243; width=&#8221;1\/1&#8243; uncode_shortcode_id=&#8221;190428&#8243; column_width_pixel=&#8221;800&#8243;][vc_column_text uncode_shortcode_id=&#8221;100638&#8243;]<\/p>\n<p style=\"text-align: center;\">ADAMO XL Play Mat \u2013 Extra Comfort and Safety for Your Baby<\/p>\n<p style=\"text-align: center;\">The <strong>ADAMO XL play mat <\/strong>is the perfect choice if you want to provide a spacious and comfortable area for your child. Thanks to its soft, premium-quality materials, it\u2019s ideal for lying down, playing, and developing motor skills. Whether used in the living room or the nursery, the ADAMO XL play mat offers protection and comfort for crawling babies.  <\/p>\n<p style=\"text-align: center;\"><strong>Why you shoul choose the ADAMO XL playmat?<\/strong><br \/>\nExtra-large size \u2013 More space for play and movement, allowing your baby to explore the world freely.<br \/>\nSoft and safe design \u2013 Protects your baby from bumps and cold floors.<br \/>\nSkin-friendly materials \u2013 Breathable cotton top layer for maximum comfort.<br \/>\nEasy to clean \u2013 A practical and hygienic solution for every family with young children. Machine washable.<br \/>\nModern and stylish design \u2013 Fits seamlessly into any home interior.<\/p>\n<p style=\"text-align: center;\">The perfect choice for all ages<br \/>\nThe ADAMO XL play mat can be used from newborn stage up to the toddler years. It provides a comfortable surface for tummy time, first attempts at rolling and crawling, and later for sitting and standing. <\/p>\n<p style=\"text-align: center;\">Where can it be used?<br \/>In the nursery or living room to create a play corner<br \/>\nFor picnics or outdoor use in the garden<br \/>\nDuring travel, providing a comfortable and clean play surface anywhere<\/p>\n<p>[\/vc_column_text][\/vc_column][\/vc_row]<\/p>\n<\/div>","protected":false},"excerpt":{"rendered":"<p>[vc_row row_height_percent=&#8221;45&#8243; override_padding=&#8221;yes&#8221; h_padding=&#8221;0&#8243; top_padding=&#8221;3&#8243; bottom_padding=&#8221;3&#8243; back_color=&#8221;accent&#8221; back_image=&#8221;132138&#8243; back_position=&#8221;center center&#8221; overlay_color=&#8221;color-265817&#8243; overlay_alpha=&#8221;30&#8243; equal_height=&#8221;yes&#8221; gutter_size=&#8221;4&#8243; column_width_percent=&#8221;100&#8243; shift_y=&#8221;0&#8243; z_index=&#8221;0&#8243; content_parallax=&#8221;0&#8243; uncode_shortcode_id=&#8221;174738&#8243; back_color_type=&#8221;uncode-palette&#8221; [&hellip;]<\/p>\n","protected":false},"author":10,"featured_media":132356,"parent":136731,"menu_order":1,"comment_status":"closed","ping_status":"closed","template":"","meta":{"footnotes":""},"class_list":["post-146705","page","type-page","status-publish","has-post-thumbnail","hentry"],"yoast_head":"<!-- This site is optimized with the Yoast SEO plugin v27.3 - https:\/\/yoast.com\/product\/yoast-seo-wordpress\/ -->\n<title>Playmat - ADAMO Hammock<\/title>\n<meta name=\"robots\" content=\"index, follow, max-snippet:-1, max-image-preview:large, max-video-preview:-1\" \/>\n<link rel=\"canonical\" href=\"https:\/\/adamohammock.com\/en\/adamo-categories\/baby-room\/playmat\/\" \/>\n<meta property=\"og:locale\" content=\"en_US\" \/>\n<meta property=\"og:type\" content=\"article\" \/>\n<meta property=\"og:title\" content=\"Playmat - ADAMO Hammock\" \/>\n<meta property=\"og:description\" content=\"[vc_row row_height_percent=&#8221;45&#8243; override_padding=&#8221;yes&#8221; h_padding=&#8221;0&#8243; top_padding=&#8221;3&#8243; bottom_padding=&#8221;3&#8243; back_color=&#8221;accent&#8221; back_image=&#8221;132138&#8243; back_position=&#8221;center center&#8221; overlay_color=&#8221;color-265817&#8243; overlay_alpha=&#8221;30&#8243; equal_height=&#8221;yes&#8221; gutter_size=&#8221;4&#8243; column_width_percent=&#8221;100&#8243; shift_y=&#8221;0&#8243; z_index=&#8221;0&#8243; content_parallax=&#8221;0&#8243; uncode_shortcode_id=&#8221;174738&#8243; back_color_type=&#8221;uncode-palette&#8221; [&hellip;]\" \/>\n<meta property=\"og:url\" content=\"https:\/\/adamohammock.com\/en\/adamo-categories\/baby-room\/playmat\/\" \/>\n<meta property=\"og:site_name\" content=\"ADAMO Hammock\" \/>\n<meta property=\"article:modified_time\" content=\"2025-10-30T14:18:14+00:00\" \/>\n<meta property=\"og:image\" content=\"https:\/\/adamohammock.com\/wp-content\/uploads\/2024\/01\/feszek-alvo-babaaval-scaled.jpg\" \/>\n\t<meta property=\"og:image:width\" content=\"2560\" \/>\n\t<meta property=\"og:image:height\" content=\"1707\" \/>\n\t<meta property=\"og:image:type\" content=\"image\/jpeg\" \/>\n<meta name=\"twitter:card\" content=\"summary_large_image\" \/>\n<meta name=\"twitter:label1\" content=\"Est. reading time\" \/>\n\t<meta name=\"twitter:data1\" content=\"4 minutes\" \/>\n<script type=\"application\/ld+json\" class=\"yoast-schema-graph\">{\"@context\":\"https:\\\/\\\/schema.org\",\"@graph\":[{\"@type\":\"WebPage\",\"@id\":\"https:\\\/\\\/adamohammock.com\\\/en\\\/adamo-categories\\\/baby-room\\\/playmat\\\/\",\"url\":\"https:\\\/\\\/adamohammock.com\\\/en\\\/adamo-categories\\\/baby-room\\\/playmat\\\/\",\"name\":\"Playmat - ADAMO Hammock\",\"isPartOf\":{\"@id\":\"https:\\\/\\\/adamohammock.com\\\/#website\"},\"primaryImageOfPage\":{\"@id\":\"https:\\\/\\\/adamohammock.com\\\/en\\\/adamo-categories\\\/baby-room\\\/playmat\\\/#primaryimage\"},\"image\":{\"@id\":\"https:\\\/\\\/adamohammock.com\\\/en\\\/adamo-categories\\\/baby-room\\\/playmat\\\/#primaryimage\"},\"thumbnailUrl\":\"https:\\\/\\\/adamohammock.com\\\/wp-content\\\/uploads\\\/2024\\\/01\\\/feszek-alvo-babaaval-scaled.jpg\",\"datePublished\":\"2025-02-24T11:12:44+00:00\",\"dateModified\":\"2025-10-30T14:18:14+00:00\",\"breadcrumb\":{\"@id\":\"https:\\\/\\\/adamohammock.com\\\/en\\\/adamo-categories\\\/baby-room\\\/playmat\\\/#breadcrumb\"},\"inLanguage\":\"en-US\",\"potentialAction\":[{\"@type\":\"ReadAction\",\"target\":[\"https:\\\/\\\/adamohammock.com\\\/en\\\/adamo-categories\\\/baby-room\\\/playmat\\\/\"]}]},{\"@type\":\"ImageObject\",\"inLanguage\":\"en-US\",\"@id\":\"https:\\\/\\\/adamohammock.com\\\/en\\\/adamo-categories\\\/baby-room\\\/playmat\\\/#primaryimage\",\"url\":\"https:\\\/\\\/adamohammock.com\\\/wp-content\\\/uploads\\\/2024\\\/01\\\/feszek-alvo-babaaval-scaled.jpg\",\"contentUrl\":\"https:\\\/\\\/adamohammock.com\\\/wp-content\\\/uploads\\\/2024\\\/01\\\/feszek-alvo-babaaval-scaled.jpg\",\"width\":2560,\"height\":1707},{\"@type\":\"BreadcrumbList\",\"@id\":\"https:\\\/\\\/adamohammock.com\\\/en\\\/adamo-categories\\\/baby-room\\\/playmat\\\/#breadcrumb\",\"itemListElement\":[{\"@type\":\"ListItem\",\"position\":1,\"name\":\"Home\",\"item\":\"https:\\\/\\\/adamohammock.com\\\/en\\\/homepage\\\/\"},{\"@type\":\"ListItem\",\"position\":2,\"name\":\"Adamo categories\",\"item\":\"https:\\\/\\\/adamohammock.com\\\/en\\\/adamo-categories\\\/\"},{\"@type\":\"ListItem\",\"position\":3,\"name\":\"Baby room\",\"item\":\"https:\\\/\\\/adamohammock.com\\\/adamo-kategoriak\\\/babaszoba\\\/\"},{\"@type\":\"ListItem\",\"position\":4,\"name\":\"Playmat\"}]},{\"@type\":\"WebSite\",\"@id\":\"https:\\\/\\\/adamohammock.com\\\/#website\",\"url\":\"https:\\\/\\\/adamohammock.com\\\/\",\"name\":\"ADAMO Hammock\",\"description\":\"Az eredeti ADAMO babahinta - Hivatalos webshop\",\"potentialAction\":[{\"@type\":\"SearchAction\",\"target\":{\"@type\":\"EntryPoint\",\"urlTemplate\":\"https:\\\/\\\/adamohammock.com\\\/?s={search_term_string}\"},\"query-input\":{\"@type\":\"PropertyValueSpecification\",\"valueRequired\":true,\"valueName\":\"search_term_string\"}}],\"inLanguage\":\"en-US\"}]}<\/script>\n<!-- \/ Yoast SEO plugin. -->","yoast_head_json":{"title":"Playmat - ADAMO Hammock","robots":{"index":"index","follow":"follow","max-snippet":"max-snippet:-1","max-image-preview":"max-image-preview:large","max-video-preview":"max-video-preview:-1"},"canonical":"https:\/\/adamohammock.com\/en\/adamo-categories\/baby-room\/playmat\/","og_locale":"en_US","og_type":"article","og_title":"Playmat - ADAMO Hammock","og_description":"[vc_row row_height_percent=&#8221;45&#8243; override_padding=&#8221;yes&#8221; h_padding=&#8221;0&#8243; top_padding=&#8221;3&#8243; bottom_padding=&#8221;3&#8243; back_color=&#8221;accent&#8221; back_image=&#8221;132138&#8243; back_position=&#8221;center center&#8221; overlay_color=&#8221;color-265817&#8243; overlay_alpha=&#8221;30&#8243; equal_height=&#8221;yes&#8221; gutter_size=&#8221;4&#8243; column_width_percent=&#8221;100&#8243; shift_y=&#8221;0&#8243; z_index=&#8221;0&#8243; content_parallax=&#8221;0&#8243; uncode_shortcode_id=&#8221;174738&#8243; back_color_type=&#8221;uncode-palette&#8221; [&hellip;]","og_url":"https:\/\/adamohammock.com\/en\/adamo-categories\/baby-room\/playmat\/","og_site_name":"ADAMO Hammock","article_modified_time":"2025-10-30T14:18:14+00:00","og_image":[{"width":2560,"height":1707,"url":"https:\/\/adamohammock.com\/wp-content\/uploads\/2024\/01\/feszek-alvo-babaaval-scaled.jpg","type":"image\/jpeg"}],"twitter_card":"summary_large_image","twitter_misc":{"Est. reading time":"4 minutes"},"schema":{"@context":"https:\/\/schema.org","@graph":[{"@type":"WebPage","@id":"https:\/\/adamohammock.com\/en\/adamo-categories\/baby-room\/playmat\/","url":"https:\/\/adamohammock.com\/en\/adamo-categories\/baby-room\/playmat\/","name":"Playmat - ADAMO Hammock","isPartOf":{"@id":"https:\/\/adamohammock.com\/#website"},"primaryImageOfPage":{"@id":"https:\/\/adamohammock.com\/en\/adamo-categories\/baby-room\/playmat\/#primaryimage"},"image":{"@id":"https:\/\/adamohammock.com\/en\/adamo-categories\/baby-room\/playmat\/#primaryimage"},"thumbnailUrl":"https:\/\/adamohammock.com\/wp-content\/uploads\/2024\/01\/feszek-alvo-babaaval-scaled.jpg","datePublished":"2025-02-24T11:12:44+00:00","dateModified":"2025-10-30T14:18:14+00:00","breadcrumb":{"@id":"https:\/\/adamohammock.com\/en\/adamo-categories\/baby-room\/playmat\/#breadcrumb"},"inLanguage":"en-US","potentialAction":[{"@type":"ReadAction","target":["https:\/\/adamohammock.com\/en\/adamo-categories\/baby-room\/playmat\/"]}]},{"@type":"ImageObject","inLanguage":"en-US","@id":"https:\/\/adamohammock.com\/en\/adamo-categories\/baby-room\/playmat\/#primaryimage","url":"https:\/\/adamohammock.com\/wp-content\/uploads\/2024\/01\/feszek-alvo-babaaval-scaled.jpg","contentUrl":"https:\/\/adamohammock.com\/wp-content\/uploads\/2024\/01\/feszek-alvo-babaaval-scaled.jpg","width":2560,"height":1707},{"@type":"BreadcrumbList","@id":"https:\/\/adamohammock.com\/en\/adamo-categories\/baby-room\/playmat\/#breadcrumb","itemListElement":[{"@type":"ListItem","position":1,"name":"Home","item":"https:\/\/adamohammock.com\/en\/homepage\/"},{"@type":"ListItem","position":2,"name":"Adamo categories","item":"https:\/\/adamohammock.com\/en\/adamo-categories\/"},{"@type":"ListItem","position":3,"name":"Baby room","item":"https:\/\/adamohammock.com\/adamo-kategoriak\/babaszoba\/"},{"@type":"ListItem","position":4,"name":"Playmat"}]},{"@type":"WebSite","@id":"https:\/\/adamohammock.com\/#website","url":"https:\/\/adamohammock.com\/","name":"ADAMO Hammock","description":"Az eredeti ADAMO babahinta - Hivatalos webshop","potentialAction":[{"@type":"SearchAction","target":{"@type":"EntryPoint","urlTemplate":"https:\/\/adamohammock.com\/?s={search_term_string}"},"query-input":{"@type":"PropertyValueSpecification","valueRequired":true,"valueName":"search_term_string"}}],"inLanguage":"en-US"}]}},"_links":{"self":[{"href":"https:\/\/adamohammock.com\/en\/wp-json\/wp\/v2\/pages\/146705","targetHints":{"allow":["GET"]}}],"collection":[{"href":"https:\/\/adamohammock.com\/en\/wp-json\/wp\/v2\/pages"}],"about":[{"href":"https:\/\/adamohammock.com\/en\/wp-json\/wp\/v2\/types\/page"}],"author":[{"embeddable":true,"href":"https:\/\/adamohammock.com\/en\/wp-json\/wp\/v2\/users\/10"}],"replies":[{"embeddable":true,"href":"https:\/\/adamohammock.com\/en\/wp-json\/wp\/v2\/comments?post=146705"}],"version-history":[{"count":2,"href":"https:\/\/adamohammock.com\/en\/wp-json\/wp\/v2\/pages\/146705\/revisions"}],"predecessor-version":[{"id":146707,"href":"https:\/\/adamohammock.com\/en\/wp-json\/wp\/v2\/pages\/146705\/revisions\/146707"}],"up":[{"embeddable":true,"href":"https:\/\/adamohammock.com\/en\/wp-json\/wp\/v2\/pages\/136731"}],"wp:featuredmedia":[{"embeddable":true,"href":"https:\/\/adamohammock.com\/en\/wp-json\/wp\/v2\/media\/132356"}],"wp:attachment":[{"href":"https:\/\/adamohammock.com\/en\/wp-json\/wp\/v2\/media?parent=146705"}],"curies":[{"name":"wp","href":"https:\/\/api.w.org\/{rel}","templated":true}]}}