{"id":131877,"date":"2024-01-25T10:48:53","date_gmt":"2024-01-25T08:48:53","guid":{"rendered":"https:\/\/adamohammock.com\/?post_type=product&#038;p=131877"},"modified":"2026-03-18T12:58:50","modified_gmt":"2026-03-18T11:58:50","slug":"bibs-cumitarto","status":"publish","type":"product","link":"https:\/\/adamohammock.com\/en\/termek\/bibs-cumitarto\/","title":{"rendered":"BIBS Cumitart\u00f3"},"content":{"rendered":"<div class=\"wpb-content-wrapper\"><p>[vc_row unlock_row_content=&#8221;yes&#8221; row_height_percent=&#8221;0&#8243; override_padding=&#8221;yes&#8221; h_padding=&#8221;0&#8243; top_padding=&#8221;0&#8243; bottom_padding=&#8221;0&#8243; overlay_alpha=&#8221;50&#8243; gutter_size=&#8221;3&#8243; column_width_percent=&#8221;100&#8243; shift_y=&#8221;0&#8243; z_index=&#8221;0&#8243; uncode_shortcode_id=&#8221;206693&#8243;][vc_column column_width_percent=&#8221;100&#8243; gutter_size=&#8221;3&#8243; overlay_alpha=&#8221;50&#8243; shift_x=&#8221;0&#8243; shift_y=&#8221;0&#8243; shift_y_down=&#8221;0&#8243; z_index=&#8221;0&#8243; medium_width=&#8221;3&#8243; mobile_width=&#8221;3&#8243; width=&#8221;1\/3&#8243; uncode_shortcode_id=&#8221;200953&#8243;][vc_single_image media=&#8221;134145&#8243; media_width_percent=&#8221;100&#8243; media_ratio=&#8221;four-five&#8221; uncode_shortcode_id=&#8221;159138&#8243;][\/vc_column][vc_column column_width_percent=&#8221;100&#8243; gutter_size=&#8221;3&#8243; overlay_alpha=&#8221;50&#8243; shift_x=&#8221;0&#8243; shift_y=&#8221;0&#8243; shift_y_down=&#8221;0&#8243; z_index=&#8221;0&#8243; medium_width=&#8221;3&#8243; mobile_width=&#8221;3&#8243; width=&#8221;1\/3&#8243; uncode_shortcode_id=&#8221;328276&#8243;][vc_single_image media=&#8221;134146&#8243; media_width_percent=&#8221;100&#8243; media_ratio=&#8221;four-five&#8221; uncode_shortcode_id=&#8221;663558&#8243;][\/vc_column][vc_column column_width_percent=&#8221;100&#8243; gutter_size=&#8221;3&#8243; overlay_alpha=&#8221;50&#8243; shift_x=&#8221;0&#8243; shift_y=&#8221;0&#8243; shift_y_down=&#8221;0&#8243; z_index=&#8221;0&#8243; medium_width=&#8221;3&#8243; mobile_width=&#8221;3&#8243; width=&#8221;1\/3&#8243; uncode_shortcode_id=&#8221;207631&#8243;][vc_single_image media=&#8221;134148&#8243; media_width_percent=&#8221;100&#8243; media_ratio=&#8221;four-five&#8221; uncode_shortcode_id=&#8221;115499&#8243;][\/vc_column][\/vc_row][vc_row row_height_percent=&#8221;0&#8243; override_padding=&#8221;yes&#8221; h_padding=&#8221;2&#8243; top_padding=&#8221;4&#8243; bottom_padding=&#8221;4&#8243; overlay_alpha=&#8221;50&#8243; gutter_size=&#8221;4&#8243; column_width_percent=&#8221;100&#8243; shift_y=&#8221;0&#8243; z_index=&#8221;0&#8243; uncode_shortcode_id=&#8221;192933&#8243;][vc_column column_width_percent=&#8221;100&#8243; gutter_size=&#8221;2&#8243; overlay_alpha=&#8221;50&#8243; shift_x=&#8221;0&#8243; shift_y=&#8221;0&#8243; shift_y_down=&#8221;0&#8243; z_index=&#8221;0&#8243; medium_width=&#8221;3&#8243; mobile_width=&#8221;0&#8243; width=&#8221;1\/3&#8243; uncode_shortcode_id=&#8221;786652&#8243;][vc_custom_heading heading_semantic=&#8221;h3&#8243; text_size=&#8221;h4&#8243; uncode_shortcode_id=&#8221;729701&#8243;]MI is ez?[\/vc_custom_heading][vc_column_text uncode_shortcode_id=&#8221;177328&#8243;]100% \u00e9lelmiszerbiztos anyagb\u00f3l k\u00e9sz\u00fcl.<br \/>\n100% BPA-, PVC- \u00e9s ftal\u00e1tmentes.<br \/>\nAk\u00e1r h\u00e1rom BIBS cumit is t\u00e1rolhatsz benne.<br \/>\nMikr\u00f3ban haszn\u00e1lhat\u00f3, mosogat\u00f3g\u00e9pben tiszt\u00edthat\u00f3, j\u00f3l t\u0171ri a hideget.<br \/>\nHozz\u00e1ill\u0151, szilikon zsin\u00f3rj\u00e1val b\u00e1rhova k\u00f6nnyen r\u00f6gz\u00edthet\u0151.[\/vc_column_text][\/vc_column][vc_column column_width_percent=&#8221;100&#8243; gutter_size=&#8221;2&#8243; overlay_alpha=&#8221;50&#8243; shift_x=&#8221;0&#8243; shift_y=&#8221;0&#8243; shift_y_down=&#8221;0&#8243; z_index=&#8221;0&#8243; medium_width=&#8221;3&#8243; mobile_width=&#8221;0&#8243; width=&#8221;1\/3&#8243; uncode_shortcode_id=&#8221;134867&#8243;][vc_custom_heading heading_semantic=&#8221;h3&#8243; text_size=&#8221;h4&#8243; uncode_shortcode_id=&#8221;124864&#8243;]\u00datk\u00f6zben[\/vc_custom_heading][vc_column_text uncode_shortcode_id=&#8221;147624&#8243;]Mindig keresitek hogy hova b\u00fajt el az a fr\u00e1nya cumi a babakocsiban s\u00e9ta k\u00f6zben? Erre is megold\u00e1st ny\u00fajthat hiszen nem kell sem a t\u00e1ska m\u00e9ly\u00e9n kutakodni, sem a babakocsi minden zug\u00e1t felt\u00farni. Egyszer\u0171en csak akaszd fel a tol\u00f3 karra \u00e9s biztosan azonnal k\u00e9zn\u00e9l lesz ha sz\u00fcks\u00e9g van r\u00e1.<\/p>\n<p>[\/vc_column_text][\/vc_column][vc_column column_width_percent=&#8221;100&#8243; gutter_size=&#8221;2&#8243; overlay_alpha=&#8221;50&#8243; shift_x=&#8221;0&#8243; shift_y=&#8221;0&#8243; shift_y_down=&#8221;0&#8243; z_index=&#8221;0&#8243; medium_width=&#8221;3&#8243; mobile_width=&#8221;0&#8243; width=&#8221;1\/3&#8243; uncode_shortcode_id=&#8221;211157&#8243;][vc_custom_heading heading_semantic=&#8221;h3&#8243; text_size=&#8221;h4&#8243; uncode_shortcode_id=&#8221;954610&#8243;]Sokr\u00e9t\u0171 felhaszn\u00e1l\u00e1s[\/vc_custom_heading][vc_column_text uncode_shortcode_id=&#8221;327172&#8243;]Nem csak cumikat tarthatsz benne, ak\u00e1r egy kis napk\u00f6zbeni nassolni val\u00f3t is magtokkal tudsz vinni. Emellett arra is alkalmas, hogy benne kedvenc BIBS cumijaidat fert\u0151tlen\u00edtsd ak\u00e1r mikr\u00f3ban ak\u00e1r mosogat\u00f3g\u00e9pben, vagy a hagyom\u00e1nyos m\u00f3don forr\u00f3 v\u00edzben.[\/vc_column_text][\/vc_column][\/vc_row][vc_row unlock_row_content=&#8221;yes&#8221; row_height_percent=&#8221;0&#8243; override_padding=&#8221;yes&#8221; h_padding=&#8221;0&#8243; top_padding=&#8221;0&#8243; bottom_padding=&#8221;0&#8243; overlay_alpha=&#8221;50&#8243; gutter_size=&#8221;3&#8243; column_width_percent=&#8221;100&#8243; shift_y=&#8221;0&#8243; z_index=&#8221;0&#8243; uncode_shortcode_id=&#8221;202594&#8243;][vc_column column_width_percent=&#8221;100&#8243; gutter_size=&#8221;4&#8243; overlay_alpha=&#8221;50&#8243; shift_x=&#8221;0&#8243; shift_y=&#8221;0&#8243; shift_y_down=&#8221;0&#8243; z_index=&#8221;0&#8243; medium_width=&#8221;0&#8243; mobile_width=&#8221;0&#8243; width=&#8221;1\/1&#8243; uncode_shortcode_id=&#8221;835754&#8243;][vc_single_image media=&#8221;134144&#8243; media_width_percent=&#8221;100&#8243; alignment=&#8221;center&#8221; uncode_shortcode_id=&#8221;109085&#8243;][\/vc_column][\/vc_row]<\/p>\n<\/div>","protected":false},"excerpt":{"rendered":"<p>A BIBS cumitart\u00f3 egy t\u00f6bbfunkci\u00f3s kieg\u00e9sz\u00edt\u0151.<br \/>\nT\u00e1rol\u00e1sra \u00e9s cumik fert\u0151tlen\u00edt\u00e9s\u00e9re is haszn\u00e1lhat\u00f3.<\/p>\n","protected":false},"featured_media":132136,"template":"","meta":[],"product_brand":[],"product_cat":[1590,1604,1878],"product_tag":[],"class_list":{"0":"post-131877","1":"product","2":"type-product","3":"status-publish","4":"has-post-thumbnail","6":"product_cat-babaszoba","7":"product_cat-bibs-cumik","8":"product_cat-osszes-termek","9":"product_shipping_class-konnyu","10":"product_shipping_class-nehez","12":"first","13":"instock","14":"taxable","15":"shipping-taxable","16":"purchasable","17":"product-type-variable","18":"woocommerce-product-gallery--with-variation-gallery product-gallery-placeholder"},"yoast_head":"<!-- This site is optimized with the Yoast SEO plugin v27.3 - https:\/\/yoast.com\/product\/yoast-seo-wordpress\/ -->\n<title>BIBS Cumitart\u00f3 - ADAMO Hammock<\/title>\n<meta name=\"robots\" content=\"index, follow, max-snippet:-1, max-image-preview:large, max-video-preview:-1\" \/>\n<link rel=\"canonical\" href=\"https:\/\/adamohammock.com\/termek\/bibs-cumitarto\/\" \/>\n<meta property=\"og:locale\" content=\"en_US\" \/>\n<meta property=\"og:type\" content=\"article\" \/>\n<meta property=\"og:title\" content=\"BIBS Cumitart\u00f3 - ADAMO Hammock\" \/>\n<meta property=\"og:description\" content=\"A BIBS cumitart\u00f3 egy t\u00f6bbfunkci\u00f3s kieg\u00e9sz\u00edt\u0151. T\u00e1rol\u00e1sra \u00e9s cumik fert\u0151tlen\u00edt\u00e9s\u00e9re is haszn\u00e1lhat\u00f3.\" \/>\n<meta property=\"og:url\" content=\"https:\/\/adamohammock.com\/termek\/bibs-cumitarto\/\" \/>\n<meta property=\"og:site_name\" content=\"ADAMO Hammock\" \/>\n<meta property=\"article:modified_time\" content=\"2026-03-18T11:58:50+00:00\" \/>\n<meta property=\"og:image\" content=\"https:\/\/adamohammock.com\/wp-content\/uploads\/2024\/01\/BIBS-cumitarto-scaled.jpg\" \/>\n\t<meta property=\"og:image:width\" content=\"2560\" \/>\n\t<meta property=\"og:image:height\" content=\"1707\" \/>\n\t<meta property=\"og:image:type\" content=\"image\/jpeg\" \/>\n<meta name=\"twitter:card\" content=\"summary_large_image\" \/>\n<meta name=\"twitter:label1\" content=\"Est. reading time\" \/>\n\t<meta name=\"twitter:data1\" content=\"2 minutes\" \/>\n<script type=\"application\/ld+json\" class=\"yoast-schema-graph\">{\"@context\":\"https:\\\/\\\/schema.org\",\"@graph\":[{\"@type\":\"WebPage\",\"@id\":\"https:\\\/\\\/adamohammock.com\\\/termek\\\/bibs-cumitarto\\\/\",\"url\":\"https:\\\/\\\/adamohammock.com\\\/termek\\\/bibs-cumitarto\\\/\",\"name\":\"BIBS Cumitart\u00f3 - ADAMO Hammock\",\"isPartOf\":{\"@id\":\"https:\\\/\\\/adamohammock.com\\\/#website\"},\"primaryImageOfPage\":{\"@id\":\"https:\\\/\\\/adamohammock.com\\\/termek\\\/bibs-cumitarto\\\/#primaryimage\"},\"image\":{\"@id\":\"https:\\\/\\\/adamohammock.com\\\/termek\\\/bibs-cumitarto\\\/#primaryimage\"},\"thumbnailUrl\":\"https:\\\/\\\/adamohammock.com\\\/wp-content\\\/uploads\\\/2024\\\/01\\\/BIBS-cumitarto-scaled.jpg\",\"datePublished\":\"2024-01-25T08:48:53+00:00\",\"dateModified\":\"2026-03-18T11:58:50+00:00\",\"breadcrumb\":{\"@id\":\"https:\\\/\\\/adamohammock.com\\\/termek\\\/bibs-cumitarto\\\/#breadcrumb\"},\"inLanguage\":\"en-US\",\"potentialAction\":[{\"@type\":\"ReadAction\",\"target\":[\"https:\\\/\\\/adamohammock.com\\\/termek\\\/bibs-cumitarto\\\/\"]}]},{\"@type\":\"ImageObject\",\"inLanguage\":\"en-US\",\"@id\":\"https:\\\/\\\/adamohammock.com\\\/termek\\\/bibs-cumitarto\\\/#primaryimage\",\"url\":\"https:\\\/\\\/adamohammock.com\\\/wp-content\\\/uploads\\\/2024\\\/01\\\/BIBS-cumitarto-scaled.jpg\",\"contentUrl\":\"https:\\\/\\\/adamohammock.com\\\/wp-content\\\/uploads\\\/2024\\\/01\\\/BIBS-cumitarto-scaled.jpg\",\"width\":2560,\"height\":1707},{\"@type\":\"BreadcrumbList\",\"@id\":\"https:\\\/\\\/adamohammock.com\\\/termek\\\/bibs-cumitarto\\\/#breadcrumb\",\"itemListElement\":[{\"@type\":\"ListItem\",\"position\":1,\"name\":\"Home\",\"item\":\"https:\\\/\\\/adamohammock.com\\\/en\\\/homepage\\\/\"},{\"@type\":\"ListItem\",\"position\":2,\"name\":\"Webshop\",\"item\":\"https:\\\/\\\/adamohammock.com\\\/en\\\/webshop-en\\\/\"},{\"@type\":\"ListItem\",\"position\":3,\"name\":\"BIBS Cumitart\u00f3\"}]},{\"@type\":\"WebSite\",\"@id\":\"https:\\\/\\\/adamohammock.com\\\/#website\",\"url\":\"https:\\\/\\\/adamohammock.com\\\/\",\"name\":\"ADAMO Hammock\",\"description\":\"Az eredeti ADAMO babahinta - Hivatalos webshop\",\"potentialAction\":[{\"@type\":\"SearchAction\",\"target\":{\"@type\":\"EntryPoint\",\"urlTemplate\":\"https:\\\/\\\/adamohammock.com\\\/?s={search_term_string}\"},\"query-input\":{\"@type\":\"PropertyValueSpecification\",\"valueRequired\":true,\"valueName\":\"search_term_string\"}}],\"inLanguage\":\"en-US\"}]}<\/script>\n<!-- \/ Yoast SEO plugin. -->","yoast_head_json":{"title":"BIBS Cumitart\u00f3 - ADAMO Hammock","robots":{"index":"index","follow":"follow","max-snippet":"max-snippet:-1","max-image-preview":"max-image-preview:large","max-video-preview":"max-video-preview:-1"},"canonical":"https:\/\/adamohammock.com\/termek\/bibs-cumitarto\/","og_locale":"en_US","og_type":"article","og_title":"BIBS Cumitart\u00f3 - ADAMO Hammock","og_description":"A BIBS cumitart\u00f3 egy t\u00f6bbfunkci\u00f3s kieg\u00e9sz\u00edt\u0151. T\u00e1rol\u00e1sra \u00e9s cumik fert\u0151tlen\u00edt\u00e9s\u00e9re is haszn\u00e1lhat\u00f3.","og_url":"https:\/\/adamohammock.com\/termek\/bibs-cumitarto\/","og_site_name":"ADAMO Hammock","article_modified_time":"2026-03-18T11:58:50+00:00","og_image":[{"width":2560,"height":1707,"url":"https:\/\/adamohammock.com\/wp-content\/uploads\/2024\/01\/BIBS-cumitarto-scaled.jpg","type":"image\/jpeg"}],"twitter_card":"summary_large_image","twitter_misc":{"Est. reading time":"2 minutes"},"schema":{"@context":"https:\/\/schema.org","@graph":[{"@type":"WebPage","@id":"https:\/\/adamohammock.com\/termek\/bibs-cumitarto\/","url":"https:\/\/adamohammock.com\/termek\/bibs-cumitarto\/","name":"BIBS Cumitart\u00f3 - ADAMO Hammock","isPartOf":{"@id":"https:\/\/adamohammock.com\/#website"},"primaryImageOfPage":{"@id":"https:\/\/adamohammock.com\/termek\/bibs-cumitarto\/#primaryimage"},"image":{"@id":"https:\/\/adamohammock.com\/termek\/bibs-cumitarto\/#primaryimage"},"thumbnailUrl":"https:\/\/adamohammock.com\/wp-content\/uploads\/2024\/01\/BIBS-cumitarto-scaled.jpg","datePublished":"2024-01-25T08:48:53+00:00","dateModified":"2026-03-18T11:58:50+00:00","breadcrumb":{"@id":"https:\/\/adamohammock.com\/termek\/bibs-cumitarto\/#breadcrumb"},"inLanguage":"en-US","potentialAction":[{"@type":"ReadAction","target":["https:\/\/adamohammock.com\/termek\/bibs-cumitarto\/"]}]},{"@type":"ImageObject","inLanguage":"en-US","@id":"https:\/\/adamohammock.com\/termek\/bibs-cumitarto\/#primaryimage","url":"https:\/\/adamohammock.com\/wp-content\/uploads\/2024\/01\/BIBS-cumitarto-scaled.jpg","contentUrl":"https:\/\/adamohammock.com\/wp-content\/uploads\/2024\/01\/BIBS-cumitarto-scaled.jpg","width":2560,"height":1707},{"@type":"BreadcrumbList","@id":"https:\/\/adamohammock.com\/termek\/bibs-cumitarto\/#breadcrumb","itemListElement":[{"@type":"ListItem","position":1,"name":"Home","item":"https:\/\/adamohammock.com\/en\/homepage\/"},{"@type":"ListItem","position":2,"name":"Webshop","item":"https:\/\/adamohammock.com\/en\/webshop-en\/"},{"@type":"ListItem","position":3,"name":"BIBS Cumitart\u00f3"}]},{"@type":"WebSite","@id":"https:\/\/adamohammock.com\/#website","url":"https:\/\/adamohammock.com\/","name":"ADAMO Hammock","description":"Az eredeti ADAMO babahinta - Hivatalos webshop","potentialAction":[{"@type":"SearchAction","target":{"@type":"EntryPoint","urlTemplate":"https:\/\/adamohammock.com\/?s={search_term_string}"},"query-input":{"@type":"PropertyValueSpecification","valueRequired":true,"valueName":"search_term_string"}}],"inLanguage":"en-US"}]}},"_links":{"self":[{"href":"https:\/\/adamohammock.com\/en\/wp-json\/wp\/v2\/product\/131877","targetHints":{"allow":["GET"]}}],"collection":[{"href":"https:\/\/adamohammock.com\/en\/wp-json\/wp\/v2\/product"}],"about":[{"href":"https:\/\/adamohammock.com\/en\/wp-json\/wp\/v2\/types\/product"}],"wp:featuredmedia":[{"embeddable":true,"href":"https:\/\/adamohammock.com\/en\/wp-json\/wp\/v2\/media\/132136"}],"wp:attachment":[{"href":"https:\/\/adamohammock.com\/en\/wp-json\/wp\/v2\/media?parent=131877"}],"wp:term":[{"taxonomy":"product_brand","embeddable":true,"href":"https:\/\/adamohammock.com\/en\/wp-json\/wp\/v2\/product_brand?post=131877"},{"taxonomy":"product_cat","embeddable":true,"href":"https:\/\/adamohammock.com\/en\/wp-json\/wp\/v2\/product_cat?post=131877"},{"taxonomy":"product_tag","embeddable":true,"href":"https:\/\/adamohammock.com\/en\/wp-json\/wp\/v2\/product_tag?post=131877"}],"curies":[{"name":"wp","href":"https:\/\/api.w.org\/{rel}","templated":true}]}}