{"id":131890,"date":"2024-01-25T10:53:13","date_gmt":"2024-01-25T08:53:13","guid":{"rendered":"https:\/\/adamohammock.com\/?post_type=product&#038;p=131890"},"modified":"2025-10-09T09:55:48","modified_gmt":"2025-10-09T07:55:48","slug":"familym-csoros-pohar","status":"publish","type":"product","link":"https:\/\/adamohammock.com\/en\/termek\/familym-csoros-pohar\/","title":{"rendered":"Familym biom\u0171anyag baba cs\u0151r\u00f6s poh\u00e1r"},"content":{"rendered":"<div class=\"wpb-content-wrapper\"><p>[vc_row unlock_row_content=&#8221;yes&#8221; row_height_percent=&#8221;0&#8243; override_padding=&#8221;yes&#8221; h_padding=&#8221;0&#8243; top_padding=&#8221;0&#8243; bottom_padding=&#8221;0&#8243; overlay_alpha=&#8221;50&#8243; gutter_size=&#8221;3&#8243; column_width_percent=&#8221;100&#8243; shift_y=&#8221;0&#8243; z_index=&#8221;0&#8243; uncode_shortcode_id=&#8221;206693&#8243;][vc_column column_width_percent=&#8221;100&#8243; gutter_size=&#8221;3&#8243; overlay_alpha=&#8221;50&#8243; shift_x=&#8221;0&#8243; shift_y=&#8221;0&#8243; shift_y_down=&#8221;0&#8243; z_index=&#8221;0&#8243; medium_width=&#8221;3&#8243; mobile_width=&#8221;3&#8243; width=&#8221;1\/3&#8243; uncode_shortcode_id=&#8221;200953&#8243;][vc_single_image media=&#8221;134023&#8243; media_width_percent=&#8221;100&#8243; media_ratio=&#8221;four-five&#8221; uncode_shortcode_id=&#8221;207370&#8243;][\/vc_column][vc_column column_width_percent=&#8221;100&#8243; gutter_size=&#8221;3&#8243; overlay_alpha=&#8221;50&#8243; shift_x=&#8221;0&#8243; shift_y=&#8221;0&#8243; shift_y_down=&#8221;0&#8243; z_index=&#8221;0&#8243; medium_width=&#8221;3&#8243; mobile_width=&#8221;3&#8243; width=&#8221;1\/3&#8243; uncode_shortcode_id=&#8221;328276&#8243;][vc_single_image media=&#8221;134011&#8243; media_width_percent=&#8221;100&#8243; media_ratio=&#8221;four-five&#8221; uncode_shortcode_id=&#8221;129743&#8243;][\/vc_column][vc_column column_width_percent=&#8221;100&#8243; gutter_size=&#8221;3&#8243; overlay_alpha=&#8221;50&#8243; shift_x=&#8221;0&#8243; shift_y=&#8221;0&#8243; shift_y_down=&#8221;0&#8243; z_index=&#8221;0&#8243; medium_width=&#8221;3&#8243; mobile_width=&#8221;3&#8243; width=&#8221;1\/3&#8243; uncode_shortcode_id=&#8221;207631&#8243;][vc_single_image media=&#8221;134019&#8243; media_width_percent=&#8221;100&#8243; media_ratio=&#8221;four-five&#8221; uncode_shortcode_id=&#8221;348584&#8243;][\/vc_column][\/vc_row][vc_row row_height_percent=&#8221;0&#8243; override_padding=&#8221;yes&#8221; h_padding=&#8221;2&#8243; top_padding=&#8221;4&#8243; bottom_padding=&#8221;4&#8243; overlay_alpha=&#8221;50&#8243; gutter_size=&#8221;4&#8243; column_width_percent=&#8221;100&#8243; shift_y=&#8221;0&#8243; z_index=&#8221;0&#8243; uncode_shortcode_id=&#8221;192933&#8243;][vc_column column_width_percent=&#8221;100&#8243; gutter_size=&#8221;2&#8243; overlay_alpha=&#8221;50&#8243; shift_x=&#8221;0&#8243; shift_y=&#8221;0&#8243; shift_y_down=&#8221;0&#8243; z_index=&#8221;0&#8243; medium_width=&#8221;3&#8243; mobile_width=&#8221;0&#8243; width=&#8221;1\/3&#8243; uncode_shortcode_id=&#8221;786652&#8243;][vc_custom_heading heading_semantic=&#8221;h3&#8243; text_size=&#8221;h4&#8243; uncode_shortcode_id=&#8221;232747&#8243;]Megn\u00f6vekedett folyad\u00e9k ig\u00e9ny[\/vc_custom_heading][vc_column_text uncode_shortcode_id=&#8221;952321&#8243;]A szak\u00e9rt\u0151k szerint a kisbab\u00e1k \u00e9let\u00e9nek els\u0151 6 h\u00f3napj\u00e1ban az anyatej teljesen lefedi a gyermek t\u00e1pl\u00e1l\u00e9k- \u00e9s a folyad\u00e9kig\u00e9ny\u00e9t. Azonban 6 h\u00f3napos kort\u00f3l megn\u00f6vekszik a bab\u00e1k folyad\u00e9ksz\u00fcks\u00e9glete, \u00edgy a hozz\u00e1t\u00e1pl\u00e1l\u00e1s megkezd\u00e9s\u00e9vel javasolt a folyad\u00e9kp\u00f3tl\u00e1s is. Anyatejes \u00e9s t\u00e1pszeres bab\u00e1k eset\u00e9ben is fontos, hogy a folyad\u00e9kot (ami v\u00edz, cukrozatlan tea legyen) poh\u00e1rb\u00f3l fogyassza el a gyermek. Az italt \u00edgy a baba nem tartogatja a sz\u00e1j\u00e1ban, mint a cumis\u00fcveg eset\u00e9ben, hanem egyb\u0151l lenyeli.[\/vc_column_text][\/vc_column][vc_column column_width_percent=&#8221;100&#8243; gutter_size=&#8221;2&#8243; overlay_alpha=&#8221;50&#8243; shift_x=&#8221;0&#8243; shift_y=&#8221;0&#8243; shift_y_down=&#8221;0&#8243; z_index=&#8221;0&#8243; medium_width=&#8221;3&#8243; mobile_width=&#8221;0&#8243; width=&#8221;1\/3&#8243; uncode_shortcode_id=&#8221;134867&#8243;][vc_custom_heading heading_semantic=&#8221;h3&#8243; text_size=&#8221;h4&#8243; uncode_shortcode_id=&#8221;209840&#8243;]\u00d6n\u00e1ll\u00f3 iv\u00e1s[\/vc_custom_heading][vc_column_text uncode_shortcode_id=&#8221;105417&#8243;]Az \u00f6n\u00e1ll\u00f3 iv\u00e1s megtanul\u00e1sa hossz\u00fa folyamat, aminek els\u0151 l\u00e9p\u00e9seiben a cs\u0151r\u00f6s poh\u00e1r seg\u00edthet. Ezzel az itat\u00f3poh\u00e1rral a folyad\u00e9k nem folyik mell\u00e9, kisbab\u00e1d k\u00f6nnyen megtanulhatja vele, hogyan is kell a sz\u00e1j\u00e1hoz emelni a poharat. A cs\u0151r\u00f6s fej seg\u00edt, hogy egy sz\u00e1m\u00e1ra ismer\u0151s, k\u00f6nny\u0171 technik\u00e1t saj\u00e1t\u00edtson el az iv\u00e1shoz, de m\u00e9gsem id\u00e9z el\u0151 cumizavart, hiszen kem\u00e9nyebb, mint egy cumis\u00fcvegen tal\u00e1lhat\u00f3 szilikon fej \u00e9s sz\u00edvnia sem kell a bab\u00e1nak ahhoz, hogy ihasson bel\u0151le.[\/vc_column_text][\/vc_column][vc_column column_width_percent=&#8221;100&#8243; gutter_size=&#8221;2&#8243; overlay_alpha=&#8221;50&#8243; shift_x=&#8221;0&#8243; shift_y=&#8221;0&#8243; shift_y_down=&#8221;0&#8243; z_index=&#8221;0&#8243; medium_width=&#8221;3&#8243; mobile_width=&#8221;0&#8243; width=&#8221;1\/3&#8243; uncode_shortcode_id=&#8221;211157&#8243;][vc_custom_heading heading_semantic=&#8221;h3&#8243; text_size=&#8221;h4&#8243; uncode_shortcode_id=&#8221;163124&#8243;]Mi\u00e9rt j\u00f3?[\/vc_custom_heading][vc_column_text uncode_shortcode_id=&#8221;185461&#8243;]<\/p>\n<ul>\n<li>Haszn\u00e1lat\u00e1t 6 h\u00f3napos kort\u00f3l aj\u00e1nljuk<\/li>\n<li>\u2013 100%-ban term\u00e9szetes, n\u00f6v\u00e9nyi alap\u00fa<\/li>\n<li>\u2013 Mikr\u00f3zhat\u00f3<\/li>\n<li>\u2013 Mosogat\u00f3g\u00e9pben tiszt\u00edthat\u00f3<\/li>\n<li>\u2013 5 f\u00e9le sz\u00ednben el\u00e9rhet\u0151<\/li>\n<li>\u2013 BPA \u00e9s melamin mentes<\/li>\n<li>\u2013 \u0170rtartalma 200 ml<\/li>\n<li>\u2013 Magass\u00e1ga 10 cm<\/li>\n<\/ul>\n<p>[\/vc_column_text][\/vc_column][\/vc_row][vc_row unlock_row_content=&#8221;yes&#8221; row_height_percent=&#8221;0&#8243; override_padding=&#8221;yes&#8221; h_padding=&#8221;0&#8243; top_padding=&#8221;0&#8243; bottom_padding=&#8221;0&#8243; overlay_alpha=&#8221;50&#8243; gutter_size=&#8221;3&#8243; column_width_percent=&#8221;100&#8243; shift_y=&#8221;0&#8243; z_index=&#8221;0&#8243; uncode_shortcode_id=&#8221;202594&#8243;][vc_column column_width_percent=&#8221;100&#8243; gutter_size=&#8221;4&#8243; overlay_alpha=&#8221;50&#8243; shift_x=&#8221;0&#8243; shift_y=&#8221;0&#8243; shift_y_down=&#8221;0&#8243; z_index=&#8221;0&#8243; medium_width=&#8221;0&#8243; mobile_width=&#8221;0&#8243; width=&#8221;1\/1&#8243; uncode_shortcode_id=&#8221;835754&#8243;][vc_single_image media=&#8221;134022&#8243; media_width_percent=&#8221;100&#8243; alignment=&#8221;center&#8221; uncode_shortcode_id=&#8221;395975&#8243;][\/vc_column][\/vc_row]<\/p>\n<\/div>","protected":false},"excerpt":{"rendered":"<p>Tan\u00edtsd meg kisbab\u00e1d az \u00f6n\u00e1ll\u00f3 iv\u00e1sra a Familym k\u00f6rnyezetbar\u00e1t cs\u0151r\u00f6s pohar\u00e1val!<\/p>\n","protected":false},"featured_media":132133,"template":"","meta":[],"product_brand":[],"product_cat":[1590,1606,1878],"product_tag":[],"class_list":{"0":"post-131890","1":"product","2":"type-product","3":"status-publish","4":"has-post-thumbnail","6":"product_cat-babaszoba","7":"product_cat-familym-etkeszlet","8":"product_cat-osszes-termek","9":"product_shipping_class-konnyu","11":"first","12":"instock","13":"taxable","14":"shipping-taxable","15":"purchasable","16":"product-type-variable","17":"woocommerce-product-gallery--with-variation-gallery product-gallery-placeholder"},"yoast_head":"<!-- This site is optimized with the Yoast SEO plugin v27.3 - https:\/\/yoast.com\/product\/yoast-seo-wordpress\/ -->\n<title>Familym biom\u0171anyag baba cs\u0151r\u00f6s poh\u00e1r - ADAMO Hammock<\/title>\n<meta name=\"robots\" content=\"index, follow, max-snippet:-1, max-image-preview:large, max-video-preview:-1\" \/>\n<link rel=\"canonical\" href=\"https:\/\/adamohammock.com\/termek\/familym-csoros-pohar\/\" \/>\n<meta property=\"og:locale\" content=\"en_US\" \/>\n<meta property=\"og:type\" content=\"article\" \/>\n<meta property=\"og:title\" content=\"Familym biom\u0171anyag baba cs\u0151r\u00f6s poh\u00e1r - ADAMO Hammock\" \/>\n<meta property=\"og:description\" content=\"Tan\u00edtsd meg kisbab\u00e1d az \u00f6n\u00e1ll\u00f3 iv\u00e1sra a Familym k\u00f6rnyezetbar\u00e1t cs\u0151r\u00f6s pohar\u00e1val!\" \/>\n<meta property=\"og:url\" content=\"https:\/\/adamohammock.com\/termek\/familym-csoros-pohar\/\" \/>\n<meta property=\"og:site_name\" content=\"ADAMO Hammock\" \/>\n<meta property=\"article:modified_time\" content=\"2025-10-09T07:55:48+00:00\" \/>\n<meta property=\"og:image\" content=\"https:\/\/adamohammock.com\/wp-content\/uploads\/2024\/01\/Familym-csoros_pohar.jpg\" \/>\n\t<meta property=\"og:image:width\" content=\"1080\" \/>\n\t<meta property=\"og:image:height\" content=\"1080\" \/>\n\t<meta property=\"og:image:type\" content=\"image\/jpeg\" \/>\n<meta name=\"twitter:card\" content=\"summary_large_image\" \/>\n<meta name=\"twitter:label1\" content=\"Est. reading time\" \/>\n\t<meta name=\"twitter:data1\" content=\"2 minutes\" \/>\n<script type=\"application\/ld+json\" class=\"yoast-schema-graph\">{\"@context\":\"https:\\\/\\\/schema.org\",\"@graph\":[{\"@type\":\"WebPage\",\"@id\":\"https:\\\/\\\/adamohammock.com\\\/termek\\\/familym-csoros-pohar\\\/\",\"url\":\"https:\\\/\\\/adamohammock.com\\\/termek\\\/familym-csoros-pohar\\\/\",\"name\":\"Familym biom\u0171anyag baba cs\u0151r\u00f6s poh\u00e1r - ADAMO Hammock\",\"isPartOf\":{\"@id\":\"https:\\\/\\\/adamohammock.com\\\/#website\"},\"primaryImageOfPage\":{\"@id\":\"https:\\\/\\\/adamohammock.com\\\/termek\\\/familym-csoros-pohar\\\/#primaryimage\"},\"image\":{\"@id\":\"https:\\\/\\\/adamohammock.com\\\/termek\\\/familym-csoros-pohar\\\/#primaryimage\"},\"thumbnailUrl\":\"https:\\\/\\\/adamohammock.com\\\/wp-content\\\/uploads\\\/2024\\\/01\\\/Familym-csoros_pohar.jpg\",\"datePublished\":\"2024-01-25T08:53:13+00:00\",\"dateModified\":\"2025-10-09T07:55:48+00:00\",\"breadcrumb\":{\"@id\":\"https:\\\/\\\/adamohammock.com\\\/termek\\\/familym-csoros-pohar\\\/#breadcrumb\"},\"inLanguage\":\"en-US\",\"potentialAction\":[{\"@type\":\"ReadAction\",\"target\":[\"https:\\\/\\\/adamohammock.com\\\/termek\\\/familym-csoros-pohar\\\/\"]}]},{\"@type\":\"ImageObject\",\"inLanguage\":\"en-US\",\"@id\":\"https:\\\/\\\/adamohammock.com\\\/termek\\\/familym-csoros-pohar\\\/#primaryimage\",\"url\":\"https:\\\/\\\/adamohammock.com\\\/wp-content\\\/uploads\\\/2024\\\/01\\\/Familym-csoros_pohar.jpg\",\"contentUrl\":\"https:\\\/\\\/adamohammock.com\\\/wp-content\\\/uploads\\\/2024\\\/01\\\/Familym-csoros_pohar.jpg\",\"width\":1080,\"height\":1080},{\"@type\":\"BreadcrumbList\",\"@id\":\"https:\\\/\\\/adamohammock.com\\\/termek\\\/familym-csoros-pohar\\\/#breadcrumb\",\"itemListElement\":[{\"@type\":\"ListItem\",\"position\":1,\"name\":\"Home\",\"item\":\"https:\\\/\\\/adamohammock.com\\\/en\\\/homepage\\\/\"},{\"@type\":\"ListItem\",\"position\":2,\"name\":\"Webshop\",\"item\":\"https:\\\/\\\/adamohammock.com\\\/en\\\/webshop-en\\\/\"},{\"@type\":\"ListItem\",\"position\":3,\"name\":\"Familym biom\u0171anyag baba cs\u0151r\u00f6s poh\u00e1r\"}]},{\"@type\":\"WebSite\",\"@id\":\"https:\\\/\\\/adamohammock.com\\\/#website\",\"url\":\"https:\\\/\\\/adamohammock.com\\\/\",\"name\":\"ADAMO Hammock\",\"description\":\"Az eredeti ADAMO babahinta - Hivatalos webshop\",\"potentialAction\":[{\"@type\":\"SearchAction\",\"target\":{\"@type\":\"EntryPoint\",\"urlTemplate\":\"https:\\\/\\\/adamohammock.com\\\/?s={search_term_string}\"},\"query-input\":{\"@type\":\"PropertyValueSpecification\",\"valueRequired\":true,\"valueName\":\"search_term_string\"}}],\"inLanguage\":\"en-US\"}]}<\/script>\n<!-- \/ Yoast SEO plugin. -->","yoast_head_json":{"title":"Familym biom\u0171anyag baba cs\u0151r\u00f6s poh\u00e1r - ADAMO Hammock","robots":{"index":"index","follow":"follow","max-snippet":"max-snippet:-1","max-image-preview":"max-image-preview:large","max-video-preview":"max-video-preview:-1"},"canonical":"https:\/\/adamohammock.com\/termek\/familym-csoros-pohar\/","og_locale":"en_US","og_type":"article","og_title":"Familym biom\u0171anyag baba cs\u0151r\u00f6s poh\u00e1r - ADAMO Hammock","og_description":"Tan\u00edtsd meg kisbab\u00e1d az \u00f6n\u00e1ll\u00f3 iv\u00e1sra a Familym k\u00f6rnyezetbar\u00e1t cs\u0151r\u00f6s pohar\u00e1val!","og_url":"https:\/\/adamohammock.com\/termek\/familym-csoros-pohar\/","og_site_name":"ADAMO Hammock","article_modified_time":"2025-10-09T07:55:48+00:00","og_image":[{"width":1080,"height":1080,"url":"https:\/\/adamohammock.com\/wp-content\/uploads\/2024\/01\/Familym-csoros_pohar.jpg","type":"image\/jpeg"}],"twitter_card":"summary_large_image","twitter_misc":{"Est. reading time":"2 minutes"},"schema":{"@context":"https:\/\/schema.org","@graph":[{"@type":"WebPage","@id":"https:\/\/adamohammock.com\/termek\/familym-csoros-pohar\/","url":"https:\/\/adamohammock.com\/termek\/familym-csoros-pohar\/","name":"Familym biom\u0171anyag baba cs\u0151r\u00f6s poh\u00e1r - ADAMO Hammock","isPartOf":{"@id":"https:\/\/adamohammock.com\/#website"},"primaryImageOfPage":{"@id":"https:\/\/adamohammock.com\/termek\/familym-csoros-pohar\/#primaryimage"},"image":{"@id":"https:\/\/adamohammock.com\/termek\/familym-csoros-pohar\/#primaryimage"},"thumbnailUrl":"https:\/\/adamohammock.com\/wp-content\/uploads\/2024\/01\/Familym-csoros_pohar.jpg","datePublished":"2024-01-25T08:53:13+00:00","dateModified":"2025-10-09T07:55:48+00:00","breadcrumb":{"@id":"https:\/\/adamohammock.com\/termek\/familym-csoros-pohar\/#breadcrumb"},"inLanguage":"en-US","potentialAction":[{"@type":"ReadAction","target":["https:\/\/adamohammock.com\/termek\/familym-csoros-pohar\/"]}]},{"@type":"ImageObject","inLanguage":"en-US","@id":"https:\/\/adamohammock.com\/termek\/familym-csoros-pohar\/#primaryimage","url":"https:\/\/adamohammock.com\/wp-content\/uploads\/2024\/01\/Familym-csoros_pohar.jpg","contentUrl":"https:\/\/adamohammock.com\/wp-content\/uploads\/2024\/01\/Familym-csoros_pohar.jpg","width":1080,"height":1080},{"@type":"BreadcrumbList","@id":"https:\/\/adamohammock.com\/termek\/familym-csoros-pohar\/#breadcrumb","itemListElement":[{"@type":"ListItem","position":1,"name":"Home","item":"https:\/\/adamohammock.com\/en\/homepage\/"},{"@type":"ListItem","position":2,"name":"Webshop","item":"https:\/\/adamohammock.com\/en\/webshop-en\/"},{"@type":"ListItem","position":3,"name":"Familym biom\u0171anyag baba cs\u0151r\u00f6s poh\u00e1r"}]},{"@type":"WebSite","@id":"https:\/\/adamohammock.com\/#website","url":"https:\/\/adamohammock.com\/","name":"ADAMO Hammock","description":"Az eredeti ADAMO babahinta - Hivatalos webshop","potentialAction":[{"@type":"SearchAction","target":{"@type":"EntryPoint","urlTemplate":"https:\/\/adamohammock.com\/?s={search_term_string}"},"query-input":{"@type":"PropertyValueSpecification","valueRequired":true,"valueName":"search_term_string"}}],"inLanguage":"en-US"}]}},"_links":{"self":[{"href":"https:\/\/adamohammock.com\/en\/wp-json\/wp\/v2\/product\/131890","targetHints":{"allow":["GET"]}}],"collection":[{"href":"https:\/\/adamohammock.com\/en\/wp-json\/wp\/v2\/product"}],"about":[{"href":"https:\/\/adamohammock.com\/en\/wp-json\/wp\/v2\/types\/product"}],"wp:featuredmedia":[{"embeddable":true,"href":"https:\/\/adamohammock.com\/en\/wp-json\/wp\/v2\/media\/132133"}],"wp:attachment":[{"href":"https:\/\/adamohammock.com\/en\/wp-json\/wp\/v2\/media?parent=131890"}],"wp:term":[{"taxonomy":"product_brand","embeddable":true,"href":"https:\/\/adamohammock.com\/en\/wp-json\/wp\/v2\/product_brand?post=131890"},{"taxonomy":"product_cat","embeddable":true,"href":"https:\/\/adamohammock.com\/en\/wp-json\/wp\/v2\/product_cat?post=131890"},{"taxonomy":"product_tag","embeddable":true,"href":"https:\/\/adamohammock.com\/en\/wp-json\/wp\/v2\/product_tag?post=131890"}],"curies":[{"name":"wp","href":"https:\/\/api.w.org\/{rel}","templated":true}]}}