{"id":138579,"date":"2024-09-19T12:56:00","date_gmt":"2024-09-19T10:56:00","guid":{"rendered":"https:\/\/adamohammock.com\/?post_type=product&#038;p=138579"},"modified":"2024-09-25T15:45:15","modified_gmt":"2024-09-25T13:45:15","slug":"babahinta-bezs-sale","status":"publish","type":"product","link":"https:\/\/adamohammock.com\/en\/termek\/babahinta-bezs-sale\/","title":{"rendered":"Babahinta B\u00e9zs Sale"},"content":{"rendered":"<div class=\"wpb-content-wrapper\"><p>[vc_row row_height_percent=&#8221;0&#8243; override_padding=&#8221;yes&#8221; h_padding=&#8221;2&#8243; top_padding=&#8221;4&#8243; bottom_padding=&#8221;4&#8243; overlay_alpha=&#8221;50&#8243; gutter_size=&#8221;4&#8243; column_width_percent=&#8221;100&#8243; shift_y=&#8221;0&#8243; z_index=&#8221;0&#8243; uncode_shortcode_id=&#8221;192933&#8243;][vc_column column_width_percent=&#8221;100&#8243; gutter_size=&#8221;2&#8243; overlay_alpha=&#8221;50&#8243; shift_x=&#8221;0&#8243; shift_y=&#8221;0&#8243; shift_y_down=&#8221;0&#8243; z_index=&#8221;0&#8243; medium_width=&#8221;3&#8243; mobile_width=&#8221;0&#8243; width=&#8221;1\/3&#8243; uncode_shortcode_id=&#8221;786652&#8243;][vc_custom_heading heading_semantic=&#8221;h3&#8243; text_size=&#8221;h4&#8243; uncode_shortcode_id=&#8221;185802&#8243;]\u00dczletben ki\u00e1ll\u00edtott mintadarab[\/vc_custom_heading][vc_column_text uncode_shortcode_id=&#8221;833297&#8243;]Jelen term\u00e9k p\u00e1r h\u00e9tig \u00fczletben volt ki\u00e1ll\u00edtva, hib\u00e1tlan darab! 3 pontos biztons\u00e1gi \u00f6vvel ell\u00e1tott.<\/p>\n<p>Babahint\u00e1inkkal kapcsolatos b\u0151vebb inform\u00e1ci\u00f3k a <a href=\"https:\/\/adamohammock.com\/kezdooldal\/kategoriak\/hintak\/babahinta\/\" target=\"_blank\" rel=\"noopener\">Babahinta<\/a> oldalon tal\u00e1lhat\u00f3ak.\u00a0<a href=\"https:\/\/adamohammock.com\/hasznalati-utmutatok\/\" target=\"_blank\" rel=\"noopener\">Haszn\u00e1lati \u00fatmutat\u00f3k<\/a> pedig err\u0151l a linkr\u0151l \u00e9rhet\u0151ek el.[\/vc_column_text][\/vc_column][\/vc_row]<\/p>\n<\/div>","protected":false},"excerpt":{"rendered":"<p>ADAMO SALE term\u00e9keinket automatikusan &#8220;ECO&#8221; csomagol\u00e1sban k\u00fcldj\u00fck!<\/p>\n<p>&nbsp;<\/p>\n","protected":false},"featured_media":133502,"template":"","meta":[],"product_brand":[],"product_cat":[1608,1878],"product_tag":[],"class_list":{"0":"post-138579","1":"product","2":"type-product","3":"status-publish","4":"has-post-thumbnail","6":"product_cat-sale","7":"product_cat-osszes-termek","8":"product_shipping_class-kozepes","10":"first","11":"outofstock","12":"sold-individually","13":"taxable","14":"shipping-taxable","15":"purchasable","16":"product-type-simple"},"yoast_head":"<!-- This site is optimized with the Yoast SEO plugin v27.5 - https:\/\/yoast.com\/product\/yoast-seo-wordpress\/ -->\n<title>Babahinta B\u00e9zs Sale - ADAMO Hammock<\/title>\n<meta name=\"robots\" content=\"index, follow, max-snippet:-1, max-image-preview:large, max-video-preview:-1\" \/>\n<link rel=\"canonical\" href=\"https:\/\/adamohammock.com\/termek\/babahinta-bezs-sale\/\" \/>\n<meta property=\"og:locale\" content=\"en_US\" \/>\n<meta property=\"og:type\" content=\"article\" \/>\n<meta property=\"og:title\" content=\"Babahinta B\u00e9zs Sale - ADAMO Hammock\" \/>\n<meta property=\"og:description\" content=\"ADAMO SALE term\u00e9keinket automatikusan &quot;ECO&quot; csomagol\u00e1sban k\u00fcldj\u00fck!  &nbsp;\" \/>\n<meta property=\"og:url\" content=\"https:\/\/adamohammock.com\/termek\/babahinta-bezs-sale\/\" \/>\n<meta property=\"og:site_name\" content=\"ADAMO Hammock\" \/>\n<meta property=\"article:modified_time\" content=\"2024-09-25T13:45:15+00:00\" \/>\n<meta property=\"og:image\" content=\"https:\/\/adamohammock.com\/wp-content\/uploads\/2024\/02\/babahinta-Bezs-kozeli.jpg\" \/>\n\t<meta property=\"og:image:width\" content=\"2048\" \/>\n\t<meta property=\"og:image:height\" content=\"1367\" \/>\n\t<meta property=\"og:image:type\" content=\"image\/jpeg\" \/>\n<meta name=\"twitter:card\" content=\"summary_large_image\" \/>\n<meta name=\"twitter:label1\" content=\"Est. reading time\" \/>\n\t<meta name=\"twitter:data1\" content=\"1 minute\" \/>\n<script type=\"application\/ld+json\" class=\"yoast-schema-graph\">{\"@context\":\"https:\\\/\\\/schema.org\",\"@graph\":[{\"@type\":\"WebPage\",\"@id\":\"https:\\\/\\\/adamohammock.com\\\/termek\\\/babahinta-bezs-sale\\\/\",\"url\":\"https:\\\/\\\/adamohammock.com\\\/termek\\\/babahinta-bezs-sale\\\/\",\"name\":\"Babahinta B\u00e9zs Sale - ADAMO Hammock\",\"isPartOf\":{\"@id\":\"https:\\\/\\\/adamohammock.com\\\/#website\"},\"primaryImageOfPage\":{\"@id\":\"https:\\\/\\\/adamohammock.com\\\/termek\\\/babahinta-bezs-sale\\\/#primaryimage\"},\"image\":{\"@id\":\"https:\\\/\\\/adamohammock.com\\\/termek\\\/babahinta-bezs-sale\\\/#primaryimage\"},\"thumbnailUrl\":\"https:\\\/\\\/adamohammock.com\\\/wp-content\\\/uploads\\\/2024\\\/02\\\/babahinta-Bezs-kozeli.jpg\",\"datePublished\":\"2024-09-19T10:56:00+00:00\",\"dateModified\":\"2024-09-25T13:45:15+00:00\",\"breadcrumb\":{\"@id\":\"https:\\\/\\\/adamohammock.com\\\/termek\\\/babahinta-bezs-sale\\\/#breadcrumb\"},\"inLanguage\":\"en-US\",\"potentialAction\":[{\"@type\":\"ReadAction\",\"target\":[\"https:\\\/\\\/adamohammock.com\\\/termek\\\/babahinta-bezs-sale\\\/\"]}]},{\"@type\":\"ImageObject\",\"inLanguage\":\"en-US\",\"@id\":\"https:\\\/\\\/adamohammock.com\\\/termek\\\/babahinta-bezs-sale\\\/#primaryimage\",\"url\":\"https:\\\/\\\/adamohammock.com\\\/wp-content\\\/uploads\\\/2024\\\/02\\\/babahinta-Bezs-kozeli.jpg\",\"contentUrl\":\"https:\\\/\\\/adamohammock.com\\\/wp-content\\\/uploads\\\/2024\\\/02\\\/babahinta-Bezs-kozeli.jpg\",\"width\":2048,\"height\":1367},{\"@type\":\"BreadcrumbList\",\"@id\":\"https:\\\/\\\/adamohammock.com\\\/termek\\\/babahinta-bezs-sale\\\/#breadcrumb\",\"itemListElement\":[{\"@type\":\"ListItem\",\"position\":1,\"name\":\"Home\",\"item\":\"https:\\\/\\\/adamohammock.com\\\/en\\\/homepage\\\/\"},{\"@type\":\"ListItem\",\"position\":2,\"name\":\"Webshop\",\"item\":\"https:\\\/\\\/adamohammock.com\\\/en\\\/webshop-en\\\/\"},{\"@type\":\"ListItem\",\"position\":3,\"name\":\"Babahinta B\u00e9zs Sale\"}]},{\"@type\":\"WebSite\",\"@id\":\"https:\\\/\\\/adamohammock.com\\\/#website\",\"url\":\"https:\\\/\\\/adamohammock.com\\\/\",\"name\":\"ADAMO Hammock\",\"description\":\"Az eredeti ADAMO babahinta - Hivatalos webshop\",\"potentialAction\":[{\"@type\":\"SearchAction\",\"target\":{\"@type\":\"EntryPoint\",\"urlTemplate\":\"https:\\\/\\\/adamohammock.com\\\/?s={search_term_string}\"},\"query-input\":{\"@type\":\"PropertyValueSpecification\",\"valueRequired\":true,\"valueName\":\"search_term_string\"}}],\"inLanguage\":\"en-US\"}]}<\/script>\n<!-- \/ Yoast SEO plugin. -->","yoast_head_json":{"title":"Babahinta B\u00e9zs Sale - ADAMO Hammock","robots":{"index":"index","follow":"follow","max-snippet":"max-snippet:-1","max-image-preview":"max-image-preview:large","max-video-preview":"max-video-preview:-1"},"canonical":"https:\/\/adamohammock.com\/termek\/babahinta-bezs-sale\/","og_locale":"en_US","og_type":"article","og_title":"Babahinta B\u00e9zs Sale - ADAMO Hammock","og_description":"ADAMO SALE term\u00e9keinket automatikusan \"ECO\" csomagol\u00e1sban k\u00fcldj\u00fck!  &nbsp;","og_url":"https:\/\/adamohammock.com\/termek\/babahinta-bezs-sale\/","og_site_name":"ADAMO Hammock","article_modified_time":"2024-09-25T13:45:15+00:00","og_image":[{"width":2048,"height":1367,"url":"https:\/\/adamohammock.com\/wp-content\/uploads\/2024\/02\/babahinta-Bezs-kozeli.jpg","type":"image\/jpeg"}],"twitter_card":"summary_large_image","twitter_misc":{"Est. reading time":"1 minute"},"schema":{"@context":"https:\/\/schema.org","@graph":[{"@type":"WebPage","@id":"https:\/\/adamohammock.com\/termek\/babahinta-bezs-sale\/","url":"https:\/\/adamohammock.com\/termek\/babahinta-bezs-sale\/","name":"Babahinta B\u00e9zs Sale - ADAMO Hammock","isPartOf":{"@id":"https:\/\/adamohammock.com\/#website"},"primaryImageOfPage":{"@id":"https:\/\/adamohammock.com\/termek\/babahinta-bezs-sale\/#primaryimage"},"image":{"@id":"https:\/\/adamohammock.com\/termek\/babahinta-bezs-sale\/#primaryimage"},"thumbnailUrl":"https:\/\/adamohammock.com\/wp-content\/uploads\/2024\/02\/babahinta-Bezs-kozeli.jpg","datePublished":"2024-09-19T10:56:00+00:00","dateModified":"2024-09-25T13:45:15+00:00","breadcrumb":{"@id":"https:\/\/adamohammock.com\/termek\/babahinta-bezs-sale\/#breadcrumb"},"inLanguage":"en-US","potentialAction":[{"@type":"ReadAction","target":["https:\/\/adamohammock.com\/termek\/babahinta-bezs-sale\/"]}]},{"@type":"ImageObject","inLanguage":"en-US","@id":"https:\/\/adamohammock.com\/termek\/babahinta-bezs-sale\/#primaryimage","url":"https:\/\/adamohammock.com\/wp-content\/uploads\/2024\/02\/babahinta-Bezs-kozeli.jpg","contentUrl":"https:\/\/adamohammock.com\/wp-content\/uploads\/2024\/02\/babahinta-Bezs-kozeli.jpg","width":2048,"height":1367},{"@type":"BreadcrumbList","@id":"https:\/\/adamohammock.com\/termek\/babahinta-bezs-sale\/#breadcrumb","itemListElement":[{"@type":"ListItem","position":1,"name":"Home","item":"https:\/\/adamohammock.com\/en\/homepage\/"},{"@type":"ListItem","position":2,"name":"Webshop","item":"https:\/\/adamohammock.com\/en\/webshop-en\/"},{"@type":"ListItem","position":3,"name":"Babahinta B\u00e9zs Sale"}]},{"@type":"WebSite","@id":"https:\/\/adamohammock.com\/#website","url":"https:\/\/adamohammock.com\/","name":"ADAMO Hammock","description":"Az eredeti ADAMO babahinta - Hivatalos webshop","potentialAction":[{"@type":"SearchAction","target":{"@type":"EntryPoint","urlTemplate":"https:\/\/adamohammock.com\/?s={search_term_string}"},"query-input":{"@type":"PropertyValueSpecification","valueRequired":true,"valueName":"search_term_string"}}],"inLanguage":"en-US"}]}},"_links":{"self":[{"href":"https:\/\/adamohammock.com\/en\/wp-json\/wp\/v2\/product\/138579","targetHints":{"allow":["GET"]}}],"collection":[{"href":"https:\/\/adamohammock.com\/en\/wp-json\/wp\/v2\/product"}],"about":[{"href":"https:\/\/adamohammock.com\/en\/wp-json\/wp\/v2\/types\/product"}],"wp:featuredmedia":[{"embeddable":true,"href":"https:\/\/adamohammock.com\/en\/wp-json\/wp\/v2\/media\/133502"}],"wp:attachment":[{"href":"https:\/\/adamohammock.com\/en\/wp-json\/wp\/v2\/media?parent=138579"}],"wp:term":[{"taxonomy":"product_brand","embeddable":true,"href":"https:\/\/adamohammock.com\/en\/wp-json\/wp\/v2\/product_brand?post=138579"},{"taxonomy":"product_cat","embeddable":true,"href":"https:\/\/adamohammock.com\/en\/wp-json\/wp\/v2\/product_cat?post=138579"},{"taxonomy":"product_tag","embeddable":true,"href":"https:\/\/adamohammock.com\/en\/wp-json\/wp\/v2\/product_tag?post=138579"}],"curies":[{"name":"wp","href":"https:\/\/api.w.org\/{rel}","templated":true}]}}