{"id":138607,"date":"2024-09-19T14:26:09","date_gmt":"2024-09-19T12:26:09","guid":{"rendered":"https:\/\/adamohammock.com\/?post_type=product&#038;p=138607"},"modified":"2025-06-11T10:53:48","modified_gmt":"2025-06-11T08:53:48","slug":"babahinta-parna-mustar-gez-sale","status":"publish","type":"product","link":"https:\/\/adamohammock.com\/en\/termek\/babahinta-parna-mustar-gez-sale\/","title":{"rendered":"Babahinta p\u00e1rna must\u00e1r g\u00e9z Sale"},"content":{"rendered":"<div class=\"wpb-content-wrapper\"><p>[vc_row row_height_percent=&#8221;0&#8243; override_padding=&#8221;yes&#8221; h_padding=&#8221;2&#8243; top_padding=&#8221;4&#8243; bottom_padding=&#8221;4&#8243; overlay_alpha=&#8221;50&#8243; gutter_size=&#8221;4&#8243; column_width_percent=&#8221;100&#8243; shift_y=&#8221;0&#8243; z_index=&#8221;0&#8243; uncode_shortcode_id=&#8221;192933&#8243;][vc_column column_width_percent=&#8221;100&#8243; gutter_size=&#8221;2&#8243; overlay_alpha=&#8221;50&#8243; shift_x=&#8221;0&#8243; shift_y=&#8221;0&#8243; shift_y_down=&#8221;0&#8243; z_index=&#8221;0&#8243; medium_width=&#8221;3&#8243; mobile_width=&#8221;0&#8243; width=&#8221;1\/3&#8243; uncode_shortcode_id=&#8221;786652&#8243;][vc_custom_heading heading_semantic=&#8221;h3&#8243; text_size=&#8221;h4&#8243; uncode_shortcode_id=&#8221;395941&#8243;]Alig \u00e9szrevehet\u0151 sz\u00e1lhib\u00e1s term\u00e9k!<\/p>\n<p>[\/vc_custom_heading][vc_column_text uncode_shortcode_id=&#8221;121662&#8243;]N\u00e1latok is a mindennapok r\u00e9sze az Adamo babahinta?<br \/>\nHa igen, akkor biztosan sz\u00fcks\u00e9ged lesz <strong>egy plusz p\u00e1rn\u00e1ra<\/strong>!<br \/>\nNem csak feldobhatod vele hint\u00e1dat, de az el\u0151fordul\u00f3 &#8220;pelenka balesetek&#8221; alkalm\u00e1val sem kell n\u00e9lk\u00fcl\u00f6zn\u00f6t\u00f6k a hint\u00e1t a mos\u00e1s-sz\u00e1rad\u00e1s idej\u00e9re.<\/p>\n<p>Anyaga: 100 % pamut<\/p>\n<p>&nbsp;<\/p>\n<p>[\/vc_column_text][\/vc_column][\/vc_row]<\/p>\n<\/div>","protected":false},"excerpt":{"rendered":"<p>ADAMO SALE term\u00e9keinket automatikusan &#8220;ECO&#8221; csomagol\u00e1sban k\u00fcldj\u00fck!<\/p>\n<p>&nbsp;<\/p>\n","protected":false},"featured_media":133754,"template":"","meta":[],"product_brand":[],"product_cat":[1586,1608,1878],"product_tag":[],"class_list":{"0":"post-138607","1":"product","2":"type-product","3":"status-publish","4":"has-post-thumbnail","6":"product_cat-parna","7":"product_cat-sale","8":"product_cat-osszes-termek","9":"product_shipping_class-konnyu","11":"first","12":"outofstock","13":"sold-individually","14":"taxable","15":"shipping-taxable","16":"purchasable","17":"product-type-simple"},"yoast_head":"<!-- This site is optimized with the Yoast SEO plugin v27.4 - https:\/\/yoast.com\/product\/yoast-seo-wordpress\/ -->\n<title>Babahinta p\u00e1rna must\u00e1r g\u00e9z Sale - ADAMO Hammock<\/title>\n<meta name=\"robots\" content=\"index, follow, max-snippet:-1, max-image-preview:large, max-video-preview:-1\" \/>\n<link rel=\"canonical\" href=\"https:\/\/adamohammock.com\/termek\/babahinta-parna-mustar-gez-sale\/\" \/>\n<meta property=\"og:locale\" content=\"en_US\" \/>\n<meta property=\"og:type\" content=\"article\" \/>\n<meta property=\"og:title\" content=\"Babahinta p\u00e1rna must\u00e1r g\u00e9z Sale - ADAMO Hammock\" \/>\n<meta property=\"og:description\" content=\"ADAMO SALE term\u00e9keinket automatikusan &quot;ECO&quot; csomagol\u00e1sban k\u00fcldj\u00fck!  &nbsp;\" \/>\n<meta property=\"og:url\" content=\"https:\/\/adamohammock.com\/termek\/babahinta-parna-mustar-gez-sale\/\" \/>\n<meta property=\"og:site_name\" content=\"ADAMO Hammock\" \/>\n<meta property=\"article:modified_time\" content=\"2025-06-11T08:53:48+00:00\" \/>\n<meta property=\"og:image\" content=\"https:\/\/adamohammock.com\/wp-content\/uploads\/2024\/01\/parna-mustar.jpg\" \/>\n\t<meta property=\"og:image:width\" content=\"2048\" \/>\n\t<meta property=\"og:image:height\" content=\"1367\" \/>\n\t<meta property=\"og:image:type\" content=\"image\/jpeg\" \/>\n<meta name=\"twitter:card\" content=\"summary_large_image\" \/>\n<meta name=\"twitter:label1\" content=\"Est. reading time\" \/>\n\t<meta name=\"twitter:data1\" content=\"1 minute\" \/>\n<script type=\"application\/ld+json\" class=\"yoast-schema-graph\">{\"@context\":\"https:\\\/\\\/schema.org\",\"@graph\":[{\"@type\":\"WebPage\",\"@id\":\"https:\\\/\\\/adamohammock.com\\\/termek\\\/babahinta-parna-mustar-gez-sale\\\/\",\"url\":\"https:\\\/\\\/adamohammock.com\\\/termek\\\/babahinta-parna-mustar-gez-sale\\\/\",\"name\":\"Babahinta p\u00e1rna must\u00e1r g\u00e9z Sale - ADAMO Hammock\",\"isPartOf\":{\"@id\":\"https:\\\/\\\/adamohammock.com\\\/#website\"},\"primaryImageOfPage\":{\"@id\":\"https:\\\/\\\/adamohammock.com\\\/termek\\\/babahinta-parna-mustar-gez-sale\\\/#primaryimage\"},\"image\":{\"@id\":\"https:\\\/\\\/adamohammock.com\\\/termek\\\/babahinta-parna-mustar-gez-sale\\\/#primaryimage\"},\"thumbnailUrl\":\"https:\\\/\\\/adamohammock.com\\\/wp-content\\\/uploads\\\/2024\\\/01\\\/parna-mustar.jpg\",\"datePublished\":\"2024-09-19T12:26:09+00:00\",\"dateModified\":\"2025-06-11T08:53:48+00:00\",\"breadcrumb\":{\"@id\":\"https:\\\/\\\/adamohammock.com\\\/termek\\\/babahinta-parna-mustar-gez-sale\\\/#breadcrumb\"},\"inLanguage\":\"en-US\",\"potentialAction\":[{\"@type\":\"ReadAction\",\"target\":[\"https:\\\/\\\/adamohammock.com\\\/termek\\\/babahinta-parna-mustar-gez-sale\\\/\"]}]},{\"@type\":\"ImageObject\",\"inLanguage\":\"en-US\",\"@id\":\"https:\\\/\\\/adamohammock.com\\\/termek\\\/babahinta-parna-mustar-gez-sale\\\/#primaryimage\",\"url\":\"https:\\\/\\\/adamohammock.com\\\/wp-content\\\/uploads\\\/2024\\\/01\\\/parna-mustar.jpg\",\"contentUrl\":\"https:\\\/\\\/adamohammock.com\\\/wp-content\\\/uploads\\\/2024\\\/01\\\/parna-mustar.jpg\",\"width\":2048,\"height\":1367},{\"@type\":\"BreadcrumbList\",\"@id\":\"https:\\\/\\\/adamohammock.com\\\/termek\\\/babahinta-parna-mustar-gez-sale\\\/#breadcrumb\",\"itemListElement\":[{\"@type\":\"ListItem\",\"position\":1,\"name\":\"Home\",\"item\":\"https:\\\/\\\/adamohammock.com\\\/en\\\/homepage\\\/\"},{\"@type\":\"ListItem\",\"position\":2,\"name\":\"Webshop\",\"item\":\"https:\\\/\\\/adamohammock.com\\\/en\\\/webshop-en\\\/\"},{\"@type\":\"ListItem\",\"position\":3,\"name\":\"Babahinta p\u00e1rna must\u00e1r g\u00e9z Sale\"}]},{\"@type\":\"WebSite\",\"@id\":\"https:\\\/\\\/adamohammock.com\\\/#website\",\"url\":\"https:\\\/\\\/adamohammock.com\\\/\",\"name\":\"ADAMO Hammock\",\"description\":\"Az eredeti ADAMO babahinta - Hivatalos webshop\",\"potentialAction\":[{\"@type\":\"SearchAction\",\"target\":{\"@type\":\"EntryPoint\",\"urlTemplate\":\"https:\\\/\\\/adamohammock.com\\\/?s={search_term_string}\"},\"query-input\":{\"@type\":\"PropertyValueSpecification\",\"valueRequired\":true,\"valueName\":\"search_term_string\"}}],\"inLanguage\":\"en-US\"}]}<\/script>\n<!-- \/ Yoast SEO plugin. -->","yoast_head_json":{"title":"Babahinta p\u00e1rna must\u00e1r g\u00e9z Sale - ADAMO Hammock","robots":{"index":"index","follow":"follow","max-snippet":"max-snippet:-1","max-image-preview":"max-image-preview:large","max-video-preview":"max-video-preview:-1"},"canonical":"https:\/\/adamohammock.com\/termek\/babahinta-parna-mustar-gez-sale\/","og_locale":"en_US","og_type":"article","og_title":"Babahinta p\u00e1rna must\u00e1r g\u00e9z Sale - ADAMO Hammock","og_description":"ADAMO SALE term\u00e9keinket automatikusan \"ECO\" csomagol\u00e1sban k\u00fcldj\u00fck!  &nbsp;","og_url":"https:\/\/adamohammock.com\/termek\/babahinta-parna-mustar-gez-sale\/","og_site_name":"ADAMO Hammock","article_modified_time":"2025-06-11T08:53:48+00:00","og_image":[{"width":2048,"height":1367,"url":"https:\/\/adamohammock.com\/wp-content\/uploads\/2024\/01\/parna-mustar.jpg","type":"image\/jpeg"}],"twitter_card":"summary_large_image","twitter_misc":{"Est. reading time":"1 minute"},"schema":{"@context":"https:\/\/schema.org","@graph":[{"@type":"WebPage","@id":"https:\/\/adamohammock.com\/termek\/babahinta-parna-mustar-gez-sale\/","url":"https:\/\/adamohammock.com\/termek\/babahinta-parna-mustar-gez-sale\/","name":"Babahinta p\u00e1rna must\u00e1r g\u00e9z Sale - ADAMO Hammock","isPartOf":{"@id":"https:\/\/adamohammock.com\/#website"},"primaryImageOfPage":{"@id":"https:\/\/adamohammock.com\/termek\/babahinta-parna-mustar-gez-sale\/#primaryimage"},"image":{"@id":"https:\/\/adamohammock.com\/termek\/babahinta-parna-mustar-gez-sale\/#primaryimage"},"thumbnailUrl":"https:\/\/adamohammock.com\/wp-content\/uploads\/2024\/01\/parna-mustar.jpg","datePublished":"2024-09-19T12:26:09+00:00","dateModified":"2025-06-11T08:53:48+00:00","breadcrumb":{"@id":"https:\/\/adamohammock.com\/termek\/babahinta-parna-mustar-gez-sale\/#breadcrumb"},"inLanguage":"en-US","potentialAction":[{"@type":"ReadAction","target":["https:\/\/adamohammock.com\/termek\/babahinta-parna-mustar-gez-sale\/"]}]},{"@type":"ImageObject","inLanguage":"en-US","@id":"https:\/\/adamohammock.com\/termek\/babahinta-parna-mustar-gez-sale\/#primaryimage","url":"https:\/\/adamohammock.com\/wp-content\/uploads\/2024\/01\/parna-mustar.jpg","contentUrl":"https:\/\/adamohammock.com\/wp-content\/uploads\/2024\/01\/parna-mustar.jpg","width":2048,"height":1367},{"@type":"BreadcrumbList","@id":"https:\/\/adamohammock.com\/termek\/babahinta-parna-mustar-gez-sale\/#breadcrumb","itemListElement":[{"@type":"ListItem","position":1,"name":"Home","item":"https:\/\/adamohammock.com\/en\/homepage\/"},{"@type":"ListItem","position":2,"name":"Webshop","item":"https:\/\/adamohammock.com\/en\/webshop-en\/"},{"@type":"ListItem","position":3,"name":"Babahinta p\u00e1rna must\u00e1r g\u00e9z Sale"}]},{"@type":"WebSite","@id":"https:\/\/adamohammock.com\/#website","url":"https:\/\/adamohammock.com\/","name":"ADAMO Hammock","description":"Az eredeti ADAMO babahinta - Hivatalos webshop","potentialAction":[{"@type":"SearchAction","target":{"@type":"EntryPoint","urlTemplate":"https:\/\/adamohammock.com\/?s={search_term_string}"},"query-input":{"@type":"PropertyValueSpecification","valueRequired":true,"valueName":"search_term_string"}}],"inLanguage":"en-US"}]}},"_links":{"self":[{"href":"https:\/\/adamohammock.com\/en\/wp-json\/wp\/v2\/product\/138607","targetHints":{"allow":["GET"]}}],"collection":[{"href":"https:\/\/adamohammock.com\/en\/wp-json\/wp\/v2\/product"}],"about":[{"href":"https:\/\/adamohammock.com\/en\/wp-json\/wp\/v2\/types\/product"}],"wp:featuredmedia":[{"embeddable":true,"href":"https:\/\/adamohammock.com\/en\/wp-json\/wp\/v2\/media\/133754"}],"wp:attachment":[{"href":"https:\/\/adamohammock.com\/en\/wp-json\/wp\/v2\/media?parent=138607"}],"wp:term":[{"taxonomy":"product_brand","embeddable":true,"href":"https:\/\/adamohammock.com\/en\/wp-json\/wp\/v2\/product_brand?post=138607"},{"taxonomy":"product_cat","embeddable":true,"href":"https:\/\/adamohammock.com\/en\/wp-json\/wp\/v2\/product_cat?post=138607"},{"taxonomy":"product_tag","embeddable":true,"href":"https:\/\/adamohammock.com\/en\/wp-json\/wp\/v2\/product_tag?post=138607"}],"curies":[{"name":"wp","href":"https:\/\/api.w.org\/{rel}","templated":true}]}}