{"id":141743,"date":"2025-01-29T14:31:37","date_gmt":"2025-01-29T12:31:37","guid":{"rendered":"https:\/\/adamohammock.com\/?post_type=product&#038;p=141743"},"modified":"2025-01-29T15:04:20","modified_gmt":"2025-01-29T13:04:20","slug":"familym-biomuanyag-baba-melytanyer","status":"publish","type":"product","link":"https:\/\/adamohammock.com\/en\/termek\/familym-biomuanyag-baba-melytanyer\/","title":{"rendered":"Familym biom\u0171anyag baba m\u00e9lyt\u00e1ny\u00e9r"},"content":{"rendered":"<div class=\"wpb-content-wrapper\"><p>[vc_row unlock_row_content=&#8221;yes&#8221; row_height_percent=&#8221;0&#8243; override_padding=&#8221;yes&#8221; h_padding=&#8221;0&#8243; top_padding=&#8221;0&#8243; bottom_padding=&#8221;0&#8243; overlay_alpha=&#8221;50&#8243; gutter_size=&#8221;3&#8243; column_width_percent=&#8221;100&#8243; shift_y=&#8221;0&#8243; z_index=&#8221;0&#8243; uncode_shortcode_id=&#8221;206693&#8243;][vc_column column_width_percent=&#8221;100&#8243; gutter_size=&#8221;3&#8243; overlay_alpha=&#8221;50&#8243; shift_x=&#8221;0&#8243; shift_y=&#8221;0&#8243; shift_y_down=&#8221;0&#8243; z_index=&#8221;0&#8243; medium_width=&#8221;3&#8243; mobile_width=&#8221;3&#8243; width=&#8221;1\/3&#8243; uncode_shortcode_id=&#8221;200953&#8243;][vc_single_image media=&#8221;134039&#8243; media_width_percent=&#8221;100&#8243; media_ratio=&#8221;four-five&#8221; uncode_shortcode_id=&#8221;693877&#8243;][\/vc_column][vc_column column_width_percent=&#8221;100&#8243; gutter_size=&#8221;3&#8243; overlay_alpha=&#8221;50&#8243; shift_x=&#8221;0&#8243; shift_y=&#8221;0&#8243; shift_y_down=&#8221;0&#8243; z_index=&#8221;0&#8243; medium_width=&#8221;3&#8243; mobile_width=&#8221;3&#8243; width=&#8221;1\/3&#8243; uncode_shortcode_id=&#8221;328276&#8243;][vc_single_image media=&#8221;134026&#8243; media_width_percent=&#8221;100&#8243; media_ratio=&#8221;four-five&#8221; uncode_shortcode_id=&#8221;102232&#8243;][\/vc_column][vc_column column_width_percent=&#8221;100&#8243; gutter_size=&#8221;3&#8243; overlay_alpha=&#8221;50&#8243; shift_x=&#8221;0&#8243; shift_y=&#8221;0&#8243; shift_y_down=&#8221;0&#8243; z_index=&#8221;0&#8243; medium_width=&#8221;3&#8243; mobile_width=&#8221;3&#8243; width=&#8221;1\/3&#8243; uncode_shortcode_id=&#8221;207631&#8243;][vc_single_image media=&#8221;134029&#8243; media_width_percent=&#8221;100&#8243; media_ratio=&#8221;four-five&#8221; uncode_shortcode_id=&#8221;123686&#8243;][\/vc_column][\/vc_row][vc_row row_height_percent=&#8221;0&#8243; override_padding=&#8221;yes&#8221; h_padding=&#8221;2&#8243; top_padding=&#8221;4&#8243; bottom_padding=&#8221;4&#8243; overlay_alpha=&#8221;50&#8243; gutter_size=&#8221;4&#8243; column_width_percent=&#8221;100&#8243; shift_y=&#8221;0&#8243; z_index=&#8221;0&#8243; uncode_shortcode_id=&#8221;192933&#8243;][vc_column column_width_percent=&#8221;100&#8243; gutter_size=&#8221;2&#8243; overlay_alpha=&#8221;50&#8243; shift_x=&#8221;0&#8243; shift_y=&#8221;0&#8243; shift_y_down=&#8221;0&#8243; z_index=&#8221;0&#8243; medium_width=&#8221;3&#8243; mobile_width=&#8221;0&#8243; width=&#8221;1\/3&#8243; uncode_shortcode_id=&#8221;786652&#8243;][vc_custom_heading heading_semantic=&#8221;h3&#8243; text_size=&#8221;h4&#8243; uncode_shortcode_id=&#8221;158008&#8243;]Hozz\u00e1t\u00e1pl\u00e1l\u00e1s[\/vc_custom_heading][vc_column_text uncode_shortcode_id=&#8221;602131&#8243;]El\u00e9rkezett a hozz\u00e1t\u00e1pl\u00e1l\u00e1s id\u0151szaka. Ilyenkor az anyuk\u00e1k azon gondolkodnak, hogy mit, mikor \u00e9s hogyan adjanak el\u0151sz\u00f6r a gyermek\u00fcknek az asztalra. Az egyetlen, amiben nincs bizonytalans\u00e1g, hogy mib\u0151l is adj\u00e1k az \u00e9telt a kisbab\u00e1knak. A Familym m\u00e9lyt\u00e1ny\u00e9rja t\u00f6k\u00e9letes v\u00e1laszt\u00e1s a hozz\u00e1t\u00e1pl\u00e1l\u00e1s megkezd\u00e9sekor.[\/vc_column_text][\/vc_column][vc_column column_width_percent=&#8221;100&#8243; gutter_size=&#8221;2&#8243; overlay_alpha=&#8221;50&#8243; shift_x=&#8221;0&#8243; shift_y=&#8221;0&#8243; shift_y_down=&#8221;0&#8243; z_index=&#8221;0&#8243; medium_width=&#8221;3&#8243; mobile_width=&#8221;0&#8243; width=&#8221;1\/3&#8243; uncode_shortcode_id=&#8221;134867&#8243;][vc_custom_heading uncode_shortcode_id=&#8221;528276&#8243;]Kialak\u00edt\u00e1s[\/vc_custom_heading][vc_column_text uncode_shortcode_id=&#8221;127784&#8243;]Kialak\u00edt\u00e1s\u00e1ban f\u0151 szempontunk, hogy k\u00f6nny\u0171, egy k\u00e9zzel is biztons\u00e1ggal foghat\u00f3, tarthat\u00f3 term\u00e9ket hozzunk l\u00e9tre. A m\u00e9lyt\u00e1ny\u00e9r f\u00fcleit egyszer\u0171 megfogni, \u00edgy k\u00e9nyelmesen tarthat\u00f3 a sz\u00fcl\u0151 sz\u00e1m\u00e1ra. P\u00e9pek, p\u00fcr\u00e9k \u00e9s f\u0151zel\u00e9kek t\u00e1lal\u00e1s\u00e1ra kiv\u00e1l\u00f3an alkalmas, a k\u00e9s\u0151bbiekben pedig levesek is k\u00edn\u00e1lhat\u00f3ak benne.[\/vc_column_text][\/vc_column][vc_column column_width_percent=&#8221;100&#8243; gutter_size=&#8221;2&#8243; overlay_alpha=&#8221;50&#8243; shift_x=&#8221;0&#8243; shift_y=&#8221;0&#8243; shift_y_down=&#8221;0&#8243; z_index=&#8221;0&#8243; medium_width=&#8221;3&#8243; mobile_width=&#8221;0&#8243; width=&#8221;1\/3&#8243; uncode_shortcode_id=&#8221;211157&#8243;][vc_custom_heading heading_semantic=&#8221;h3&#8243; text_size=&#8221;h4&#8243; uncode_shortcode_id=&#8221;163124&#8243;]Mi\u00e9rt j\u00f3?[\/vc_custom_heading][vc_column_text uncode_shortcode_id=&#8221;104631&#8243;]<\/p>\n<ul>\n<li>\u2013 Haszn\u00e1lat\u00e1t 6 h\u00f3napos kort\u00f3l aj\u00e1nljuk<\/li>\n<li>\u2013 100%-ban term\u00e9szetes, n\u00f6v\u00e9nyi alap\u00fa<\/li>\n<li>\u2013 Mikr\u00f3zhat\u00f3<\/li>\n<li>\u2013 Mosogat\u00f3g\u00e9pben tiszt\u00edthat\u00f3<\/li>\n<li>\u2013 5 f\u00e9le sz\u00ednben el\u00e9rhet\u0151<\/li>\n<li>\u2013 BPA \u00e9s melamin mentes<\/li>\n<li>\u2013 \u0170rtartalma 300 ml<\/li>\n<li>\u2013 \u00c1tm\u00e9r\u0151je 15 cm<\/li>\n<\/ul>\n<p>[\/vc_column_text][\/vc_column][\/vc_row][vc_row unlock_row_content=&#8221;yes&#8221; row_height_percent=&#8221;0&#8243; override_padding=&#8221;yes&#8221; h_padding=&#8221;0&#8243; top_padding=&#8221;0&#8243; bottom_padding=&#8221;0&#8243; overlay_alpha=&#8221;50&#8243; gutter_size=&#8221;3&#8243; column_width_percent=&#8221;100&#8243; shift_y=&#8221;0&#8243; z_index=&#8221;0&#8243; uncode_shortcode_id=&#8221;202594&#8243;][vc_column column_width_percent=&#8221;100&#8243; gutter_size=&#8221;4&#8243; overlay_alpha=&#8221;50&#8243; shift_x=&#8221;0&#8243; shift_y=&#8221;0&#8243; shift_y_down=&#8221;0&#8243; z_index=&#8221;0&#8243; medium_width=&#8221;0&#8243; mobile_width=&#8221;0&#8243; width=&#8221;1\/1&#8243; uncode_shortcode_id=&#8221;835754&#8243;][vc_single_image media=&#8221;134022&#8243; media_width_percent=&#8221;100&#8243; alignment=&#8221;center&#8221; uncode_shortcode_id=&#8221;395975&#8243;][\/vc_column][\/vc_row]<\/p>\n<\/div>","protected":false},"excerpt":{"rendered":"<p>V\u00e1laszd t\u00e1rsadnak a Familym m\u00e9lyt\u00e1ny\u00e9rt a hozz\u00e1t\u00e1pl\u00e1l\u00e1s id\u0151szak\u00e1ban!<\/p>\n","protected":false},"featured_media":141758,"template":"","meta":[],"product_brand":[],"product_cat":[1590,1606,1878],"product_tag":[],"class_list":{"0":"post-141743","1":"product","2":"type-product","3":"status-publish","4":"has-post-thumbnail","6":"product_cat-babaszoba","7":"product_cat-familym-etkeszlet","8":"product_cat-osszes-termek","9":"product_shipping_class-konnyu","11":"first","12":"instock","13":"taxable","14":"shipping-taxable","15":"product-type-variable"},"yoast_head":"<!-- This site is optimized with the Yoast SEO plugin v27.3 - https:\/\/yoast.com\/product\/yoast-seo-wordpress\/ -->\n<title>Familym biom\u0171anyag baba m\u00e9lyt\u00e1ny\u00e9r - ADAMO Hammock<\/title>\n<meta name=\"robots\" content=\"index, follow, max-snippet:-1, max-image-preview:large, max-video-preview:-1\" \/>\n<link rel=\"canonical\" href=\"https:\/\/adamohammock.com\/termek\/familym-biomuanyag-baba-melytanyer\/\" \/>\n<meta property=\"og:locale\" content=\"en_US\" \/>\n<meta property=\"og:type\" content=\"article\" \/>\n<meta property=\"og:title\" content=\"Familym biom\u0171anyag baba m\u00e9lyt\u00e1ny\u00e9r - ADAMO Hammock\" \/>\n<meta property=\"og:description\" content=\"V\u00e1laszd t\u00e1rsadnak a Familym m\u00e9lyt\u00e1ny\u00e9rt a hozz\u00e1t\u00e1pl\u00e1l\u00e1s id\u0151szak\u00e1ban!\" \/>\n<meta property=\"og:url\" content=\"https:\/\/adamohammock.com\/termek\/familym-biomuanyag-baba-melytanyer\/\" \/>\n<meta property=\"og:site_name\" content=\"ADAMO Hammock\" \/>\n<meta property=\"article:modified_time\" content=\"2025-01-29T13:04:20+00:00\" \/>\n<meta property=\"og:image\" content=\"https:\/\/adamohammock.com\/wp-content\/uploads\/2025\/01\/baba_melytanyer_zold_3-600x600.jpg.webp\" \/>\n\t<meta property=\"og:image:width\" content=\"600\" \/>\n\t<meta property=\"og:image:height\" content=\"600\" \/>\n\t<meta property=\"og:image:type\" content=\"image\/webp\" \/>\n<meta name=\"twitter:card\" content=\"summary_large_image\" \/>\n<meta name=\"twitter:label1\" content=\"Est. reading time\" \/>\n\t<meta name=\"twitter:data1\" content=\"2 minutes\" \/>\n<script type=\"application\/ld+json\" class=\"yoast-schema-graph\">{\"@context\":\"https:\\\/\\\/schema.org\",\"@graph\":[{\"@type\":\"WebPage\",\"@id\":\"https:\\\/\\\/adamohammock.com\\\/termek\\\/familym-biomuanyag-baba-melytanyer\\\/\",\"url\":\"https:\\\/\\\/adamohammock.com\\\/termek\\\/familym-biomuanyag-baba-melytanyer\\\/\",\"name\":\"Familym biom\u0171anyag baba m\u00e9lyt\u00e1ny\u00e9r - ADAMO Hammock\",\"isPartOf\":{\"@id\":\"https:\\\/\\\/adamohammock.com\\\/#website\"},\"primaryImageOfPage\":{\"@id\":\"https:\\\/\\\/adamohammock.com\\\/termek\\\/familym-biomuanyag-baba-melytanyer\\\/#primaryimage\"},\"image\":{\"@id\":\"https:\\\/\\\/adamohammock.com\\\/termek\\\/familym-biomuanyag-baba-melytanyer\\\/#primaryimage\"},\"thumbnailUrl\":\"https:\\\/\\\/adamohammock.com\\\/wp-content\\\/uploads\\\/2025\\\/01\\\/baba_melytanyer_zold_3-600x600.jpg.webp\",\"datePublished\":\"2025-01-29T12:31:37+00:00\",\"dateModified\":\"2025-01-29T13:04:20+00:00\",\"breadcrumb\":{\"@id\":\"https:\\\/\\\/adamohammock.com\\\/termek\\\/familym-biomuanyag-baba-melytanyer\\\/#breadcrumb\"},\"inLanguage\":\"en-US\",\"potentialAction\":[{\"@type\":\"ReadAction\",\"target\":[\"https:\\\/\\\/adamohammock.com\\\/termek\\\/familym-biomuanyag-baba-melytanyer\\\/\"]}]},{\"@type\":\"ImageObject\",\"inLanguage\":\"en-US\",\"@id\":\"https:\\\/\\\/adamohammock.com\\\/termek\\\/familym-biomuanyag-baba-melytanyer\\\/#primaryimage\",\"url\":\"https:\\\/\\\/adamohammock.com\\\/wp-content\\\/uploads\\\/2025\\\/01\\\/baba_melytanyer_zold_3-600x600.jpg.webp\",\"contentUrl\":\"https:\\\/\\\/adamohammock.com\\\/wp-content\\\/uploads\\\/2025\\\/01\\\/baba_melytanyer_zold_3-600x600.jpg.webp\",\"width\":600,\"height\":600},{\"@type\":\"BreadcrumbList\",\"@id\":\"https:\\\/\\\/adamohammock.com\\\/termek\\\/familym-biomuanyag-baba-melytanyer\\\/#breadcrumb\",\"itemListElement\":[{\"@type\":\"ListItem\",\"position\":1,\"name\":\"Home\",\"item\":\"https:\\\/\\\/adamohammock.com\\\/en\\\/homepage\\\/\"},{\"@type\":\"ListItem\",\"position\":2,\"name\":\"Webshop\",\"item\":\"https:\\\/\\\/adamohammock.com\\\/en\\\/webshop-en\\\/\"},{\"@type\":\"ListItem\",\"position\":3,\"name\":\"Familym biom\u0171anyag baba m\u00e9lyt\u00e1ny\u00e9r\"}]},{\"@type\":\"WebSite\",\"@id\":\"https:\\\/\\\/adamohammock.com\\\/#website\",\"url\":\"https:\\\/\\\/adamohammock.com\\\/\",\"name\":\"ADAMO Hammock\",\"description\":\"Az eredeti ADAMO babahinta - Hivatalos webshop\",\"potentialAction\":[{\"@type\":\"SearchAction\",\"target\":{\"@type\":\"EntryPoint\",\"urlTemplate\":\"https:\\\/\\\/adamohammock.com\\\/?s={search_term_string}\"},\"query-input\":{\"@type\":\"PropertyValueSpecification\",\"valueRequired\":true,\"valueName\":\"search_term_string\"}}],\"inLanguage\":\"en-US\"}]}<\/script>\n<!-- \/ Yoast SEO plugin. -->","yoast_head_json":{"title":"Familym biom\u0171anyag baba m\u00e9lyt\u00e1ny\u00e9r - ADAMO Hammock","robots":{"index":"index","follow":"follow","max-snippet":"max-snippet:-1","max-image-preview":"max-image-preview:large","max-video-preview":"max-video-preview:-1"},"canonical":"https:\/\/adamohammock.com\/termek\/familym-biomuanyag-baba-melytanyer\/","og_locale":"en_US","og_type":"article","og_title":"Familym biom\u0171anyag baba m\u00e9lyt\u00e1ny\u00e9r - ADAMO Hammock","og_description":"V\u00e1laszd t\u00e1rsadnak a Familym m\u00e9lyt\u00e1ny\u00e9rt a hozz\u00e1t\u00e1pl\u00e1l\u00e1s id\u0151szak\u00e1ban!","og_url":"https:\/\/adamohammock.com\/termek\/familym-biomuanyag-baba-melytanyer\/","og_site_name":"ADAMO Hammock","article_modified_time":"2025-01-29T13:04:20+00:00","og_image":[{"width":600,"height":600,"url":"https:\/\/adamohammock.com\/wp-content\/uploads\/2025\/01\/baba_melytanyer_zold_3-600x600.jpg.webp","type":"image\/webp"}],"twitter_card":"summary_large_image","twitter_misc":{"Est. reading time":"2 minutes"},"schema":{"@context":"https:\/\/schema.org","@graph":[{"@type":"WebPage","@id":"https:\/\/adamohammock.com\/termek\/familym-biomuanyag-baba-melytanyer\/","url":"https:\/\/adamohammock.com\/termek\/familym-biomuanyag-baba-melytanyer\/","name":"Familym biom\u0171anyag baba m\u00e9lyt\u00e1ny\u00e9r - ADAMO Hammock","isPartOf":{"@id":"https:\/\/adamohammock.com\/#website"},"primaryImageOfPage":{"@id":"https:\/\/adamohammock.com\/termek\/familym-biomuanyag-baba-melytanyer\/#primaryimage"},"image":{"@id":"https:\/\/adamohammock.com\/termek\/familym-biomuanyag-baba-melytanyer\/#primaryimage"},"thumbnailUrl":"https:\/\/adamohammock.com\/wp-content\/uploads\/2025\/01\/baba_melytanyer_zold_3-600x600.jpg.webp","datePublished":"2025-01-29T12:31:37+00:00","dateModified":"2025-01-29T13:04:20+00:00","breadcrumb":{"@id":"https:\/\/adamohammock.com\/termek\/familym-biomuanyag-baba-melytanyer\/#breadcrumb"},"inLanguage":"en-US","potentialAction":[{"@type":"ReadAction","target":["https:\/\/adamohammock.com\/termek\/familym-biomuanyag-baba-melytanyer\/"]}]},{"@type":"ImageObject","inLanguage":"en-US","@id":"https:\/\/adamohammock.com\/termek\/familym-biomuanyag-baba-melytanyer\/#primaryimage","url":"https:\/\/adamohammock.com\/wp-content\/uploads\/2025\/01\/baba_melytanyer_zold_3-600x600.jpg.webp","contentUrl":"https:\/\/adamohammock.com\/wp-content\/uploads\/2025\/01\/baba_melytanyer_zold_3-600x600.jpg.webp","width":600,"height":600},{"@type":"BreadcrumbList","@id":"https:\/\/adamohammock.com\/termek\/familym-biomuanyag-baba-melytanyer\/#breadcrumb","itemListElement":[{"@type":"ListItem","position":1,"name":"Home","item":"https:\/\/adamohammock.com\/en\/homepage\/"},{"@type":"ListItem","position":2,"name":"Webshop","item":"https:\/\/adamohammock.com\/en\/webshop-en\/"},{"@type":"ListItem","position":3,"name":"Familym biom\u0171anyag baba m\u00e9lyt\u00e1ny\u00e9r"}]},{"@type":"WebSite","@id":"https:\/\/adamohammock.com\/#website","url":"https:\/\/adamohammock.com\/","name":"ADAMO Hammock","description":"Az eredeti ADAMO babahinta - Hivatalos webshop","potentialAction":[{"@type":"SearchAction","target":{"@type":"EntryPoint","urlTemplate":"https:\/\/adamohammock.com\/?s={search_term_string}"},"query-input":{"@type":"PropertyValueSpecification","valueRequired":true,"valueName":"search_term_string"}}],"inLanguage":"en-US"}]}},"_links":{"self":[{"href":"https:\/\/adamohammock.com\/en\/wp-json\/wp\/v2\/product\/141743","targetHints":{"allow":["GET"]}}],"collection":[{"href":"https:\/\/adamohammock.com\/en\/wp-json\/wp\/v2\/product"}],"about":[{"href":"https:\/\/adamohammock.com\/en\/wp-json\/wp\/v2\/types\/product"}],"wp:featuredmedia":[{"embeddable":true,"href":"https:\/\/adamohammock.com\/en\/wp-json\/wp\/v2\/media\/141758"}],"wp:attachment":[{"href":"https:\/\/adamohammock.com\/en\/wp-json\/wp\/v2\/media?parent=141743"}],"wp:term":[{"taxonomy":"product_brand","embeddable":true,"href":"https:\/\/adamohammock.com\/en\/wp-json\/wp\/v2\/product_brand?post=141743"},{"taxonomy":"product_cat","embeddable":true,"href":"https:\/\/adamohammock.com\/en\/wp-json\/wp\/v2\/product_cat?post=141743"},{"taxonomy":"product_tag","embeddable":true,"href":"https:\/\/adamohammock.com\/en\/wp-json\/wp\/v2\/product_tag?post=141743"}],"curies":[{"name":"wp","href":"https:\/\/api.w.org\/{rel}","templated":true}]}}