{"id":141905,"date":"2025-02-13T12:14:23","date_gmt":"2025-02-13T11:14:23","guid":{"rendered":"https:\/\/adamohammock.com\/?post_type=product&#038;p=141905"},"modified":"2025-03-05T15:31:10","modified_gmt":"2025-03-05T14:31:10","slug":"adamo-baby-hammock-stand-masolat","status":"publish","type":"product","link":"https:\/\/adamohammock.com\/en\/termek\/adamo-baby-hammock-stand-masolat\/","title":{"rendered":"Adamo hammock stand SALE"},"content":{"rendered":"<div class=\"wpb-content-wrapper\"><p>[vc_row unlock_row_content=&#8221;yes&#8221; row_height_percent=&#8221;0&#8243; override_padding=&#8221;yes&#8221; h_padding=&#8221;0&#8243; top_padding=&#8221;0&#8243; bottom_padding=&#8221;0&#8243; overlay_alpha=&#8221;50&#8243; gutter_size=&#8221;3&#8243; column_width_percent=&#8221;100&#8243; shift_y=&#8221;0&#8243; z_index=&#8221;0&#8243; uncode_shortcode_id=&#8221;206693&#8243;][vc_column column_width_percent=&#8221;100&#8243; gutter_size=&#8221;3&#8243; overlay_alpha=&#8221;50&#8243; shift_x=&#8221;0&#8243; shift_y=&#8221;0&#8243; shift_y_down=&#8221;0&#8243; z_index=&#8221;0&#8243; medium_width=&#8221;3&#8243; mobile_width=&#8221;3&#8243; width=&#8221;1\/3&#8243; uncode_shortcode_id=&#8221;200953&#8243;][vc_single_image media=&#8221;132004&#8243; media_width_percent=&#8221;100&#8243; media_ratio=&#8221;four-five&#8221; uncode_shortcode_id=&#8221;815096&#8243;][\/vc_column][vc_column column_width_percent=&#8221;100&#8243; gutter_size=&#8221;3&#8243; overlay_alpha=&#8221;50&#8243; shift_x=&#8221;0&#8243; shift_y=&#8221;0&#8243; shift_y_down=&#8221;0&#8243; z_index=&#8221;0&#8243; medium_width=&#8221;3&#8243; mobile_width=&#8221;3&#8243; width=&#8221;1\/3&#8243; uncode_shortcode_id=&#8221;328276&#8243;][vc_single_image media=&#8221;131915&#8243; media_width_percent=&#8221;100&#8243; media_ratio=&#8221;four-five&#8221; uncode_shortcode_id=&#8221;138120&#8243;][\/vc_column][vc_column width=&#8221;1\/3&#8243;][vc_single_image media=&#8221;131913&#8243; media_width_percent=&#8221;100&#8243; media_ratio=&#8221;four-five&#8221; uncode_shortcode_id=&#8221;103021&#8243;][\/vc_column][\/vc_row][vc_row row_height_percent=&#8221;0&#8243; override_padding=&#8221;yes&#8221; h_padding=&#8221;2&#8243; top_padding=&#8221;4&#8243; bottom_padding=&#8221;4&#8243; overlay_alpha=&#8221;50&#8243; gutter_size=&#8221;4&#8243; column_width_percent=&#8221;100&#8243; shift_y=&#8221;0&#8243; z_index=&#8221;0&#8243; uncode_shortcode_id=&#8221;192933&#8243;][vc_column column_width_percent=&#8221;100&#8243; gutter_size=&#8221;2&#8243; overlay_alpha=&#8221;50&#8243; shift_x=&#8221;0&#8243; shift_y=&#8221;0&#8243; shift_y_down=&#8221;0&#8243; z_index=&#8221;0&#8243; medium_width=&#8221;3&#8243; mobile_width=&#8221;0&#8243; width=&#8221;1\/3&#8243; uncode_shortcode_id=&#8221;786652&#8243;][vc_custom_heading heading_semantic=&#8221;h3&#8243; text_size=&#8221;h4&#8243; uncode_shortcode_id=&#8221;109937&#8243;]When is the stand good?[\/vc_custom_heading][vc_column_text uncode_shortcode_id=&#8221;437844&#8243;]Often, mounting the baby swing to the ceiling is not possible due to the design of our home or the ceiling&#8217;s material structure. That\u2019s why new parents need an alternative solution. <\/p>\n<p>We should never deprive our little one of the opportunities that swinging offers, as the ADAMO baby swing stand provides a perfectly safe solution during use.[\/vc_column_text][vc_empty_space empty_h=&#8221;3&#8243;][vc_custom_heading heading_semantic=&#8221;h3&#8243; text_size=&#8221;h4&#8243; uncode_shortcode_id=&#8221;167663&#8243;]Practical and safe design[\/vc_custom_heading][vc_column_text uncode_shortcode_id=&#8221;371928&#8243;]The ADAMO baby hammock stand is designed to match the original Adamo baby hammock, so we have taken care to ensure <strong>the correct and safe hanging height,<\/strong> the unique curvature of the support element to ensure the swing is bump-free during play and early development. Its use is a practical and safe alternative to ceiling mounting during the crib phase.[\/vc_column_text][\/vc_column][vc_column column_width_percent=&#8221;100&#8243; gutter_size=&#8221;2&#8243; overlay_alpha=&#8221;50&#8243; shift_x=&#8221;0&#8243; shift_y=&#8221;0&#8243; shift_y_down=&#8221;0&#8243; z_index=&#8221;0&#8243; medium_width=&#8221;3&#8243; mobile_width=&#8221;0&#8243; width=&#8221;1\/3&#8243; uncode_shortcode_id=&#8221;134867&#8243;][vc_custom_heading heading_semantic=&#8221;h3&#8243; text_size=&#8221;h4&#8243; uncode_shortcode_id=&#8221;683797&#8243;]How long can it be used?[\/vc_custom_heading][vc_column_text uncode_shortcode_id=&#8221;120116&#8243;]The baby hammock stand can only be used <strong>with an Adamo baby hammock<\/strong> and a <strong>0-10 kg spring<\/strong>!<\/p>\n<p>Since we are talking about an indoor, ground-unattached stand, it can be used up to a <strong>maximum of 10 kg<\/strong> or until <strong>the baby can swing itself<\/strong>.[\/vc_column_text][vc_empty_space empty_h=&#8221;4&#8243;][vc_custom_heading heading_semantic=&#8221;h3&#8243; text_size=&#8221;h4&#8243; uncode_shortcode_id=&#8221;148197&#8243;]Unique design[\/vc_custom_heading][vc_column_text uncode_shortcode_id=&#8221;181256&#8243;]When designing our baby hammock stand, we placed great emphasis on <strong>safety<\/strong> while also ensuring that it could be a stylish piece of furniture in our home. Because we believe that safety, <strong>practicality<\/strong>, and <strong>beauty<\/strong> can go hand in hand![\/vc_column_text][\/vc_column][\/vc_row][vc_row unlock_row_content=&#8221;yes&#8221; row_height_percent=&#8221;0&#8243; override_padding=&#8221;yes&#8221; h_padding=&#8221;0&#8243; top_padding=&#8221;0&#8243; bottom_padding=&#8221;0&#8243; overlay_alpha=&#8221;50&#8243; gutter_size=&#8221;3&#8243; column_width_percent=&#8221;100&#8243; shift_y=&#8221;0&#8243; z_index=&#8221;0&#8243; uncode_shortcode_id=&#8221;202594&#8243;][vc_column column_width_percent=&#8221;100&#8243; gutter_size=&#8221;4&#8243; overlay_alpha=&#8221;50&#8243; shift_x=&#8221;0&#8243; shift_y=&#8221;0&#8243; shift_y_down=&#8221;0&#8243; z_index=&#8221;0&#8243; medium_width=&#8221;0&#8243; mobile_width=&#8221;0&#8243; width=&#8221;1\/1&#8243; uncode_shortcode_id=&#8221;835754&#8243;][vc_single_image media=&#8221;132005&#8243; media_width_percent=&#8221;100&#8243; alignment=&#8221;center&#8221; uncode_shortcode_id=&#8221;534667&#8243;][\/vc_column][\/vc_row][vc_row row_height_percent=&#8221;0&#8243; override_padding=&#8221;yes&#8221; h_padding=&#8221;0&#8243; top_padding=&#8221;2&#8243; bottom_padding=&#8221;2&#8243; overlay_alpha=&#8221;0&#8243; gutter_size=&#8221;100&#8243; column_width_percent=&#8221;100&#8243; shift_y=&#8221;0&#8243; z_index=&#8221;0&#8243; style=&#8221;inherited&#8221; uncode_shortcode_id=&#8221;126973&#8243;][vc_column column_width_percent=&#8221;100&#8243; align_horizontal=&#8221;align_center&#8221; gutter_size=&#8221;4&#8243; overlay_alpha=&#8221;100&#8243; shift_x=&#8221;0&#8243; shift_y=&#8221;0&#8243; shift_y_down=&#8221;0&#8243; z_index=&#8221;0&#8243; medium_width=&#8221;0&#8243; mobile_width=&#8221;0&#8243; zoom_width=&#8221;0&#8243; zoom_height=&#8221;0&#8243; width=&#8221;1\/1&#8243; uncode_shortcode_id=&#8221;284946&#8243;][vc_row_inner row_inner_height_percent=&#8221;0&#8243; overlay_alpha=&#8221;100&#8243; gutter_size=&#8221;4&#8243; shift_y=&#8221;0&#8243;][vc_column_inner column_width_percent=&#8221;100&#8243; align_horizontal=&#8221;align_center&#8221; gutter_size=&#8221;3&#8243; overlay_alpha=&#8221;100&#8243; shift_x=&#8221;0&#8243; shift_y=&#8221;0&#8243; shift_y_down=&#8221;0&#8243; z_index=&#8221;0&#8243; medium_width=&#8221;3&#8243; mobile_width=&#8221;0&#8243; zoom_width=&#8221;0&#8243; zoom_height=&#8221;0&#8243; width=&#8221;1\/2&#8243;][vc_icon icon=&#8221;fa fa-download5&#8243; size=&#8221;fa-3x&#8221; text_size=&#8221;h4&#8243; align=&#8221;left&#8221; title=&#8221;User guide&#8221; uncode_shortcode_id=&#8221;102501&#8243;][\/vc_icon][vc_button border_width=&#8221;0&#8243; uncode_shortcode_id=&#8221;105772&#8243; link=&#8221;url:http%3A%2F%2Fadamohammock.com%2Fwp-content%2Fuploads%2F2024%2F01%2FAdamo-hintaallvany-osszeszerelesi-es-hasznalati-utmutato.pdf|target:_blank|&#8221;]Download[\/vc_button][\/vc_column_inner][\/vc_row_inner][\/vc_column][\/vc_row][vc_row][vc_column width=&#8221;1\/1&#8243;][vc_column_text uncode_shortcode_id=&#8221;675127&#8243;]<\/p>\n<h5>Baby hammock stand &#8211; The original ADAMO baby hammock stand<\/h5>\n<p>One of the most successful accessories for Adamo baby swings is the Adamo baby swing stand.<\/p>\n<p>At Adamo, we are committed to ensuring that all our baby swing accessories represent the highest quality. This is no different for our baby swing stand, which has been specifically designed for the original Adamo baby swings. <\/p>\n<h5>Why is the Adamo baby hammock stand useful?<\/h5>\n<p>Often, mounting the baby swing to the ceiling is not possible due to the design of our home or the ceiling&#8217;s material structure. That\u2019s why new parents need an alternative solution. <\/p>\n<p>We should never deprive our little one of the opportunities that swinging offers, as the ADAMO baby swing stand provides a perfectly safe solution during use.<\/p>\n<h5>Can our baby use the baby hammock stand in the long term?<\/h5>\n<p>Since we are talking about an indoor, ground-unfixed stand, the stand can be used until the baby starts swinging themselves!<\/p>\n<h5>Practical and safe design:<\/h5>\n<p>The ADAMO baby hammock stand is designed to match the original Adamo baby hammock, so we have taken care to ensure the correct and safe hanging height, the unique curvature of the support element to ensure the swing is bump-free during play and early development. Haszn\u00e1lata \u00edgy praktikus \u00e9s biztons\u00e1gos alternat\u00edv\u00e1ja a mennyezeti felf\u00fcggeszt\u00e9snek a b\u00f6lcs\u0151s id\u0151szakra. Az Adamo babahint\u00e1k haszn\u00e1lata, k\u00f6zel 20 \u00e9ves m\u00faltra tekint vissza, hosszas tesztel\u00e9sek \u00e9s fejleszt\u00e9sek \u00e1llnak m\u00f6g\u00f6tte, mind a biztons\u00e1g \u00e9s a praktikum tekintet\u00e9ben. <\/p>\n<h5>Not only practical, but also beautiful:<\/h5>\n<p>During the design of our baby hammock stand, we placed great emphasis on safety while also ensuring that it could be a stylish piece of furniture in our home. Because we believe that safety, practicality, and beauty can go hand in hand! <\/p>\n<table border=\"0\" width=\"801\" cellspacing=\"0\" cellpadding=\"0\">\n<colgroup>\n<col width=\"801\"><\/colgroup>\n<tbody>\n<tr>\n<td class=\"xl65\" width=\"801\" height=\"45\"><a href=\"https:\/\/adamohammock.com\/adamo\/hintarugo\/\" target=\"_blank\" rel=\"noopener\">You too can choose the ADAMO baby hammock stand. Remember, the baby swing stand can only be used with the baby swing spring. We recommend using only original accessories and parts! (As the tests were conducted with these.)  <\/a><\/td>\n<\/tr>\n<\/tbody>\n<\/table>\n<p>[\/vc_column_text][\/vc_column][\/vc_row]<\/p>\n<\/div>","protected":false},"excerpt":{"rendered":"<p><strong>A discounted piece of the ORIGIANAL ADAMO Hammock stand!<\/strong><\/p>\n<p><mark><mark>Paint defects and minor scratches can be found on it!<\/mark><\/mark><mark><\/mark><\/p>\n<p>At Adamo, we are committed to ensuring that all our baby swing accessories represent the highest quality. This is no different for our baby swing stand, which has been specifically designed for the original Adamo baby swings. <\/p>\n<p>Assembled parameters<\/p>\n<ul>\n<li>width 108 cm,<\/li>\n<li>depth 120 cm,<\/li>\n<li>height 195 cm<\/li>\n<\/ul>\n","protected":false},"featured_media":139244,"template":"","meta":[],"product_brand":[],"product_cat":[2544,2542],"product_tag":[],"class_list":{"0":"post-141905","1":"product","2":"type-product","3":"status-publish","4":"has-post-thumbnail","6":"product_cat-all-products","7":"product_cat-sale-en","8":"product_shipping_class-class-e","10":"first","11":"outofstock","12":"sale","13":"taxable","14":"shipping-taxable","15":"purchasable","16":"product-type-simple"},"yoast_head":"<!-- This site is optimized with the Yoast SEO plugin v27.3 - https:\/\/yoast.com\/product\/yoast-seo-wordpress\/ -->\n<title>Baby hammock stand - ADAMO hammock stand<\/title>\n<meta name=\"description\" content=\"The ADAMO baby hammock stand is designed to match the original Adamo baby hammock, so we have taken care to ensure the correct and safe hanging height, the unique curvature of the support element to ensure the swing is bump-free during play and early development.\" \/>\n<meta name=\"robots\" content=\"index, follow, max-snippet:-1, max-image-preview:large, max-video-preview:-1\" \/>\n<link rel=\"canonical\" href=\"https:\/\/adamohammock.com\/en\/termek\/adamo-baby-hammock-stand-masolat\/\" \/>\n<meta property=\"og:locale\" content=\"en_US\" \/>\n<meta property=\"og:type\" content=\"article\" \/>\n<meta property=\"og:title\" content=\"Baby hammock stand - ADAMO hammock stand\" \/>\n<meta property=\"og:description\" content=\"The ADAMO baby hammock stand is designed to match the original Adamo baby hammock, so we have taken care to ensure the correct and safe hanging height, the unique curvature of the support element to ensure the swing is bump-free during play and early development.\" \/>\n<meta property=\"og:url\" content=\"https:\/\/adamohammock.com\/en\/termek\/adamo-baby-hammock-stand-masolat\/\" \/>\n<meta property=\"og:site_name\" content=\"ADAMO Hammock\" \/>\n<meta property=\"article:modified_time\" content=\"2025-03-05T14:31:10+00:00\" \/>\n<meta property=\"og:image\" content=\"https:\/\/adamohammock.com\/wp-content\/uploads\/2024\/01\/allvany-bent-.jpg\" \/>\n\t<meta property=\"og:image:width\" content=\"1024\" \/>\n\t<meta property=\"og:image:height\" content=\"683\" \/>\n\t<meta property=\"og:image:type\" content=\"image\/jpeg\" \/>\n<meta name=\"twitter:card\" content=\"summary_large_image\" \/>\n<meta name=\"twitter:label1\" content=\"Est. reading time\" \/>\n\t<meta name=\"twitter:data1\" content=\"5 minutes\" \/>\n<script type=\"application\/ld+json\" class=\"yoast-schema-graph\">{\"@context\":\"https:\\\/\\\/schema.org\",\"@graph\":[{\"@type\":\"WebPage\",\"@id\":\"https:\\\/\\\/adamohammock.com\\\/en\\\/termek\\\/adamo-baby-hammock-stand-masolat\\\/\",\"url\":\"https:\\\/\\\/adamohammock.com\\\/en\\\/termek\\\/adamo-baby-hammock-stand-masolat\\\/\",\"name\":\"Baby hammock stand - ADAMO hammock stand\",\"isPartOf\":{\"@id\":\"https:\\\/\\\/adamohammock.com\\\/#website\"},\"primaryImageOfPage\":{\"@id\":\"https:\\\/\\\/adamohammock.com\\\/en\\\/termek\\\/adamo-baby-hammock-stand-masolat\\\/#primaryimage\"},\"image\":{\"@id\":\"https:\\\/\\\/adamohammock.com\\\/en\\\/termek\\\/adamo-baby-hammock-stand-masolat\\\/#primaryimage\"},\"thumbnailUrl\":\"https:\\\/\\\/adamohammock.com\\\/wp-content\\\/uploads\\\/2024\\\/01\\\/allvany-bent-.jpg\",\"datePublished\":\"2025-02-13T11:14:23+00:00\",\"dateModified\":\"2025-03-05T14:31:10+00:00\",\"description\":\"The ADAMO baby hammock stand is designed to match the original Adamo baby hammock, so we have taken care to ensure the correct and safe hanging height, the unique curvature of the support element to ensure the swing is bump-free during play and early development.\",\"breadcrumb\":{\"@id\":\"https:\\\/\\\/adamohammock.com\\\/en\\\/termek\\\/adamo-baby-hammock-stand-masolat\\\/#breadcrumb\"},\"inLanguage\":\"en-US\",\"potentialAction\":[{\"@type\":\"ReadAction\",\"target\":[\"https:\\\/\\\/adamohammock.com\\\/en\\\/termek\\\/adamo-baby-hammock-stand-masolat\\\/\"]}]},{\"@type\":\"ImageObject\",\"inLanguage\":\"en-US\",\"@id\":\"https:\\\/\\\/adamohammock.com\\\/en\\\/termek\\\/adamo-baby-hammock-stand-masolat\\\/#primaryimage\",\"url\":\"https:\\\/\\\/adamohammock.com\\\/wp-content\\\/uploads\\\/2024\\\/01\\\/allvany-bent-.jpg\",\"contentUrl\":\"https:\\\/\\\/adamohammock.com\\\/wp-content\\\/uploads\\\/2024\\\/01\\\/allvany-bent-.jpg\",\"width\":1024,\"height\":683},{\"@type\":\"BreadcrumbList\",\"@id\":\"https:\\\/\\\/adamohammock.com\\\/en\\\/termek\\\/adamo-baby-hammock-stand-masolat\\\/#breadcrumb\",\"itemListElement\":[{\"@type\":\"ListItem\",\"position\":1,\"name\":\"Home\",\"item\":\"https:\\\/\\\/adamohammock.com\\\/en\\\/homepage\\\/\"},{\"@type\":\"ListItem\",\"position\":2,\"name\":\"Webshop\",\"item\":\"https:\\\/\\\/adamohammock.com\\\/en\\\/webshop-en\\\/\"},{\"@type\":\"ListItem\",\"position\":3,\"name\":\"Adamo hammock stand SALE\"}]},{\"@type\":\"WebSite\",\"@id\":\"https:\\\/\\\/adamohammock.com\\\/#website\",\"url\":\"https:\\\/\\\/adamohammock.com\\\/\",\"name\":\"ADAMO Hammock\",\"description\":\"Az eredeti ADAMO babahinta - Hivatalos webshop\",\"potentialAction\":[{\"@type\":\"SearchAction\",\"target\":{\"@type\":\"EntryPoint\",\"urlTemplate\":\"https:\\\/\\\/adamohammock.com\\\/?s={search_term_string}\"},\"query-input\":{\"@type\":\"PropertyValueSpecification\",\"valueRequired\":true,\"valueName\":\"search_term_string\"}}],\"inLanguage\":\"en-US\"}]}<\/script>\n<!-- \/ Yoast SEO plugin. -->","yoast_head_json":{"title":"Baby hammock stand - ADAMO hammock stand","description":"The ADAMO baby hammock stand is designed to match the original Adamo baby hammock, so we have taken care to ensure the correct and safe hanging height, the unique curvature of the support element to ensure the swing is bump-free during play and early development.","robots":{"index":"index","follow":"follow","max-snippet":"max-snippet:-1","max-image-preview":"max-image-preview:large","max-video-preview":"max-video-preview:-1"},"canonical":"https:\/\/adamohammock.com\/en\/termek\/adamo-baby-hammock-stand-masolat\/","og_locale":"en_US","og_type":"article","og_title":"Baby hammock stand - ADAMO hammock stand","og_description":"The ADAMO baby hammock stand is designed to match the original Adamo baby hammock, so we have taken care to ensure the correct and safe hanging height, the unique curvature of the support element to ensure the swing is bump-free during play and early development.","og_url":"https:\/\/adamohammock.com\/en\/termek\/adamo-baby-hammock-stand-masolat\/","og_site_name":"ADAMO Hammock","article_modified_time":"2025-03-05T14:31:10+00:00","og_image":[{"width":1024,"height":683,"url":"https:\/\/adamohammock.com\/wp-content\/uploads\/2024\/01\/allvany-bent-.jpg","type":"image\/jpeg"}],"twitter_card":"summary_large_image","twitter_misc":{"Est. reading time":"5 minutes"},"schema":{"@context":"https:\/\/schema.org","@graph":[{"@type":"WebPage","@id":"https:\/\/adamohammock.com\/en\/termek\/adamo-baby-hammock-stand-masolat\/","url":"https:\/\/adamohammock.com\/en\/termek\/adamo-baby-hammock-stand-masolat\/","name":"Baby hammock stand - ADAMO hammock stand","isPartOf":{"@id":"https:\/\/adamohammock.com\/#website"},"primaryImageOfPage":{"@id":"https:\/\/adamohammock.com\/en\/termek\/adamo-baby-hammock-stand-masolat\/#primaryimage"},"image":{"@id":"https:\/\/adamohammock.com\/en\/termek\/adamo-baby-hammock-stand-masolat\/#primaryimage"},"thumbnailUrl":"https:\/\/adamohammock.com\/wp-content\/uploads\/2024\/01\/allvany-bent-.jpg","datePublished":"2025-02-13T11:14:23+00:00","dateModified":"2025-03-05T14:31:10+00:00","description":"The ADAMO baby hammock stand is designed to match the original Adamo baby hammock, so we have taken care to ensure the correct and safe hanging height, the unique curvature of the support element to ensure the swing is bump-free during play and early development.","breadcrumb":{"@id":"https:\/\/adamohammock.com\/en\/termek\/adamo-baby-hammock-stand-masolat\/#breadcrumb"},"inLanguage":"en-US","potentialAction":[{"@type":"ReadAction","target":["https:\/\/adamohammock.com\/en\/termek\/adamo-baby-hammock-stand-masolat\/"]}]},{"@type":"ImageObject","inLanguage":"en-US","@id":"https:\/\/adamohammock.com\/en\/termek\/adamo-baby-hammock-stand-masolat\/#primaryimage","url":"https:\/\/adamohammock.com\/wp-content\/uploads\/2024\/01\/allvany-bent-.jpg","contentUrl":"https:\/\/adamohammock.com\/wp-content\/uploads\/2024\/01\/allvany-bent-.jpg","width":1024,"height":683},{"@type":"BreadcrumbList","@id":"https:\/\/adamohammock.com\/en\/termek\/adamo-baby-hammock-stand-masolat\/#breadcrumb","itemListElement":[{"@type":"ListItem","position":1,"name":"Home","item":"https:\/\/adamohammock.com\/en\/homepage\/"},{"@type":"ListItem","position":2,"name":"Webshop","item":"https:\/\/adamohammock.com\/en\/webshop-en\/"},{"@type":"ListItem","position":3,"name":"Adamo hammock stand SALE"}]},{"@type":"WebSite","@id":"https:\/\/adamohammock.com\/#website","url":"https:\/\/adamohammock.com\/","name":"ADAMO Hammock","description":"Az eredeti ADAMO babahinta - Hivatalos webshop","potentialAction":[{"@type":"SearchAction","target":{"@type":"EntryPoint","urlTemplate":"https:\/\/adamohammock.com\/?s={search_term_string}"},"query-input":{"@type":"PropertyValueSpecification","valueRequired":true,"valueName":"search_term_string"}}],"inLanguage":"en-US"}]}},"_links":{"self":[{"href":"https:\/\/adamohammock.com\/en\/wp-json\/wp\/v2\/product\/141905","targetHints":{"allow":["GET"]}}],"collection":[{"href":"https:\/\/adamohammock.com\/en\/wp-json\/wp\/v2\/product"}],"about":[{"href":"https:\/\/adamohammock.com\/en\/wp-json\/wp\/v2\/types\/product"}],"wp:featuredmedia":[{"embeddable":true,"href":"https:\/\/adamohammock.com\/en\/wp-json\/wp\/v2\/media\/139244"}],"wp:attachment":[{"href":"https:\/\/adamohammock.com\/en\/wp-json\/wp\/v2\/media?parent=141905"}],"wp:term":[{"taxonomy":"product_brand","embeddable":true,"href":"https:\/\/adamohammock.com\/en\/wp-json\/wp\/v2\/product_brand?post=141905"},{"taxonomy":"product_cat","embeddable":true,"href":"https:\/\/adamohammock.com\/en\/wp-json\/wp\/v2\/product_cat?post=141905"},{"taxonomy":"product_tag","embeddable":true,"href":"https:\/\/adamohammock.com\/en\/wp-json\/wp\/v2\/product_tag?post=141905"}],"curies":[{"name":"wp","href":"https:\/\/api.w.org\/{rel}","templated":true}]}}